{"id":8157,"date":"2019-09-06T06:10:22","date_gmt":"2019-09-06T04:10:22","guid":{"rendered":"https:\/\/www.rgequip.com\/?post_type=product&#038;p=8157"},"modified":"2019-09-06T06:10:42","modified_gmt":"2019-09-06T04:10:42","slug":"armoire-negative-porte-vitree-400l","status":"publish","type":"product","link":"https:\/\/www.rgequip.com\/?product=armoire-negative-porte-vitree-400l","title":{"rendered":"Armoire n\u00e9gative porte vitr\u00e9e 400L"},"content":{"rendered":"<p class=\"short-description-name\">Cong\u00e9lateur vertical<\/p>\n<div id=\"description\">\n<ul>\n<li>Porte vitr\u00e9e chauffante<\/li>\n<li>\u00c9clairage int\u00e9rieur \u00e0 LED<\/li>\n<li>Thermostat \u00e9lectronique<\/li>\n<li>Fermer \u00e0 cl\u00e9<\/li>\n<li>Armoire en acier inoxydable<\/li>\n<li>De m\u00eame, \u00e9tag\u00e8res de cong\u00e9lation fixes<\/li>\n<li>Enfin, pieds r\u00e9glables<\/li>\n<\/ul>\n<\/div>\n<div class=\"designimages\">\n<div class=\"image-thumbnail\"><img decoding=\"async\" title=\"UF400SG-P\" src=\"https:\/\/api.tefcold.com\/Perfion\/Image.aspx?id=8F026C54-B78A-4652-8ACE-8886EED55B7E&amp;size=120x120&amp;format=png&amp;fit=fit\" alt=\"UF400SG-P\" \/><img decoding=\"async\" title=\"UF400SG-P\" src=\"https:\/\/api.tefcold.com\/Perfion\/Image.aspx?id=8918B93D-A1AC-45BF-9CC2-D4B7D5664D74&amp;size=120x120&amp;format=png&amp;fit=fit\" alt=\"UF400SG-P\" \/><\/div>\n<\/div>\n","protected":false},"excerpt":{"rendered":"<p>Cong\u00e9lateur vertical Porte vitr\u00e9e chauffante \u00c9clairage int\u00e9rieur \u00e0 LED Thermostat \u00e9lectronique Fermer \u00e0 cl\u00e9 Armoire en acier inoxydable De m\u00eame,<\/p>\n","protected":false},"featured_media":8158,"comment_status":"open","ping_status":"closed","template":"","meta":[],"product_brand":[],"product_cat":[268,277,269],"product_tag":[],"class_list":{"0":"post-8157","1":"product","2":"type-product","3":"status-publish","4":"has-post-thumbnail","6":"product_cat-froids","7":"product_cat-a-negatives","8":"product_cat-armoires","10":"first","11":"instock","12":"shipping-taxable","13":"product-type-simple"},"_links":{"self":[{"href":"https:\/\/www.rgequip.com\/index.php?rest_route=\/wp\/v2\/product\/8157","targetHints":{"allow":["GET"]}}],"collection":[{"href":"https:\/\/www.rgequip.com\/index.php?rest_route=\/wp\/v2\/product"}],"about":[{"href":"https:\/\/www.rgequip.com\/index.php?rest_route=\/wp\/v2\/types\/product"}],"replies":[{"embeddable":true,"href":"https:\/\/www.rgequip.com\/index.php?rest_route=%2Fwp%2Fv2%2Fcomments&post=8157"}],"version-history":[{"count":0,"href":"https:\/\/www.rgequip.com\/index.php?rest_route=\/wp\/v2\/product\/8157\/revisions"}],"wp:featuredmedia":[{"embeddable":true,"href":"https:\/\/www.rgequip.com\/index.php?rest_route=\/wp\/v2\/media\/8158"}],"wp:attachment":[{"href":"https:\/\/www.rgequip.com\/index.php?rest_route=%2Fwp%2Fv2%2Fmedia&parent=8157"}],"wp:term":[{"taxonomy":"product_brand","embeddable":true,"href":"https:\/\/www.rgequip.com\/index.php?rest_route=%2Fwp%2Fv2%2Fproduct_brand&post=8157"},{"taxonomy":"product_cat","embeddable":true,"href":"https:\/\/www.rgequip.com\/index.php?rest_route=%2Fwp%2Fv2%2Fproduct_cat&post=8157"},{"taxonomy":"product_tag","embeddable":true,"href":"https:\/\/www.rgequip.com\/index.php?rest_route=%2Fwp%2Fv2%2Fproduct_tag&post=8157"}],"curies":[{"name":"wp","href":"https:\/\/api.w.org\/{rel}","templated":true}]}}