{"id":8153,"date":"2019-09-06T05:50:02","date_gmt":"2019-09-06T03:50:02","guid":{"rendered":"https:\/\/www.rgequip.com\/?post_type=product&#038;p=8153"},"modified":"2019-09-06T05:50:03","modified_gmt":"2019-09-06T03:50:03","slug":"self-distributeur-de-couvert-et-pains","status":"publish","type":"product","link":"https:\/\/www.rgequip.com\/?product=self-distributeur-de-couvert-et-pains","title":{"rendered":"Self Distributeur de couvert et pains"},"content":{"rendered":"<div class=\"product-detail\">\n<p><span class=\"product-description-js\">Design et personnalisation.<br \/>\nLigne de produits pour h\u00f4tels et caf\u00e9t\u00e9rias avec des finitions tr\u00e8s soign\u00e9es dans la version standard et de nombreuses possibilit\u00e9s de personnalisation.<br \/>\n<\/span><\/p>\n<ul>\n<li><span>Ext\u00e9rieur et int\u00e9rieur en acier inoxydable AISI 304. &#8211; Le mobilier en angle permet de former des angles internes et externes de 90\u00ba et 45\u00ba.<\/span><\/li>\n<li><span>Adapt\u00e9 pour coupler deux \u00e9l\u00e9ments dispos\u00e9s en angle en maintenant la continuit\u00e9 du porte-plateau.<\/span><\/li>\n<li><span>Coffret con\u00e7u pour supporter et installer une caisse enregistreuse, \u00e9quip\u00e9 d&#8217;un tiroir de support.\u00a0Deux mod\u00e8les, coffret droit ou gauche.<\/span><\/li>\n<li><span>Aussi, \u00e9l\u00e9ments de distribution, distributeurs de plateaux, couverts, verres, paniers de verres, pain, etc.\u00a0<\/span><\/li>\n<li><span>De m\u00eame, d0istributeur d&#8217;assiettes de 230 \u00e0 280 mm \u00f8\u00a0<\/span><\/li>\n<li><span>Enfin, les crochets sup\u00e9rieurs, les cristaux, les porte-plateaux, les sockets, les seaux GN et les extr\u00e9mit\u00e9s de ligne lat\u00e9rale ne sont pas inclus.<\/span><\/li>\n<\/ul>\n<p><span id=\"product-description-js_2030145\" class=\"product-description-js\">\u00a0<\/span><\/p>\n<\/div>\n<div class=\"stand-links\"><\/div>\n","protected":false},"excerpt":{"rendered":"<p>Design et personnalisation. Ligne de produits pour h\u00f4tels et caf\u00e9t\u00e9rias avec des finitions tr\u00e8s soign\u00e9es dans la version standard et<\/p>\n","protected":false},"featured_media":8154,"comment_status":"open","ping_status":"closed","template":"","meta":[],"product_brand":[],"product_cat":[406,409],"product_tag":[],"class_list":{"0":"post-8153","1":"product","2":"type-product","3":"status-publish","4":"has-post-thumbnail","6":"product_cat-autres-inox","7":"product_cat-etagere-murale","9":"first","10":"instock","11":"shipping-taxable","12":"product-type-simple"},"_links":{"self":[{"href":"https:\/\/www.rgequip.com\/index.php?rest_route=\/wp\/v2\/product\/8153","targetHints":{"allow":["GET"]}}],"collection":[{"href":"https:\/\/www.rgequip.com\/index.php?rest_route=\/wp\/v2\/product"}],"about":[{"href":"https:\/\/www.rgequip.com\/index.php?rest_route=\/wp\/v2\/types\/product"}],"replies":[{"embeddable":true,"href":"https:\/\/www.rgequip.com\/index.php?rest_route=%2Fwp%2Fv2%2Fcomments&post=8153"}],"version-history":[{"count":0,"href":"https:\/\/www.rgequip.com\/index.php?rest_route=\/wp\/v2\/product\/8153\/revisions"}],"wp:featuredmedia":[{"embeddable":true,"href":"https:\/\/www.rgequip.com\/index.php?rest_route=\/wp\/v2\/media\/8154"}],"wp:attachment":[{"href":"https:\/\/www.rgequip.com\/index.php?rest_route=%2Fwp%2Fv2%2Fmedia&parent=8153"}],"wp:term":[{"taxonomy":"product_brand","embeddable":true,"href":"https:\/\/www.rgequip.com\/index.php?rest_route=%2Fwp%2Fv2%2Fproduct_brand&post=8153"},{"taxonomy":"product_cat","embeddable":true,"href":"https:\/\/www.rgequip.com\/index.php?rest_route=%2Fwp%2Fv2%2Fproduct_cat&post=8153"},{"taxonomy":"product_tag","embeddable":true,"href":"https:\/\/www.rgequip.com\/index.php?rest_route=%2Fwp%2Fv2%2Fproduct_tag&post=8153"}],"curies":[{"name":"wp","href":"https:\/\/api.w.org\/{rel}","templated":true}]}}