{"id":8149,"date":"2019-09-06T05:38:50","date_gmt":"2019-09-06T03:38:50","guid":{"rendered":"https:\/\/www.rgequip.com\/?post_type=product&#038;p=8149"},"modified":"2019-09-06T05:39:48","modified_gmt":"2019-09-06T03:39:48","slug":"vitrine-chauffante-bain-marie-90c-3-x-gn-1-1-bmv3g","status":"publish","type":"product","link":"https:\/\/www.rgequip.com\/?product=vitrine-chauffante-bain-marie-90c-3-x-gn-1-1-bmv3g","title":{"rendered":"Vitrine chauffante bain-marie +90\u00b0C &#8211; 3 x Gn 1\/1 &#8211; BMV3G"},"content":{"rendered":"<h3>Description\u00a0<strong>vitrine de pr\u00e9sentations chaudes \u00e0 poser<\/strong>\u00a0 &#8211; BMV3G :<\/h3>\n<ul>\n<li>Carrosserie en acier inoxydable Aisi 304<\/li>\n<li>Vitre bomb\u00e9e fixe en fa\u00e7ade<\/li>\n<li>Parois lat\u00e9rales vitr\u00e9es<\/li>\n<li>Portes coulissantes pour service arri\u00e8re<\/li>\n<li>Eclairage int\u00e9rieur halog\u00e8ne<\/li>\n<li>Temp\u00e9rature r\u00e9gul\u00e9e jusqu&#8217;\u00e0 90\u00b0C<\/li>\n<li>Thermostat de r\u00e9gulation<\/li>\n<li>Chauffage par bain-marie<\/li>\n<li>R\u00e9sistances situ\u00e9es sous la cuve<\/li>\n<li>Interrupteur marche \/ arr\u00eat \u00e0 voyant<\/li>\n<li>aussi,1 \u00e9tag\u00e8re interm\u00e9diaire<\/li>\n<li>De m\u00eame, il est livr\u00e9e sans bacs gastronormes<\/li>\n<li>Enfin, aux normes CE<\/li>\n<\/ul>\n","protected":false},"excerpt":{"rendered":"<p>Description\u00a0vitrine de pr\u00e9sentations chaudes \u00e0 poser\u00a0 &#8211; BMV3G : Carrosserie en acier inoxydable Aisi 304 Vitre bomb\u00e9e fixe en fa\u00e7ade<\/p>\n","protected":false},"featured_media":8151,"comment_status":"open","ping_status":"closed","template":"","meta":[],"product_brand":[],"product_cat":[334,301,314,313,297,331,305],"product_tag":[],"class_list":{"0":"post-8149","1":"product","2":"type-product","3":"status-publish","4":"has-post-thumbnail","6":"product_cat-vitrine-buffet","7":"product_cat-bain-marie","8":"product_cat-cafe-bar","9":"product_cat-maintien-chaud","10":"product_cat-presentation-chaude","11":"product_cat-service-petit-dejeuner","12":"product_cat-vitrine-chaude","14":"first","15":"instock","16":"shipping-taxable","17":"product-type-simple"},"_links":{"self":[{"href":"https:\/\/www.rgequip.com\/index.php?rest_route=\/wp\/v2\/product\/8149","targetHints":{"allow":["GET"]}}],"collection":[{"href":"https:\/\/www.rgequip.com\/index.php?rest_route=\/wp\/v2\/product"}],"about":[{"href":"https:\/\/www.rgequip.com\/index.php?rest_route=\/wp\/v2\/types\/product"}],"replies":[{"embeddable":true,"href":"https:\/\/www.rgequip.com\/index.php?rest_route=%2Fwp%2Fv2%2Fcomments&post=8149"}],"version-history":[{"count":0,"href":"https:\/\/www.rgequip.com\/index.php?rest_route=\/wp\/v2\/product\/8149\/revisions"}],"wp:featuredmedia":[{"embeddable":true,"href":"https:\/\/www.rgequip.com\/index.php?rest_route=\/wp\/v2\/media\/8151"}],"wp:attachment":[{"href":"https:\/\/www.rgequip.com\/index.php?rest_route=%2Fwp%2Fv2%2Fmedia&parent=8149"}],"wp:term":[{"taxonomy":"product_brand","embeddable":true,"href":"https:\/\/www.rgequip.com\/index.php?rest_route=%2Fwp%2Fv2%2Fproduct_brand&post=8149"},{"taxonomy":"product_cat","embeddable":true,"href":"https:\/\/www.rgequip.com\/index.php?rest_route=%2Fwp%2Fv2%2Fproduct_cat&post=8149"},{"taxonomy":"product_tag","embeddable":true,"href":"https:\/\/www.rgequip.com\/index.php?rest_route=%2Fwp%2Fv2%2Fproduct_tag&post=8149"}],"curies":[{"name":"wp","href":"https:\/\/api.w.org\/{rel}","templated":true}]}}