{"id":8146,"date":"2019-09-06T05:27:11","date_gmt":"2019-09-06T03:27:11","guid":{"rendered":"https:\/\/www.rgequip.com\/?post_type=product&#038;p=8146"},"modified":"2019-09-06T05:27:11","modified_gmt":"2019-09-06T03:27:11","slug":"presentoir-de-verre-plat-froid","status":"publish","type":"product","link":"https:\/\/www.rgequip.com\/?product=presentoir-de-verre-plat-froid","title":{"rendered":"Pr\u00e9sentoir de verre plat froid"},"content":{"rendered":"<ul>\n<li><span>Corps d\u00e9cor\u00e9 en bois ou en acier inoxydable. <\/span><\/li>\n<li><span>DANFOSS, gaz r\u00e9frig\u00e9rant R134A, d\u00e9bit d&#8217;air, 850 Watt, <\/span><\/li>\n<li><span>Plage de temp\u00e9rature + 4 \/ + 6 \u00b0 C, parties frontales et lat\u00e9rales en bois d\u00e9cor\u00e9es, vitre frontale 6 mm, <\/span><\/li>\n<li><span>Fen\u00eatres coulissantes en Thermopane 17 mm, isolation en polystyr\u00e8ne, contr\u00f4le de la chaleur avec thermostat, capacit\u00e9 de 290 litres environ, <\/span><\/li>\n<li><span>balle r\u00e9glable, classe de protection &#8221; 1 &#8221;<\/span><\/li>\n<\/ul>\n","protected":false},"excerpt":{"rendered":"<p>Corps d\u00e9cor\u00e9 en bois ou en acier inoxydable. DANFOSS, gaz r\u00e9frig\u00e9rant R134A, d\u00e9bit d&#8217;air, 850 Watt, Plage de temp\u00e9rature +<\/p>\n","protected":false},"featured_media":8147,"comment_status":"open","ping_status":"closed","template":"","meta":[],"product_brand":[],"product_cat":[268,290,272],"product_tag":[],"class_list":{"0":"post-8146","1":"product","2":"type-product","3":"status-publish","4":"has-post-thumbnail","6":"product_cat-froids","7":"product_cat-v-murale","8":"product_cat-vitrines","10":"first","11":"instock","12":"shipping-taxable","13":"product-type-simple"},"_links":{"self":[{"href":"https:\/\/www.rgequip.com\/index.php?rest_route=\/wp\/v2\/product\/8146","targetHints":{"allow":["GET"]}}],"collection":[{"href":"https:\/\/www.rgequip.com\/index.php?rest_route=\/wp\/v2\/product"}],"about":[{"href":"https:\/\/www.rgequip.com\/index.php?rest_route=\/wp\/v2\/types\/product"}],"replies":[{"embeddable":true,"href":"https:\/\/www.rgequip.com\/index.php?rest_route=%2Fwp%2Fv2%2Fcomments&post=8146"}],"version-history":[{"count":1,"href":"https:\/\/www.rgequip.com\/index.php?rest_route=\/wp\/v2\/product\/8146\/revisions"}],"predecessor-version":[{"id":8150,"href":"https:\/\/www.rgequip.com\/index.php?rest_route=\/wp\/v2\/product\/8146\/revisions\/8150"}],"wp:featuredmedia":[{"embeddable":true,"href":"https:\/\/www.rgequip.com\/index.php?rest_route=\/wp\/v2\/media\/8147"}],"wp:attachment":[{"href":"https:\/\/www.rgequip.com\/index.php?rest_route=%2Fwp%2Fv2%2Fmedia&parent=8146"}],"wp:term":[{"taxonomy":"product_brand","embeddable":true,"href":"https:\/\/www.rgequip.com\/index.php?rest_route=%2Fwp%2Fv2%2Fproduct_brand&post=8146"},{"taxonomy":"product_cat","embeddable":true,"href":"https:\/\/www.rgequip.com\/index.php?rest_route=%2Fwp%2Fv2%2Fproduct_cat&post=8146"},{"taxonomy":"product_tag","embeddable":true,"href":"https:\/\/www.rgequip.com\/index.php?rest_route=%2Fwp%2Fv2%2Fproduct_tag&post=8146"}],"curies":[{"name":"wp","href":"https:\/\/api.w.org\/{rel}","templated":true}]}}