{"id":8140,"date":"2019-09-06T04:59:24","date_gmt":"2019-09-06T02:59:24","guid":{"rendered":"https:\/\/www.rgequip.com\/?post_type=product&#038;p=8140"},"modified":"2019-09-06T05:01:38","modified_gmt":"2019-09-06T03:01:38","slug":"armoire-refrigeree-blanche-vitrinee-30l","status":"publish","type":"product","link":"https:\/\/www.rgequip.com\/?product=armoire-refrigeree-blanche-vitrinee-30l","title":{"rendered":"Armoire refrig\u00e9r\u00e9e blanche vitrin\u00e9e 30L"},"content":{"rendered":"<p>Armoire r\u00e9frig\u00e9r\u00e9e avec structure ext\u00e9rieure en t\u00f4le peinte en blanc \u00e9poxy, structure int\u00e9rieure en ABS.<\/p>\n<p>R\u00e9frig\u00e9ration statique avec ventilateur interne pour uniformiser la temp\u00e9rature.<\/p>\n<p>Enfin, panneaux ext\u00e9rieurs du fond\u00a0 en t\u00f4le galvanis\u00e9e.<\/p>\n","protected":false},"excerpt":{"rendered":"<p>Armoire r\u00e9frig\u00e9r\u00e9e avec structure ext\u00e9rieure en t\u00f4le peinte en blanc \u00e9poxy, structure int\u00e9rieure en ABS. R\u00e9frig\u00e9ration statique avec ventilateur interne<\/p>\n","protected":false},"featured_media":8141,"comment_status":"open","ping_status":"closed","template":"","meta":[],"product_brand":[],"product_cat":[268,269,279],"product_tag":[],"class_list":{"0":"post-8140","1":"product","2":"type-product","3":"status-publish","4":"has-post-thumbnail","6":"product_cat-froids","7":"product_cat-armoires","8":"product_cat-mini-armoires","10":"first","11":"instock","12":"shipping-taxable","13":"product-type-simple"},"_links":{"self":[{"href":"https:\/\/www.rgequip.com\/index.php?rest_route=\/wp\/v2\/product\/8140","targetHints":{"allow":["GET"]}}],"collection":[{"href":"https:\/\/www.rgequip.com\/index.php?rest_route=\/wp\/v2\/product"}],"about":[{"href":"https:\/\/www.rgequip.com\/index.php?rest_route=\/wp\/v2\/types\/product"}],"replies":[{"embeddable":true,"href":"https:\/\/www.rgequip.com\/index.php?rest_route=%2Fwp%2Fv2%2Fcomments&post=8140"}],"version-history":[{"count":0,"href":"https:\/\/www.rgequip.com\/index.php?rest_route=\/wp\/v2\/product\/8140\/revisions"}],"wp:featuredmedia":[{"embeddable":true,"href":"https:\/\/www.rgequip.com\/index.php?rest_route=\/wp\/v2\/media\/8141"}],"wp:attachment":[{"href":"https:\/\/www.rgequip.com\/index.php?rest_route=%2Fwp%2Fv2%2Fmedia&parent=8140"}],"wp:term":[{"taxonomy":"product_brand","embeddable":true,"href":"https:\/\/www.rgequip.com\/index.php?rest_route=%2Fwp%2Fv2%2Fproduct_brand&post=8140"},{"taxonomy":"product_cat","embeddable":true,"href":"https:\/\/www.rgequip.com\/index.php?rest_route=%2Fwp%2Fv2%2Fproduct_cat&post=8140"},{"taxonomy":"product_tag","embeddable":true,"href":"https:\/\/www.rgequip.com\/index.php?rest_route=%2Fwp%2Fv2%2Fproduct_tag&post=8140"}],"curies":[{"name":"wp","href":"https:\/\/api.w.org\/{rel}","templated":true}]}}