{"id":8134,"date":"2019-09-06T04:31:12","date_gmt":"2019-09-06T02:31:12","guid":{"rendered":"https:\/\/www.rgequip.com\/?post_type=product&#038;p=8134"},"modified":"2019-09-06T04:31:14","modified_gmt":"2019-09-06T02:31:14","slug":"meuble-self-service-chaud-4-bacs-gn1-1","status":"publish","type":"product","link":"https:\/\/www.rgequip.com\/?product=meuble-self-service-chaud-4-bacs-gn1-1","title":{"rendered":"Meuble self service chaud 4 bacs GN1\/1"},"content":{"rendered":"<ul>\n<li>Corps et cadre en acier inoxydable<\/li>\n<li>Robinet de remplissage et de vidange d&#8217;eau<\/li>\n<li>Chauffage par des r\u00e9sistances \u00e0 base de silicium tr\u00e8s efficaces<\/li>\n<li>Contr\u00f4le de la temp\u00e9rature avec thermostat entre 30 et 90 \u00b0 C<\/li>\n<li>Dessous en acier inoxydable<\/li>\n<li>Pieds r\u00e9glables.<\/li>\n<\/ul>\n","protected":false},"excerpt":{"rendered":"<p>Corps et cadre en acier inoxydable Robinet de remplissage et de vidange d&#8217;eau Chauffage par des r\u00e9sistances \u00e0 base de<\/p>\n","protected":false},"featured_media":8136,"comment_status":"open","ping_status":"closed","template":"","meta":[],"product_brand":[],"product_cat":[331,246,304,230,314,226,313,297,334,305],"product_tag":[],"class_list":{"0":"post-8134","1":"product","2":"type-product","3":"status-publish","4":"has-post-thumbnail","6":"product_cat-service-petit-dejeuner","7":"product_cat-buffet-central","8":"product_cat-buffet-chaud","9":"product_cat-buffets","10":"product_cat-cafe-bar","11":"product_cat-cuisson","12":"product_cat-maintien-chaud","13":"product_cat-presentation-chaude","14":"product_cat-vitrine-buffet","15":"product_cat-vitrine-chaude","17":"first","18":"instock","19":"shipping-taxable","20":"product-type-simple"},"_links":{"self":[{"href":"https:\/\/www.rgequip.com\/index.php?rest_route=\/wp\/v2\/product\/8134","targetHints":{"allow":["GET"]}}],"collection":[{"href":"https:\/\/www.rgequip.com\/index.php?rest_route=\/wp\/v2\/product"}],"about":[{"href":"https:\/\/www.rgequip.com\/index.php?rest_route=\/wp\/v2\/types\/product"}],"replies":[{"embeddable":true,"href":"https:\/\/www.rgequip.com\/index.php?rest_route=%2Fwp%2Fv2%2Fcomments&post=8134"}],"version-history":[{"count":0,"href":"https:\/\/www.rgequip.com\/index.php?rest_route=\/wp\/v2\/product\/8134\/revisions"}],"wp:featuredmedia":[{"embeddable":true,"href":"https:\/\/www.rgequip.com\/index.php?rest_route=\/wp\/v2\/media\/8136"}],"wp:attachment":[{"href":"https:\/\/www.rgequip.com\/index.php?rest_route=%2Fwp%2Fv2%2Fmedia&parent=8134"}],"wp:term":[{"taxonomy":"product_brand","embeddable":true,"href":"https:\/\/www.rgequip.com\/index.php?rest_route=%2Fwp%2Fv2%2Fproduct_brand&post=8134"},{"taxonomy":"product_cat","embeddable":true,"href":"https:\/\/www.rgequip.com\/index.php?rest_route=%2Fwp%2Fv2%2Fproduct_cat&post=8134"},{"taxonomy":"product_tag","embeddable":true,"href":"https:\/\/www.rgequip.com\/index.php?rest_route=%2Fwp%2Fv2%2Fproduct_tag&post=8134"}],"curies":[{"name":"wp","href":"https:\/\/api.w.org\/{rel}","templated":true}]}}