{"id":8109,"date":"2019-09-05T18:59:32","date_gmt":"2019-09-05T16:59:32","guid":{"rendered":"https:\/\/www.rgequip.com\/?post_type=product&#038;p=8109"},"modified":"2019-09-05T18:59:33","modified_gmt":"2019-09-05T16:59:33","slug":"contenaire-isotherme","status":"publish","type":"product","link":"https:\/\/www.rgequip.com\/?product=contenaire-isotherme","title":{"rendered":"Contenaire Isotherme"},"content":{"rendered":"<p>\u00c9quipement de transport des aliments<br \/>\nEmpilable<br \/>\nR\u00e9sistant \u00e0 la chaleur et au froid pour +100 \u00b0 C et -40<br \/>\nVa au lave-vaisselle * Bleu<\/p>\n","protected":false},"excerpt":{"rendered":"<p>\u00c9quipement de transport des aliments Empilable R\u00e9sistant \u00e0 la chaleur et au froid pour +100 \u00b0 C et -40 Va<\/p>\n","protected":false},"featured_media":8110,"comment_status":"open","ping_status":"closed","template":"","meta":[],"product_brand":[],"product_cat":[313,299,309],"product_tag":[],"class_list":{"0":"post-8109","1":"product","2":"type-product","3":"status-publish","4":"has-post-thumbnail","6":"product_cat-maintien-chaud","7":"product_cat-chariot-de-maintien-tc","8":"product_cat-conteneur-isotherme","10":"first","11":"instock","12":"shipping-taxable","13":"product-type-simple"},"_links":{"self":[{"href":"https:\/\/www.rgequip.com\/index.php?rest_route=\/wp\/v2\/product\/8109","targetHints":{"allow":["GET"]}}],"collection":[{"href":"https:\/\/www.rgequip.com\/index.php?rest_route=\/wp\/v2\/product"}],"about":[{"href":"https:\/\/www.rgequip.com\/index.php?rest_route=\/wp\/v2\/types\/product"}],"replies":[{"embeddable":true,"href":"https:\/\/www.rgequip.com\/index.php?rest_route=%2Fwp%2Fv2%2Fcomments&post=8109"}],"version-history":[{"count":0,"href":"https:\/\/www.rgequip.com\/index.php?rest_route=\/wp\/v2\/product\/8109\/revisions"}],"wp:featuredmedia":[{"embeddable":true,"href":"https:\/\/www.rgequip.com\/index.php?rest_route=\/wp\/v2\/media\/8110"}],"wp:attachment":[{"href":"https:\/\/www.rgequip.com\/index.php?rest_route=%2Fwp%2Fv2%2Fmedia&parent=8109"}],"wp:term":[{"taxonomy":"product_brand","embeddable":true,"href":"https:\/\/www.rgequip.com\/index.php?rest_route=%2Fwp%2Fv2%2Fproduct_brand&post=8109"},{"taxonomy":"product_cat","embeddable":true,"href":"https:\/\/www.rgequip.com\/index.php?rest_route=%2Fwp%2Fv2%2Fproduct_cat&post=8109"},{"taxonomy":"product_tag","embeddable":true,"href":"https:\/\/www.rgequip.com\/index.php?rest_route=%2Fwp%2Fv2%2Fproduct_tag&post=8109"}],"curies":[{"name":"wp","href":"https:\/\/api.w.org\/{rel}","templated":true}]}}