{"id":8104,"date":"2019-09-05T18:33:13","date_gmt":"2019-09-05T16:33:13","guid":{"rendered":"https:\/\/www.rgequip.com\/?post_type=product&#038;p=8104"},"modified":"2019-09-05T18:44:38","modified_gmt":"2019-09-05T16:44:38","slug":"rotissoire-professionnelle-verticale-6-broches-metalliques","status":"publish","type":"product","link":"https:\/\/www.rgequip.com\/?product=rotissoire-professionnelle-verticale-6-broches-metalliques","title":{"rendered":"R\u00f4tissoire professionnelle\u00a0verticale 6 broches m\u00e9talliques"},"content":{"rendered":"<p>Cette r\u00f4tissoire professionnelle\u00a0verticale 6 broches m\u00e9talliques\u00a0permettant la cuisson de\u00a036 volailles\u00a0simultan\u00e9ment.<br \/>\nIl s&#8217;agit s&#8217;un mod\u00e8le \u00e9quip\u00e9 de roulettes facilitant ainsi son utilisation.<br \/>\nLe bac de r\u00e9cup\u00e9ration des graisses fourni permet un nettoyage simple<br \/>\nDe plus,il est \u00e9galement utile pour la cuisson d&#8217;assortiments tels que des l\u00e9gumes ou pommes de terre.<\/p>\n","protected":false},"excerpt":{"rendered":"<p>Cette r\u00f4tissoire professionnelle\u00a0verticale 6 broches m\u00e9talliques\u00a0permettant la cuisson de\u00a036 volailles\u00a0simultan\u00e9ment. Il s&#8217;agit s&#8217;un mod\u00e8le \u00e9quip\u00e9 de roulettes facilitant ainsi son<\/p>\n","protected":false},"featured_media":8108,"comment_status":"open","ping_status":"closed","template":"","meta":[],"product_brand":[],"product_cat":[226,260,235],"product_tag":[],"class_list":{"0":"post-8104","1":"product","2":"type-product","3":"status-publish","4":"has-post-thumbnail","6":"product_cat-cuisson","7":"product_cat-rotissoire","8":"product_cat-snacking","10":"first","11":"instock","12":"shipping-taxable","13":"product-type-simple"},"_links":{"self":[{"href":"https:\/\/www.rgequip.com\/index.php?rest_route=\/wp\/v2\/product\/8104","targetHints":{"allow":["GET"]}}],"collection":[{"href":"https:\/\/www.rgequip.com\/index.php?rest_route=\/wp\/v2\/product"}],"about":[{"href":"https:\/\/www.rgequip.com\/index.php?rest_route=\/wp\/v2\/types\/product"}],"replies":[{"embeddable":true,"href":"https:\/\/www.rgequip.com\/index.php?rest_route=%2Fwp%2Fv2%2Fcomments&post=8104"}],"version-history":[{"count":0,"href":"https:\/\/www.rgequip.com\/index.php?rest_route=\/wp\/v2\/product\/8104\/revisions"}],"wp:featuredmedia":[{"embeddable":true,"href":"https:\/\/www.rgequip.com\/index.php?rest_route=\/wp\/v2\/media\/8108"}],"wp:attachment":[{"href":"https:\/\/www.rgequip.com\/index.php?rest_route=%2Fwp%2Fv2%2Fmedia&parent=8104"}],"wp:term":[{"taxonomy":"product_brand","embeddable":true,"href":"https:\/\/www.rgequip.com\/index.php?rest_route=%2Fwp%2Fv2%2Fproduct_brand&post=8104"},{"taxonomy":"product_cat","embeddable":true,"href":"https:\/\/www.rgequip.com\/index.php?rest_route=%2Fwp%2Fv2%2Fproduct_cat&post=8104"},{"taxonomy":"product_tag","embeddable":true,"href":"https:\/\/www.rgequip.com\/index.php?rest_route=%2Fwp%2Fv2%2Fproduct_tag&post=8104"}],"curies":[{"name":"wp","href":"https:\/\/api.w.org\/{rel}","templated":true}]}}