{"id":8089,"date":"2019-09-05T15:26:18","date_gmt":"2019-09-05T13:26:18","guid":{"rendered":"https:\/\/www.rgequip.com\/?post_type=product&#038;p=8089"},"modified":"2019-09-05T15:26:19","modified_gmt":"2019-09-05T13:26:19","slug":"meuble-refrigere-self-service","status":"publish","type":"product","link":"https:\/\/www.rgequip.com\/?product=meuble-refrigere-self-service","title":{"rendered":"Meuble R\u00e9frig\u00e9r\u00e9 Self-Service"},"content":{"rendered":"<p>Fabriqu\u00e9 en Acier inoxydable AISI 304<br \/>\nDispose d&#8217;une r\u00e9serve r\u00e9frig\u00e9r\u00e9e \u00e9quip\u00e9e de glissi\u00e8res pour grilles GN 1\/1<br \/>\nPlaque froide fabriqu\u00e9e en acier AISI 304 de 30 mm de profondeur et d&#8217;angles arrondis sanitaires<\/p>\n","protected":false},"excerpt":{"rendered":"<p>Fabriqu\u00e9 en Acier inoxydable AISI 304 Dispose d&#8217;une r\u00e9serve r\u00e9frig\u00e9r\u00e9e \u00e9quip\u00e9e de glissi\u00e8res pour grilles GN 1\/1 Plaque froide fabriqu\u00e9e<\/p>\n","protected":false},"featured_media":8092,"comment_status":"open","ping_status":"closed","template":"","meta":[],"product_brand":[],"product_cat":[268,291,290,272],"product_tag":[],"class_list":{"0":"post-8089","1":"product","2":"type-product","3":"status-publish","4":"has-post-thumbnail","6":"product_cat-froids","7":"product_cat-v-a-sushi","8":"product_cat-v-murale","9":"product_cat-vitrines","11":"first","12":"instock","13":"shipping-taxable","14":"product-type-simple"},"_links":{"self":[{"href":"https:\/\/www.rgequip.com\/index.php?rest_route=\/wp\/v2\/product\/8089","targetHints":{"allow":["GET"]}}],"collection":[{"href":"https:\/\/www.rgequip.com\/index.php?rest_route=\/wp\/v2\/product"}],"about":[{"href":"https:\/\/www.rgequip.com\/index.php?rest_route=\/wp\/v2\/types\/product"}],"replies":[{"embeddable":true,"href":"https:\/\/www.rgequip.com\/index.php?rest_route=%2Fwp%2Fv2%2Fcomments&post=8089"}],"version-history":[{"count":1,"href":"https:\/\/www.rgequip.com\/index.php?rest_route=\/wp\/v2\/product\/8089\/revisions"}],"predecessor-version":[{"id":8093,"href":"https:\/\/www.rgequip.com\/index.php?rest_route=\/wp\/v2\/product\/8089\/revisions\/8093"}],"wp:featuredmedia":[{"embeddable":true,"href":"https:\/\/www.rgequip.com\/index.php?rest_route=\/wp\/v2\/media\/8092"}],"wp:attachment":[{"href":"https:\/\/www.rgequip.com\/index.php?rest_route=%2Fwp%2Fv2%2Fmedia&parent=8089"}],"wp:term":[{"taxonomy":"product_brand","embeddable":true,"href":"https:\/\/www.rgequip.com\/index.php?rest_route=%2Fwp%2Fv2%2Fproduct_brand&post=8089"},{"taxonomy":"product_cat","embeddable":true,"href":"https:\/\/www.rgequip.com\/index.php?rest_route=%2Fwp%2Fv2%2Fproduct_cat&post=8089"},{"taxonomy":"product_tag","embeddable":true,"href":"https:\/\/www.rgequip.com\/index.php?rest_route=%2Fwp%2Fv2%2Fproduct_tag&post=8089"}],"curies":[{"name":"wp","href":"https:\/\/api.w.org\/{rel}","templated":true}]}}