{"id":8036,"date":"2019-09-04T18:53:06","date_gmt":"2019-09-04T16:53:06","guid":{"rendered":"https:\/\/www.rgequip.com\/?post_type=product&#038;p=8036"},"modified":"2019-10-01T15:16:09","modified_gmt":"2019-10-01T13:16:09","slug":"couvercle-en-polycarbone-lid","status":"publish","type":"product","link":"https:\/\/www.rgequip.com\/?product=couvercle-en-polycarbone-lid","title":{"rendered":"couvercle en Polycarbone Lid"},"content":{"rendered":"<p>Il s&#8217;agit d&#8217;un couvercle transparent comme un verre pr\u00e9sentant les caract\u00e9ristiques suivants:<br \/>\n1\/2 r\u00e9cipients GN<br \/>\nTemp\u00e9rature\u00a0:\u00a0<strong>-40\u00b0C jusqu&#8217;\u00e0 +120 \u00b0C<br \/>\n<\/strong>De plus, le Maniement est facile<br \/>\nIncassable<br \/>\nExtr\u00eamement robuste<br \/>\nLavable au lave-vaisselle<br \/>\nDe m\u00eame, son mat\u00e9riel est Solide et r\u00e9sistant aux rayures<br \/>\nMat\u00e9riau r\u00e9sistant aux acides alimentaires<br \/>\nR\u00e9sistance \u00e0 la chaleur<br \/>\nNettoyage facile<\/p>\n","protected":false},"excerpt":{"rendered":"<p>Il s&#8217;agit d&#8217;un couvercle transparent comme un verre pr\u00e9sentant les caract\u00e9ristiques suivants: 1\/2 r\u00e9cipients GN Temp\u00e9rature\u00a0:\u00a0-40\u00b0C jusqu&#8217;\u00e0 +120 \u00b0C De<\/p>\n","protected":false},"featured_media":8039,"comment_status":"open","ping_status":"closed","template":"","meta":[],"product_brand":[],"product_cat":[338,345],"product_tag":[],"class_list":{"0":"post-8036","1":"product","2":"type-product","3":"status-publish","4":"has-post-thumbnail","6":"product_cat-plaques-bacs","7":"product_cat-bacs-gastronomes","9":"first","10":"instock","11":"shipping-taxable","12":"product-type-simple"},"_links":{"self":[{"href":"https:\/\/www.rgequip.com\/index.php?rest_route=\/wp\/v2\/product\/8036","targetHints":{"allow":["GET"]}}],"collection":[{"href":"https:\/\/www.rgequip.com\/index.php?rest_route=\/wp\/v2\/product"}],"about":[{"href":"https:\/\/www.rgequip.com\/index.php?rest_route=\/wp\/v2\/types\/product"}],"replies":[{"embeddable":true,"href":"https:\/\/www.rgequip.com\/index.php?rest_route=%2Fwp%2Fv2%2Fcomments&post=8036"}],"version-history":[{"count":1,"href":"https:\/\/www.rgequip.com\/index.php?rest_route=\/wp\/v2\/product\/8036\/revisions"}],"predecessor-version":[{"id":8041,"href":"https:\/\/www.rgequip.com\/index.php?rest_route=\/wp\/v2\/product\/8036\/revisions\/8041"}],"wp:featuredmedia":[{"embeddable":true,"href":"https:\/\/www.rgequip.com\/index.php?rest_route=\/wp\/v2\/media\/8039"}],"wp:attachment":[{"href":"https:\/\/www.rgequip.com\/index.php?rest_route=%2Fwp%2Fv2%2Fmedia&parent=8036"}],"wp:term":[{"taxonomy":"product_brand","embeddable":true,"href":"https:\/\/www.rgequip.com\/index.php?rest_route=%2Fwp%2Fv2%2Fproduct_brand&post=8036"},{"taxonomy":"product_cat","embeddable":true,"href":"https:\/\/www.rgequip.com\/index.php?rest_route=%2Fwp%2Fv2%2Fproduct_cat&post=8036"},{"taxonomy":"product_tag","embeddable":true,"href":"https:\/\/www.rgequip.com\/index.php?rest_route=%2Fwp%2Fv2%2Fproduct_tag&post=8036"}],"curies":[{"name":"wp","href":"https:\/\/api.w.org\/{rel}","templated":true}]}}