{"id":8025,"date":"2019-09-04T15:06:57","date_gmt":"2019-09-04T13:06:57","guid":{"rendered":"https:\/\/www.rgequip.com\/?post_type=product&#038;p=8025"},"modified":"2019-09-04T15:09:18","modified_gmt":"2019-09-04T13:09:18","slug":"plancha-grill-a-gaz-80x74x85","status":"publish","type":"product","link":"https:\/\/www.rgequip.com\/?product=plancha-grill-a-gaz-80x74x85","title":{"rendered":"Plancha grill \u00e0 gaz 80x74x85"},"content":{"rendered":"<p>Conduit de r\u00e9cup\u00e9ration d&#8217;huile et vidange devant la surface de friture<br \/>\nIl y a un tiroir \u00e0 huile dans lequel les graisses sont collect\u00e9es pendant la friture.<br \/>\nContr\u00f4le de temp\u00e9rature thermostatique entre 50 et 300 \u00b0 C<br \/>\nDe m\u00eame, longue dur\u00e9e de vie, facile \u00e0 nettoyer et hygi\u00e9nique.<br \/>\nEnfin, une connexion sous cabinet<\/p>\n","protected":false},"excerpt":{"rendered":"<p>Conduit de r\u00e9cup\u00e9ration d&#8217;huile et vidange devant la surface de friture Il y a un tiroir \u00e0 huile dans lequel<\/p>\n","protected":false},"featured_media":8026,"comment_status":"open","ping_status":"closed","template":"","meta":[],"product_brand":[],"product_cat":[226,261,235],"product_tag":[],"class_list":{"0":"post-8025","1":"product","2":"type-product","3":"status-publish","4":"has-post-thumbnail","6":"product_cat-cuisson","7":"product_cat-plancha","8":"product_cat-snacking","10":"first","11":"instock","12":"shipping-taxable","13":"product-type-simple"},"_links":{"self":[{"href":"https:\/\/www.rgequip.com\/index.php?rest_route=\/wp\/v2\/product\/8025","targetHints":{"allow":["GET"]}}],"collection":[{"href":"https:\/\/www.rgequip.com\/index.php?rest_route=\/wp\/v2\/product"}],"about":[{"href":"https:\/\/www.rgequip.com\/index.php?rest_route=\/wp\/v2\/types\/product"}],"replies":[{"embeddable":true,"href":"https:\/\/www.rgequip.com\/index.php?rest_route=%2Fwp%2Fv2%2Fcomments&post=8025"}],"version-history":[{"count":0,"href":"https:\/\/www.rgequip.com\/index.php?rest_route=\/wp\/v2\/product\/8025\/revisions"}],"wp:featuredmedia":[{"embeddable":true,"href":"https:\/\/www.rgequip.com\/index.php?rest_route=\/wp\/v2\/media\/8026"}],"wp:attachment":[{"href":"https:\/\/www.rgequip.com\/index.php?rest_route=%2Fwp%2Fv2%2Fmedia&parent=8025"}],"wp:term":[{"taxonomy":"product_brand","embeddable":true,"href":"https:\/\/www.rgequip.com\/index.php?rest_route=%2Fwp%2Fv2%2Fproduct_brand&post=8025"},{"taxonomy":"product_cat","embeddable":true,"href":"https:\/\/www.rgequip.com\/index.php?rest_route=%2Fwp%2Fv2%2Fproduct_cat&post=8025"},{"taxonomy":"product_tag","embeddable":true,"href":"https:\/\/www.rgequip.com\/index.php?rest_route=%2Fwp%2Fv2%2Fproduct_tag&post=8025"}],"curies":[{"name":"wp","href":"https:\/\/api.w.org\/{rel}","templated":true}]}}