{"id":8023,"date":"2019-09-04T16:25:22","date_gmt":"2019-09-04T14:25:22","guid":{"rendered":"https:\/\/www.rgequip.com\/?post_type=product&#038;p=8023"},"modified":"2019-09-04T16:25:23","modified_gmt":"2019-09-04T14:25:23","slug":"distributeur-de-couvert-et-de-pain","status":"publish","type":"product","link":"https:\/\/www.rgequip.com\/?product=distributeur-de-couvert-et-de-pain","title":{"rendered":"Distributeur de couvert et de pain"},"content":{"rendered":"<p>Ce self service est un comptoir\u00a0 avec:<br \/>\n&#8211; Corps et cadre en acier inoxydable<br \/>\n&#8211; Encreur en bois \u00e0 l&#8217;avant<br \/>\n&#8211; \u00c9tag\u00e8re de service avec prot\u00e8ge-\u00e9ternuement en plexiglas<br \/>\n&#8211; Tubes coulissants en acier inoxydable<br \/>\n&#8211; \u00c9tag\u00e8res interm\u00e9diaires et inf\u00e9rieures en acier inoxydable<br \/>\n&#8211; Pieds r\u00e9glables<\/p>\n","protected":false},"excerpt":{"rendered":"<p>Ce self service est un comptoir\u00a0 avec: &#8211; Corps et cadre en acier inoxydable &#8211; Encreur en bois \u00e0 l&#8217;avant<\/p>\n","protected":false},"featured_media":8029,"comment_status":"open","ping_status":"closed","template":"","meta":[],"product_brand":[],"product_cat":[313,246,304,297],"product_tag":[],"class_list":{"0":"post-8023","1":"product","2":"type-product","3":"status-publish","4":"has-post-thumbnail","6":"product_cat-maintien-chaud","7":"product_cat-buffet-central","8":"product_cat-buffet-chaud","9":"product_cat-presentation-chaude","11":"first","12":"instock","13":"shipping-taxable","14":"product-type-simple"},"_links":{"self":[{"href":"https:\/\/www.rgequip.com\/index.php?rest_route=\/wp\/v2\/product\/8023","targetHints":{"allow":["GET"]}}],"collection":[{"href":"https:\/\/www.rgequip.com\/index.php?rest_route=\/wp\/v2\/product"}],"about":[{"href":"https:\/\/www.rgequip.com\/index.php?rest_route=\/wp\/v2\/types\/product"}],"replies":[{"embeddable":true,"href":"https:\/\/www.rgequip.com\/index.php?rest_route=%2Fwp%2Fv2%2Fcomments&post=8023"}],"version-history":[{"count":0,"href":"https:\/\/www.rgequip.com\/index.php?rest_route=\/wp\/v2\/product\/8023\/revisions"}],"wp:featuredmedia":[{"embeddable":true,"href":"https:\/\/www.rgequip.com\/index.php?rest_route=\/wp\/v2\/media\/8029"}],"wp:attachment":[{"href":"https:\/\/www.rgequip.com\/index.php?rest_route=%2Fwp%2Fv2%2Fmedia&parent=8023"}],"wp:term":[{"taxonomy":"product_brand","embeddable":true,"href":"https:\/\/www.rgequip.com\/index.php?rest_route=%2Fwp%2Fv2%2Fproduct_brand&post=8023"},{"taxonomy":"product_cat","embeddable":true,"href":"https:\/\/www.rgequip.com\/index.php?rest_route=%2Fwp%2Fv2%2Fproduct_cat&post=8023"},{"taxonomy":"product_tag","embeddable":true,"href":"https:\/\/www.rgequip.com\/index.php?rest_route=%2Fwp%2Fv2%2Fproduct_tag&post=8023"}],"curies":[{"name":"wp","href":"https:\/\/api.w.org\/{rel}","templated":true}]}}