{"id":8015,"date":"2019-09-04T14:52:08","date_gmt":"2019-09-04T12:52:08","guid":{"rendered":"https:\/\/www.rgequip.com\/?post_type=product&#038;p=8015"},"modified":"2019-09-04T14:53:41","modified_gmt":"2019-09-04T12:53:41","slug":"friteuse-electrique-avec-robinet-12l","status":"publish","type":"product","link":"https:\/\/www.rgequip.com\/?product=friteuse-electrique-avec-robinet-12l","title":{"rendered":"Friteuse \u00e9lectrique avec robinet 12L"},"content":{"rendered":"<div class=\"htmlcontent\">\n<div>\n<p>La friteuse\u00a0<b class=\"b\">RGE, <\/b>destin\u00e9e \u00e0 la pr\u00e9paration de divers produits dans de grandes quantit\u00e9s d&#8217;huile<br \/>\ndans les entreprises de restauration et de commerce.<br \/>\nLe mod\u00e8le comporte une armoire neutre polyvalente avec des pieds r\u00e9glables en hauteur.<br \/>\nLe bo\u00eetier est en acier inoxydable.<\/p>\n<\/div>\n<\/div>\n<div><\/div>\n","protected":false},"excerpt":{"rendered":"<p>La friteuse\u00a0RGE, destin\u00e9e \u00e0 la pr\u00e9paration de divers produits dans de grandes quantit\u00e9s d&#8217;huile dans les entreprises de restauration et<\/p>\n","protected":false},"featured_media":8016,"comment_status":"open","ping_status":"closed","template":"","meta":[],"product_brand":[],"product_cat":[226,256,233],"product_tag":[],"class_list":{"0":"post-8015","1":"product","2":"type-product","3":"status-publish","4":"has-post-thumbnail","6":"product_cat-cuisson","7":"product_cat-f-electrique","8":"product_cat-friteuses","10":"first","11":"instock","12":"shipping-taxable","13":"product-type-simple"},"_links":{"self":[{"href":"https:\/\/www.rgequip.com\/index.php?rest_route=\/wp\/v2\/product\/8015","targetHints":{"allow":["GET"]}}],"collection":[{"href":"https:\/\/www.rgequip.com\/index.php?rest_route=\/wp\/v2\/product"}],"about":[{"href":"https:\/\/www.rgequip.com\/index.php?rest_route=\/wp\/v2\/types\/product"}],"replies":[{"embeddable":true,"href":"https:\/\/www.rgequip.com\/index.php?rest_route=%2Fwp%2Fv2%2Fcomments&post=8015"}],"version-history":[{"count":1,"href":"https:\/\/www.rgequip.com\/index.php?rest_route=\/wp\/v2\/product\/8015\/revisions"}],"predecessor-version":[{"id":8487,"href":"https:\/\/www.rgequip.com\/index.php?rest_route=\/wp\/v2\/product\/8015\/revisions\/8487"}],"wp:featuredmedia":[{"embeddable":true,"href":"https:\/\/www.rgequip.com\/index.php?rest_route=\/wp\/v2\/media\/8016"}],"wp:attachment":[{"href":"https:\/\/www.rgequip.com\/index.php?rest_route=%2Fwp%2Fv2%2Fmedia&parent=8015"}],"wp:term":[{"taxonomy":"product_brand","embeddable":true,"href":"https:\/\/www.rgequip.com\/index.php?rest_route=%2Fwp%2Fv2%2Fproduct_brand&post=8015"},{"taxonomy":"product_cat","embeddable":true,"href":"https:\/\/www.rgequip.com\/index.php?rest_route=%2Fwp%2Fv2%2Fproduct_cat&post=8015"},{"taxonomy":"product_tag","embeddable":true,"href":"https:\/\/www.rgequip.com\/index.php?rest_route=%2Fwp%2Fv2%2Fproduct_tag&post=8015"}],"curies":[{"name":"wp","href":"https:\/\/api.w.org\/{rel}","templated":true}]}}