{"id":8012,"date":"2019-09-04T14:04:45","date_gmt":"2019-09-04T12:04:45","guid":{"rendered":"https:\/\/www.rgequip.com\/?post_type=product&#038;p=8012"},"modified":"2019-09-04T14:04:46","modified_gmt":"2019-09-04T12:04:46","slug":"plancha-grill-a-gaz-sur-coffre","status":"publish","type":"product","link":"https:\/\/www.rgequip.com\/?product=plancha-grill-a-gaz-sur-coffre","title":{"rendered":"Plancha grill \u00e0 gaz sur coffre"},"content":{"rendered":"<p>Fonctionne au GPL et au gaz naturel.<br \/>\nPour chaque br\u00fbleur, il existe des robinets \u00e0 gaz avec soupape de s\u00e9curit\u00e9 \u00e0 aimant comprenant<br \/>\nun kit de coupure accidentelle du gaz d&#8217;extinction et une veilleuse.<br \/>\nDevant la surface de friture se trouve un canal de collecte d\u2019huile et un drain.<br \/>\nIl y a un tiroir \u00e0 huile dans lequel les graisses se recueillent lors de la friture.<br \/>\nLe panneau de commande a une ouverture pour contr\u00f4ler la flamme de la veilleuse<\/p>\n","protected":false},"excerpt":{"rendered":"<p>Fonctionne au GPL et au gaz naturel. Pour chaque br\u00fbleur, il existe des robinets \u00e0 gaz avec soupape de s\u00e9curit\u00e9<\/p>\n","protected":false},"featured_media":8013,"comment_status":"open","ping_status":"closed","template":"","meta":[],"product_brand":[],"product_cat":[226,261,235],"product_tag":[],"class_list":{"0":"post-8012","1":"product","2":"type-product","3":"status-publish","4":"has-post-thumbnail","6":"product_cat-cuisson","7":"product_cat-plancha","8":"product_cat-snacking","10":"first","11":"instock","12":"shipping-taxable","13":"product-type-simple"},"_links":{"self":[{"href":"https:\/\/www.rgequip.com\/index.php?rest_route=\/wp\/v2\/product\/8012","targetHints":{"allow":["GET"]}}],"collection":[{"href":"https:\/\/www.rgequip.com\/index.php?rest_route=\/wp\/v2\/product"}],"about":[{"href":"https:\/\/www.rgequip.com\/index.php?rest_route=\/wp\/v2\/types\/product"}],"replies":[{"embeddable":true,"href":"https:\/\/www.rgequip.com\/index.php?rest_route=%2Fwp%2Fv2%2Fcomments&post=8012"}],"version-history":[{"count":0,"href":"https:\/\/www.rgequip.com\/index.php?rest_route=\/wp\/v2\/product\/8012\/revisions"}],"wp:featuredmedia":[{"embeddable":true,"href":"https:\/\/www.rgequip.com\/index.php?rest_route=\/wp\/v2\/media\/8013"}],"wp:attachment":[{"href":"https:\/\/www.rgequip.com\/index.php?rest_route=%2Fwp%2Fv2%2Fmedia&parent=8012"}],"wp:term":[{"taxonomy":"product_brand","embeddable":true,"href":"https:\/\/www.rgequip.com\/index.php?rest_route=%2Fwp%2Fv2%2Fproduct_brand&post=8012"},{"taxonomy":"product_cat","embeddable":true,"href":"https:\/\/www.rgequip.com\/index.php?rest_route=%2Fwp%2Fv2%2Fproduct_cat&post=8012"},{"taxonomy":"product_tag","embeddable":true,"href":"https:\/\/www.rgequip.com\/index.php?rest_route=%2Fwp%2Fv2%2Fproduct_tag&post=8012"}],"curies":[{"name":"wp","href":"https:\/\/api.w.org\/{rel}","templated":true}]}}