{"id":8008,"date":"2019-09-04T13:52:18","date_gmt":"2019-09-04T11:52:18","guid":{"rendered":"https:\/\/www.rgequip.com\/?post_type=product&#038;p=8008"},"modified":"2019-09-04T13:52:18","modified_gmt":"2019-09-04T11:52:18","slug":"marmite-a-gaz-150l","status":"publish","type":"product","link":"https:\/\/www.rgequip.com\/?product=marmite-a-gaz-150l","title":{"rendered":"Marmite \u00e0 gaz 150L"},"content":{"rendered":"<pre id=\"tw-target-text\" class=\"tw-data-text tw-text-large tw-ta\" dir=\"ltr\" data-placeholder=\"Traduction\"><span lang=\"fr\" tabindex=\"0\">\u2022 chauffage indirect\r\n\u2022 Soupape de s\u00e9curit\u00e9\r\n\u2022 soupape \u00e0 gaz de s\u00e9curit\u00e9\r\n\u2022 compatible GPL ou gaz naturel.\r\n\u2022 Aussi, le robinet d'eau et le tuyau de purge\r\n\u2022 jambes r\u00e9glables en hauteur.\r\n\u2022 De m\u00eame,Contr\u00f4le du niveau d'eau mural avec de l'eau\r\nrobinets\r\n\u2022 Br\u00fbleurs en acier inoxydable\r\n\u2022 Allumage pi\u00e9zo\u00e9lectrique\r\n\u2022 allumage pilote.\r\n\u2022 Enfin, corps monobloc<\/span><\/pre>\n","protected":false},"excerpt":{"rendered":"<p>\u2022 chauffage indirect \u2022 Soupape de s\u00e9curit\u00e9 \u2022 soupape \u00e0 gaz de s\u00e9curit\u00e9 \u2022 compatible GPL ou gaz naturel. \u2022<\/p>\n","protected":false},"featured_media":8009,"comment_status":"open","ping_status":"closed","template":"","meta":[],"product_brand":[],"product_cat":[226,239,227],"product_tag":[],"class_list":{"0":"post-8008","1":"product","2":"type-product","3":"status-publish","4":"has-post-thumbnail","6":"product_cat-cuisson","7":"product_cat-braise-marmite","8":"product_cat-fourneaux","10":"first","11":"instock","12":"shipping-taxable","13":"product-type-simple"},"_links":{"self":[{"href":"https:\/\/www.rgequip.com\/index.php?rest_route=\/wp\/v2\/product\/8008","targetHints":{"allow":["GET"]}}],"collection":[{"href":"https:\/\/www.rgequip.com\/index.php?rest_route=\/wp\/v2\/product"}],"about":[{"href":"https:\/\/www.rgequip.com\/index.php?rest_route=\/wp\/v2\/types\/product"}],"replies":[{"embeddable":true,"href":"https:\/\/www.rgequip.com\/index.php?rest_route=%2Fwp%2Fv2%2Fcomments&post=8008"}],"version-history":[{"count":0,"href":"https:\/\/www.rgequip.com\/index.php?rest_route=\/wp\/v2\/product\/8008\/revisions"}],"wp:featuredmedia":[{"embeddable":true,"href":"https:\/\/www.rgequip.com\/index.php?rest_route=\/wp\/v2\/media\/8009"}],"wp:attachment":[{"href":"https:\/\/www.rgequip.com\/index.php?rest_route=%2Fwp%2Fv2%2Fmedia&parent=8008"}],"wp:term":[{"taxonomy":"product_brand","embeddable":true,"href":"https:\/\/www.rgequip.com\/index.php?rest_route=%2Fwp%2Fv2%2Fproduct_brand&post=8008"},{"taxonomy":"product_cat","embeddable":true,"href":"https:\/\/www.rgequip.com\/index.php?rest_route=%2Fwp%2Fv2%2Fproduct_cat&post=8008"},{"taxonomy":"product_tag","embeddable":true,"href":"https:\/\/www.rgequip.com\/index.php?rest_route=%2Fwp%2Fv2%2Fproduct_tag&post=8008"}],"curies":[{"name":"wp","href":"https:\/\/api.w.org\/{rel}","templated":true}]}}