{"id":8005,"date":"2019-09-04T13:33:15","date_gmt":"2019-09-04T11:33:15","guid":{"rendered":"https:\/\/www.rgequip.com\/?post_type=product&#038;p=8005"},"modified":"2020-07-08T13:03:26","modified_gmt":"2020-07-08T11:03:26","slug":"8005","status":"publish","type":"product","link":"https:\/\/www.rgequip.com\/?product=8005","title":{"rendered":"Pieds Pour sceau \u00e0 Champagne"},"content":{"rendered":"<p>Pr\u00e9sentez les bouteilles de Champagne de fa\u00e7on raffin\u00e9e et \u00e9l\u00e9gante \u00e0 l&#8217;aide de ce porte seau \u00e0 champagne.<br \/>\nPied pour seau \u00e0 champagne en acier inoxydable miroir poli. Extra-profond. Robuste.<\/p>\n","protected":false},"excerpt":{"rendered":"<p>Pr\u00e9sentez les bouteilles de Champagne de fa\u00e7on raffin\u00e9e et \u00e9l\u00e9gante \u00e0 l&#8217;aide de ce porte seau \u00e0 champagne. Pied pour<\/p>\n","protected":false},"featured_media":8006,"comment_status":"open","ping_status":"closed","template":"","meta":[],"product_brand":[],"product_cat":[314],"product_tag":[],"class_list":{"0":"post-8005","1":"product","2":"type-product","3":"status-publish","4":"has-post-thumbnail","6":"product_cat-cafe-bar","8":"first","9":"instock","10":"shipping-taxable","11":"product-type-simple"},"_links":{"self":[{"href":"https:\/\/www.rgequip.com\/index.php?rest_route=\/wp\/v2\/product\/8005","targetHints":{"allow":["GET"]}}],"collection":[{"href":"https:\/\/www.rgequip.com\/index.php?rest_route=\/wp\/v2\/product"}],"about":[{"href":"https:\/\/www.rgequip.com\/index.php?rest_route=\/wp\/v2\/types\/product"}],"replies":[{"embeddable":true,"href":"https:\/\/www.rgequip.com\/index.php?rest_route=%2Fwp%2Fv2%2Fcomments&post=8005"}],"version-history":[{"count":1,"href":"https:\/\/www.rgequip.com\/index.php?rest_route=\/wp\/v2\/product\/8005\/revisions"}],"predecessor-version":[{"id":8038,"href":"https:\/\/www.rgequip.com\/index.php?rest_route=\/wp\/v2\/product\/8005\/revisions\/8038"}],"wp:featuredmedia":[{"embeddable":true,"href":"https:\/\/www.rgequip.com\/index.php?rest_route=\/wp\/v2\/media\/8006"}],"wp:attachment":[{"href":"https:\/\/www.rgequip.com\/index.php?rest_route=%2Fwp%2Fv2%2Fmedia&parent=8005"}],"wp:term":[{"taxonomy":"product_brand","embeddable":true,"href":"https:\/\/www.rgequip.com\/index.php?rest_route=%2Fwp%2Fv2%2Fproduct_brand&post=8005"},{"taxonomy":"product_cat","embeddable":true,"href":"https:\/\/www.rgequip.com\/index.php?rest_route=%2Fwp%2Fv2%2Fproduct_cat&post=8005"},{"taxonomy":"product_tag","embeddable":true,"href":"https:\/\/www.rgequip.com\/index.php?rest_route=%2Fwp%2Fv2%2Fproduct_tag&post=8005"}],"curies":[{"name":"wp","href":"https:\/\/api.w.org\/{rel}","templated":true}]}}