{"id":7997,"date":"2019-09-04T12:37:02","date_gmt":"2019-09-04T10:37:02","guid":{"rendered":"https:\/\/www.rgequip.com\/?post_type=product&#038;p=7997"},"modified":"2019-09-04T12:37:04","modified_gmt":"2019-09-04T10:37:04","slug":"rechaud-electrique-avec-plaque-chauffante","status":"publish","type":"product","link":"https:\/\/www.rgequip.com\/?product=rechaud-electrique-avec-plaque-chauffante","title":{"rendered":"R\u00e9chaud \u00e9lectrique avec plaque chauffante"},"content":{"rendered":"<p><span>En acier inoxydable.<br \/>\n<\/span>Longue dur\u00e9e de vie, facile \u00e0 nettoyer et hygi\u00e9nique gr\u00e2ce \u00e0 sa construction en acier inoxydable.<br \/>\n<span>Con\u00e7u de mani\u00e8re ergonomique pour offrir un confort \u00e0 l&#8217;utilisateur dans tous les aspects.<\/span><\/p>\n","protected":false},"excerpt":{"rendered":"<p>En acier inoxydable. Longue dur\u00e9e de vie, facile \u00e0 nettoyer et hygi\u00e9nique gr\u00e2ce \u00e0 sa construction en acier inoxydable. Con\u00e7u<\/p>\n","protected":false},"featured_media":7998,"comment_status":"open","ping_status":"closed","template":"","meta":[],"product_brand":[],"product_cat":[226,241,228],"product_tag":[],"class_list":{"0":"post-7997","1":"product","2":"type-product","3":"status-publish","4":"has-post-thumbnail","6":"product_cat-cuisson","7":"product_cat-r-electrique","8":"product_cat-rechauds","10":"first","11":"instock","12":"shipping-taxable","13":"product-type-simple"},"_links":{"self":[{"href":"https:\/\/www.rgequip.com\/index.php?rest_route=\/wp\/v2\/product\/7997","targetHints":{"allow":["GET"]}}],"collection":[{"href":"https:\/\/www.rgequip.com\/index.php?rest_route=\/wp\/v2\/product"}],"about":[{"href":"https:\/\/www.rgequip.com\/index.php?rest_route=\/wp\/v2\/types\/product"}],"replies":[{"embeddable":true,"href":"https:\/\/www.rgequip.com\/index.php?rest_route=%2Fwp%2Fv2%2Fcomments&post=7997"}],"version-history":[{"count":1,"href":"https:\/\/www.rgequip.com\/index.php?rest_route=\/wp\/v2\/product\/7997\/revisions"}],"predecessor-version":[{"id":8000,"href":"https:\/\/www.rgequip.com\/index.php?rest_route=\/wp\/v2\/product\/7997\/revisions\/8000"}],"wp:featuredmedia":[{"embeddable":true,"href":"https:\/\/www.rgequip.com\/index.php?rest_route=\/wp\/v2\/media\/7998"}],"wp:attachment":[{"href":"https:\/\/www.rgequip.com\/index.php?rest_route=%2Fwp%2Fv2%2Fmedia&parent=7997"}],"wp:term":[{"taxonomy":"product_brand","embeddable":true,"href":"https:\/\/www.rgequip.com\/index.php?rest_route=%2Fwp%2Fv2%2Fproduct_brand&post=7997"},{"taxonomy":"product_cat","embeddable":true,"href":"https:\/\/www.rgequip.com\/index.php?rest_route=%2Fwp%2Fv2%2Fproduct_cat&post=7997"},{"taxonomy":"product_tag","embeddable":true,"href":"https:\/\/www.rgequip.com\/index.php?rest_route=%2Fwp%2Fv2%2Fproduct_tag&post=7997"}],"curies":[{"name":"wp","href":"https:\/\/api.w.org\/{rel}","templated":true}]}}