{"id":7932,"date":"2019-09-03T13:36:00","date_gmt":"2019-09-03T11:36:00","guid":{"rendered":"https:\/\/www.rgequip.com\/?post_type=product&#038;p=7932"},"modified":"2019-09-04T15:19:23","modified_gmt":"2019-09-04T13:19:23","slug":"table-centrale-inox-2000700850-cm","status":"publish","type":"product","link":"https:\/\/www.rgequip.com\/?product=table-centrale-inox-2000700850-cm","title":{"rendered":"Table Centrale Inox 2000*700*850 CM"},"content":{"rendered":"<ul>\n<li>Table inox d\u00e9montable<\/li>\n<li>Qualit\u00e9 inox alimentaire<\/li>\n<li>Dessus inox doubl\u00e9 m\u00e9lamin\u00e9 hydrofuge pour une meilleure insonorisation<\/li>\n<li>Bandeau p\u00e9riph\u00e9rique H-65 mm<\/li>\n<li>\u00c9tag\u00e8re inox \u00e0 200 mm du sol avec om\u00e9ga de renfort<\/li>\n<li>Pi\u00e9tement en tube inox 40 x 40 mm<\/li>\n<li>V\u00e9rins r\u00e9glables inox anti-d\u00e9rapants<\/li>\n<li>Livr\u00e9e d\u00e9mont\u00e9e : visserie et cl\u00e9 de serrage incluses<\/li>\n<\/ul>\n<p>&nbsp;<\/p>\n","protected":false},"excerpt":{"rendered":"<p>Table inox d\u00e9montable Qualit\u00e9 inox alimentaire Dessus inox doubl\u00e9 m\u00e9lamin\u00e9 hydrofuge pour une meilleure insonorisation Bandeau p\u00e9riph\u00e9rique H-65 mm \u00c9tag\u00e8re<\/p>\n","protected":false},"featured_media":7939,"comment_status":"open","ping_status":"closed","template":"","meta":[],"product_brand":[],"product_cat":[406,411],"product_tag":[],"class_list":{"0":"post-7932","1":"product","2":"type-product","3":"status-publish","4":"has-post-thumbnail","6":"product_cat-autres-inox","7":"product_cat-tables-inox","9":"first","10":"instock","11":"shipping-taxable","12":"product-type-simple"},"_links":{"self":[{"href":"https:\/\/www.rgequip.com\/index.php?rest_route=\/wp\/v2\/product\/7932","targetHints":{"allow":["GET"]}}],"collection":[{"href":"https:\/\/www.rgequip.com\/index.php?rest_route=\/wp\/v2\/product"}],"about":[{"href":"https:\/\/www.rgequip.com\/index.php?rest_route=\/wp\/v2\/types\/product"}],"replies":[{"embeddable":true,"href":"https:\/\/www.rgequip.com\/index.php?rest_route=%2Fwp%2Fv2%2Fcomments&post=7932"}],"version-history":[{"count":0,"href":"https:\/\/www.rgequip.com\/index.php?rest_route=\/wp\/v2\/product\/7932\/revisions"}],"wp:featuredmedia":[{"embeddable":true,"href":"https:\/\/www.rgequip.com\/index.php?rest_route=\/wp\/v2\/media\/7939"}],"wp:attachment":[{"href":"https:\/\/www.rgequip.com\/index.php?rest_route=%2Fwp%2Fv2%2Fmedia&parent=7932"}],"wp:term":[{"taxonomy":"product_brand","embeddable":true,"href":"https:\/\/www.rgequip.com\/index.php?rest_route=%2Fwp%2Fv2%2Fproduct_brand&post=7932"},{"taxonomy":"product_cat","embeddable":true,"href":"https:\/\/www.rgequip.com\/index.php?rest_route=%2Fwp%2Fv2%2Fproduct_cat&post=7932"},{"taxonomy":"product_tag","embeddable":true,"href":"https:\/\/www.rgequip.com\/index.php?rest_route=%2Fwp%2Fv2%2Fproduct_tag&post=7932"}],"curies":[{"name":"wp","href":"https:\/\/api.w.org\/{rel}","templated":true}]}}