{"id":7844,"date":"2019-09-02T13:14:31","date_gmt":"2019-09-02T11:14:31","guid":{"rendered":"https:\/\/www.rgequip.com\/?post_type=product&#038;p=7844"},"modified":"2019-09-02T13:14:32","modified_gmt":"2019-09-02T11:14:32","slug":"plancha-rainure-electrique-305120","status":"publish","type":"product","link":"https:\/\/www.rgequip.com\/?product=plancha-rainure-electrique-305120","title":{"rendered":"Plancha Rainur\u00e9 Electrique 30*51*20"},"content":{"rendered":"<p>Cette plancha \u00e9lectrique poss\u00e8de une surface de cuisson importante.<br \/>\nIl est aliment\u00e9e par une r\u00e9sistances en inox avec 2 zones de chauffe ind\u00e9pendantes.<br \/>\nLa r\u00e9gulation par thermostat permet un r\u00e9glage pr\u00e9cis des temp\u00e9ratures de cuisson.<br \/>\nR\u00e9alis\u00e9 sur un ch\u00e2ssis en acier inox avec pieds r\u00e9glables cela favorisent la mise \u00e0 niveau du bac de r\u00e9cup\u00e9ration des jus de cuisson.<br \/>\nCette plaque \u00e0 snacker donnera une cuisson homog\u00e8ne, saine, conservant les qualit\u00e9s organoleptiques des aliments.<br \/>\nCette plancha pro est ainsi id\u00e9ale pour les professionnels de la restauration, foodtrucks, snacks &#8230;\u00a0anti-\u00e9claboussures , elle vous garantira une nettoyage facile et s&#8217;adaptera \u00e0 votre cuisine.<br \/>\nSa structure en inox vous apportera \u00e9galement une excellente robustesse et long\u00e9vit\u00e9 dans le temps. Compacte et l\u00e9g\u00e8re elle sera \u00e9galement facile \u00e0 transporter.<\/p>\n","protected":false},"excerpt":{"rendered":"<p>Cette plancha \u00e9lectrique poss\u00e8de une surface de cuisson importante. Il est aliment\u00e9e par une r\u00e9sistances en inox avec 2 zones<\/p>\n","protected":false},"featured_media":7845,"comment_status":"open","ping_status":"closed","template":"","meta":[],"product_brand":[],"product_cat":[226,261,235],"product_tag":[],"class_list":{"0":"post-7844","1":"product","2":"type-product","3":"status-publish","4":"has-post-thumbnail","6":"product_cat-cuisson","7":"product_cat-plancha","8":"product_cat-snacking","10":"first","11":"instock","12":"shipping-taxable","13":"product-type-simple"},"_links":{"self":[{"href":"https:\/\/www.rgequip.com\/index.php?rest_route=\/wp\/v2\/product\/7844","targetHints":{"allow":["GET"]}}],"collection":[{"href":"https:\/\/www.rgequip.com\/index.php?rest_route=\/wp\/v2\/product"}],"about":[{"href":"https:\/\/www.rgequip.com\/index.php?rest_route=\/wp\/v2\/types\/product"}],"replies":[{"embeddable":true,"href":"https:\/\/www.rgequip.com\/index.php?rest_route=%2Fwp%2Fv2%2Fcomments&post=7844"}],"version-history":[{"count":0,"href":"https:\/\/www.rgequip.com\/index.php?rest_route=\/wp\/v2\/product\/7844\/revisions"}],"wp:featuredmedia":[{"embeddable":true,"href":"https:\/\/www.rgequip.com\/index.php?rest_route=\/wp\/v2\/media\/7845"}],"wp:attachment":[{"href":"https:\/\/www.rgequip.com\/index.php?rest_route=%2Fwp%2Fv2%2Fmedia&parent=7844"}],"wp:term":[{"taxonomy":"product_brand","embeddable":true,"href":"https:\/\/www.rgequip.com\/index.php?rest_route=%2Fwp%2Fv2%2Fproduct_brand&post=7844"},{"taxonomy":"product_cat","embeddable":true,"href":"https:\/\/www.rgequip.com\/index.php?rest_route=%2Fwp%2Fv2%2Fproduct_cat&post=7844"},{"taxonomy":"product_tag","embeddable":true,"href":"https:\/\/www.rgequip.com\/index.php?rest_route=%2Fwp%2Fv2%2Fproduct_tag&post=7844"}],"curies":[{"name":"wp","href":"https:\/\/api.w.org\/{rel}","templated":true}]}}