{"id":7737,"date":"2019-09-02T11:46:30","date_gmt":"2019-09-02T09:46:30","guid":{"rendered":"https:\/\/www.rgequip.com\/?post_type=product&#038;p=7737"},"modified":"2019-09-02T12:29:58","modified_gmt":"2019-09-02T10:29:58","slug":"plancha-lisse-a-gaz","status":"publish","type":"product","link":"https:\/\/www.rgequip.com\/?product=plancha-lisse-a-gaz","title":{"rendered":"Plancha Lisse \u00e0 Gaz"},"content":{"rendered":"<p>Ce Plancha\u00a0 est dot\u00e9e d&#8217;une plaque en acier chrom\u00e9 qui vous permettra une cuisson homog\u00e8ne et rapide gr\u00e2ce \u00e0 l&#8217;excellente restitution de chaleur qu&#8217;elle apporte.<br \/>\nVous pourrez ainsi tous vos aliments : viandes, poissons, l\u00e9gumes &#8230;.<br \/>\nSa surface de cuisson lisse vous permettra de cuire plusieurs \u00e9l\u00e9ments \u00e0 la fois.<br \/>\nGr\u00e2ce \u00e0 son thermostat r\u00e9glable et ses indicateurs lumineux, vous aurez la possibilit\u00e9 de r\u00e9gler la temp\u00e9rature id\u00e9ale avec pr\u00e9cision pour toutes vos cuissons.<br \/>\nCette plancha pro est ainsi id\u00e9ale pour les professionnels de la restauration, foodtrucks, snacks &#8230;<br \/>\nAvec ses protections anti-\u00e9claboussures , elle vous garantira une nettoyage facile et s&#8217;adaptera \u00e0 votre cuisine.<br \/>\nSa structure en inox vous apportera \u00e9galement une excellente robustesse et long\u00e9vit\u00e9 dans le temps. Compacte et l\u00e9g\u00e8re elle sera \u00e9galement facile \u00e0 transporter.<\/p>\n","protected":false},"excerpt":{"rendered":"<p>Ce Plancha\u00a0 est dot\u00e9e d&#8217;une plaque en acier chrom\u00e9 qui vous permettra une cuisson homog\u00e8ne et rapide gr\u00e2ce \u00e0 l&#8217;excellente<\/p>\n","protected":false},"featured_media":7835,"comment_status":"open","ping_status":"closed","template":"","meta":[],"product_brand":[],"product_cat":[226,261,235],"product_tag":[],"class_list":{"0":"post-7737","1":"product","2":"type-product","3":"status-publish","4":"has-post-thumbnail","6":"product_cat-cuisson","7":"product_cat-plancha","8":"product_cat-snacking","10":"first","11":"instock","12":"shipping-taxable","13":"product-type-simple"},"_links":{"self":[{"href":"https:\/\/www.rgequip.com\/index.php?rest_route=\/wp\/v2\/product\/7737","targetHints":{"allow":["GET"]}}],"collection":[{"href":"https:\/\/www.rgequip.com\/index.php?rest_route=\/wp\/v2\/product"}],"about":[{"href":"https:\/\/www.rgequip.com\/index.php?rest_route=\/wp\/v2\/types\/product"}],"replies":[{"embeddable":true,"href":"https:\/\/www.rgequip.com\/index.php?rest_route=%2Fwp%2Fv2%2Fcomments&post=7737"}],"version-history":[{"count":0,"href":"https:\/\/www.rgequip.com\/index.php?rest_route=\/wp\/v2\/product\/7737\/revisions"}],"wp:featuredmedia":[{"embeddable":true,"href":"https:\/\/www.rgequip.com\/index.php?rest_route=\/wp\/v2\/media\/7835"}],"wp:attachment":[{"href":"https:\/\/www.rgequip.com\/index.php?rest_route=%2Fwp%2Fv2%2Fmedia&parent=7737"}],"wp:term":[{"taxonomy":"product_brand","embeddable":true,"href":"https:\/\/www.rgequip.com\/index.php?rest_route=%2Fwp%2Fv2%2Fproduct_brand&post=7737"},{"taxonomy":"product_cat","embeddable":true,"href":"https:\/\/www.rgequip.com\/index.php?rest_route=%2Fwp%2Fv2%2Fproduct_cat&post=7737"},{"taxonomy":"product_tag","embeddable":true,"href":"https:\/\/www.rgequip.com\/index.php?rest_route=%2Fwp%2Fv2%2Fproduct_tag&post=7737"}],"curies":[{"name":"wp","href":"https:\/\/api.w.org\/{rel}","templated":true}]}}