{"id":7733,"date":"2019-09-02T03:33:14","date_gmt":"2019-09-02T01:33:14","guid":{"rendered":"https:\/\/www.rgequip.com\/?post_type=product&#038;p=7733"},"modified":"2019-09-02T11:29:30","modified_gmt":"2019-09-02T09:29:30","slug":"mini-rechaud-a-poser-1-feu-3030","status":"publish","type":"product","link":"https:\/\/www.rgequip.com\/?product=mini-rechaud-a-poser-1-feu-3030","title":{"rendered":"Mini R\u00e9chaud \u00e0 Poser 1 Feu 30*30"},"content":{"rendered":"<ul class=\"coeur_features\">\n<li>Connexion \u00e0 une bouteille de gaz butane\/propane avec un d\u00e9tenteur (de 8 \u00e0 13 kg)<\/li>\n<li>Grande surface de chauffe qui permet de cuire des plats \u00e0 des volumes importants. Utilisation pr\u00e9conis\u00e9e en ext\u00e9rieur.<\/li>\n<li>Puissance 9 kW et surface de chauffe 30 cm<\/li>\n<li>Adaptateur t\u00e9tine cannel\u00e9e pour un raccord facile<\/li>\n<li>Doux, moyen ou feu vif<\/li>\n<li>Usage domestique et professionnel<\/li>\n<li>bon r\u00e9chaud et les 2 zones de chauffage permettent un bon r\u00e9glage de la temp\u00e9rature<\/li>\n<\/ul>\n","protected":false},"excerpt":{"rendered":"<p>Connexion \u00e0 une bouteille de gaz butane\/propane avec un d\u00e9tenteur (de 8 \u00e0 13 kg) Grande surface de chauffe qui<\/p>\n","protected":false},"featured_media":7732,"comment_status":"open","ping_status":"closed","template":"","meta":[],"product_brand":[],"product_cat":[226,240,228],"product_tag":[],"class_list":{"0":"post-7733","1":"product","2":"type-product","3":"status-publish","4":"has-post-thumbnail","6":"product_cat-cuisson","7":"product_cat-r-gaz","8":"product_cat-rechauds","10":"first","11":"instock","12":"shipping-taxable","13":"product-type-simple"},"_links":{"self":[{"href":"https:\/\/www.rgequip.com\/index.php?rest_route=\/wp\/v2\/product\/7733","targetHints":{"allow":["GET"]}}],"collection":[{"href":"https:\/\/www.rgequip.com\/index.php?rest_route=\/wp\/v2\/product"}],"about":[{"href":"https:\/\/www.rgequip.com\/index.php?rest_route=\/wp\/v2\/types\/product"}],"replies":[{"embeddable":true,"href":"https:\/\/www.rgequip.com\/index.php?rest_route=%2Fwp%2Fv2%2Fcomments&post=7733"}],"version-history":[{"count":0,"href":"https:\/\/www.rgequip.com\/index.php?rest_route=\/wp\/v2\/product\/7733\/revisions"}],"wp:featuredmedia":[{"embeddable":true,"href":"https:\/\/www.rgequip.com\/index.php?rest_route=\/wp\/v2\/media\/7732"}],"wp:attachment":[{"href":"https:\/\/www.rgequip.com\/index.php?rest_route=%2Fwp%2Fv2%2Fmedia&parent=7733"}],"wp:term":[{"taxonomy":"product_brand","embeddable":true,"href":"https:\/\/www.rgequip.com\/index.php?rest_route=%2Fwp%2Fv2%2Fproduct_brand&post=7733"},{"taxonomy":"product_cat","embeddable":true,"href":"https:\/\/www.rgequip.com\/index.php?rest_route=%2Fwp%2Fv2%2Fproduct_cat&post=7733"},{"taxonomy":"product_tag","embeddable":true,"href":"https:\/\/www.rgequip.com\/index.php?rest_route=%2Fwp%2Fv2%2Fproduct_tag&post=7733"}],"curies":[{"name":"wp","href":"https:\/\/api.w.org\/{rel}","templated":true}]}}