{"id":7668,"date":"2019-08-30T15:15:47","date_gmt":"2019-08-30T13:15:47","guid":{"rendered":"https:\/\/www.rgequip.com\/?post_type=product&#038;p=7668"},"modified":"2019-08-30T15:15:48","modified_gmt":"2019-08-30T13:15:48","slug":"rechaud-sur-four-03-feux-1506085","status":"publish","type":"product","link":"https:\/\/www.rgequip.com\/?product=rechaud-sur-four-03-feux-1506085","title":{"rendered":"R\u00e9chaud Sur Four 03 Feux 150*60*85"},"content":{"rendered":"<p>Le r\u00e9chaud professionnel avec four est un mod\u00e8le triple, \u00e9quip\u00e9 de trois feux de cuisson avec trois grilles en fonte.<br \/>\nTout d&#8217;abord, son four \u00e9lectrique peut \u00eatre utiliser pour cuire, r\u00e9chauffer ou maintenir \u00e0 temp\u00e9rature tout type de pr\u00e9parations culinaires.<br \/>\nDe plus, il est capable de supporter parfaitement n&#8217;importe quelle casserole.<br \/>\nEn outre, comme autre caract\u00e9ristiques nous pouvons ajouter que ce r\u00e9chaud est en acier inoxydable et des br\u00fbleurs \u00e0 haute teneur en calories\u00a0 sont utilis\u00e9s.<br \/>\nLa conception ergonomique peut \u00eatre utilis\u00e9e confortablement. De m\u00eame il poss\u00e8de des options GPL et GN.<br \/>\nEn outre, gr\u00e2ce \u00e0 son syst\u00e8me de r\u00e9gulation par vanne gaz avec veilleuse de s\u00e9curit\u00e9 et thermocouple, elle vous garanti une cuisson rapide et est facilement nettoyable.<\/p>\n","protected":false},"excerpt":{"rendered":"<p>Le r\u00e9chaud professionnel avec four est un mod\u00e8le triple, \u00e9quip\u00e9 de trois feux de cuisson avec trois grilles en fonte.<\/p>\n","protected":false},"featured_media":7673,"comment_status":"open","ping_status":"closed","template":"","meta":[],"product_brand":[],"product_cat":[226,240,228],"product_tag":[],"class_list":{"0":"post-7668","1":"product","2":"type-product","3":"status-publish","4":"has-post-thumbnail","6":"product_cat-cuisson","7":"product_cat-r-gaz","8":"product_cat-rechauds","10":"first","11":"instock","12":"shipping-taxable","13":"product-type-simple"},"_links":{"self":[{"href":"https:\/\/www.rgequip.com\/index.php?rest_route=\/wp\/v2\/product\/7668","targetHints":{"allow":["GET"]}}],"collection":[{"href":"https:\/\/www.rgequip.com\/index.php?rest_route=\/wp\/v2\/product"}],"about":[{"href":"https:\/\/www.rgequip.com\/index.php?rest_route=\/wp\/v2\/types\/product"}],"replies":[{"embeddable":true,"href":"https:\/\/www.rgequip.com\/index.php?rest_route=%2Fwp%2Fv2%2Fcomments&post=7668"}],"version-history":[{"count":0,"href":"https:\/\/www.rgequip.com\/index.php?rest_route=\/wp\/v2\/product\/7668\/revisions"}],"wp:featuredmedia":[{"embeddable":true,"href":"https:\/\/www.rgequip.com\/index.php?rest_route=\/wp\/v2\/media\/7673"}],"wp:attachment":[{"href":"https:\/\/www.rgequip.com\/index.php?rest_route=%2Fwp%2Fv2%2Fmedia&parent=7668"}],"wp:term":[{"taxonomy":"product_brand","embeddable":true,"href":"https:\/\/www.rgequip.com\/index.php?rest_route=%2Fwp%2Fv2%2Fproduct_brand&post=7668"},{"taxonomy":"product_cat","embeddable":true,"href":"https:\/\/www.rgequip.com\/index.php?rest_route=%2Fwp%2Fv2%2Fproduct_cat&post=7668"},{"taxonomy":"product_tag","embeddable":true,"href":"https:\/\/www.rgequip.com\/index.php?rest_route=%2Fwp%2Fv2%2Fproduct_tag&post=7668"}],"curies":[{"name":"wp","href":"https:\/\/api.w.org\/{rel}","templated":true}]}}