{"id":7665,"date":"2019-08-30T14:23:39","date_gmt":"2019-08-30T12:23:39","guid":{"rendered":"https:\/\/www.rgequip.com\/?post_type=product&#038;p=7665"},"modified":"2019-08-30T14:23:39","modified_gmt":"2019-08-30T12:23:39","slug":"rechaud-avec-pieds-4-feux-808085","status":"publish","type":"product","link":"https:\/\/www.rgequip.com\/?product=rechaud-avec-pieds-4-feux-808085","title":{"rendered":"R\u00e9chaud Avec Pieds 4 Feux 80*80*85"},"content":{"rendered":"<p>Il s&#8217;agit d&#8217;un appareil professionnel avec une flamme pilote r\u00e9glable. Tout d&#8217;abord, gr\u00e2ce \u00e0 ces\u00a0 pieds, il est parfaitement solide et stable.<br \/>\nDe plus, il est capable de supporter parfaitement n&#8217;importe quelle casserole.<br \/>\nComme autre caract\u00e9ristiques nous pouvons ajouter que ce r\u00e9chaud est en acier inoxydable et des br\u00fbleurs \u00e0 haute teneur en calories\u00a0 sont utilis\u00e9s.<br \/>\nLa conception ergonomique peut \u00eatre utilis\u00e9e confortablement. De m\u00eame il poss\u00e8de des options GPL et GN.<br \/>\nEn outre, gr\u00e2ce \u00e0 son syst\u00e8me de r\u00e9gulation par vanne gaz avec veilleuse de s\u00e9curit\u00e9 et thermocouple, elle vous garanti une cuisson rapide et est facilement nettoyable.<br \/>\nPar mesure de s\u00e9curit\u00e9, nous vous conseillons un technicien certifi\u00e9 pour son installation.<\/p>\n","protected":false},"excerpt":{"rendered":"<p>Il s&#8217;agit d&#8217;un appareil professionnel avec une flamme pilote r\u00e9glable. Tout d&#8217;abord, gr\u00e2ce \u00e0 ces\u00a0 pieds, il est parfaitement solide<\/p>\n","protected":false},"featured_media":7666,"comment_status":"open","ping_status":"closed","template":"","meta":[],"product_brand":[],"product_cat":[226,240,228],"product_tag":[],"class_list":{"0":"post-7665","1":"product","2":"type-product","3":"status-publish","4":"has-post-thumbnail","6":"product_cat-cuisson","7":"product_cat-r-gaz","8":"product_cat-rechauds","10":"first","11":"instock","12":"shipping-taxable","13":"product-type-simple"},"_links":{"self":[{"href":"https:\/\/www.rgequip.com\/index.php?rest_route=\/wp\/v2\/product\/7665","targetHints":{"allow":["GET"]}}],"collection":[{"href":"https:\/\/www.rgequip.com\/index.php?rest_route=\/wp\/v2\/product"}],"about":[{"href":"https:\/\/www.rgequip.com\/index.php?rest_route=\/wp\/v2\/types\/product"}],"replies":[{"embeddable":true,"href":"https:\/\/www.rgequip.com\/index.php?rest_route=%2Fwp%2Fv2%2Fcomments&post=7665"}],"version-history":[{"count":0,"href":"https:\/\/www.rgequip.com\/index.php?rest_route=\/wp\/v2\/product\/7665\/revisions"}],"wp:featuredmedia":[{"embeddable":true,"href":"https:\/\/www.rgequip.com\/index.php?rest_route=\/wp\/v2\/media\/7666"}],"wp:attachment":[{"href":"https:\/\/www.rgequip.com\/index.php?rest_route=%2Fwp%2Fv2%2Fmedia&parent=7665"}],"wp:term":[{"taxonomy":"product_brand","embeddable":true,"href":"https:\/\/www.rgequip.com\/index.php?rest_route=%2Fwp%2Fv2%2Fproduct_brand&post=7665"},{"taxonomy":"product_cat","embeddable":true,"href":"https:\/\/www.rgequip.com\/index.php?rest_route=%2Fwp%2Fv2%2Fproduct_cat&post=7665"},{"taxonomy":"product_tag","embeddable":true,"href":"https:\/\/www.rgequip.com\/index.php?rest_route=%2Fwp%2Fv2%2Fproduct_tag&post=7665"}],"curies":[{"name":"wp","href":"https:\/\/api.w.org\/{rel}","templated":true}]}}