{"id":7636,"date":"2019-08-30T12:39:55","date_gmt":"2019-08-30T10:39:55","guid":{"rendered":"https:\/\/www.rgequip.com\/?post_type=product&#038;p=7636"},"modified":"2019-08-30T14:18:01","modified_gmt":"2019-08-30T12:18:01","slug":"rechaud-bas-1-feu","status":"publish","type":"product","link":"https:\/\/www.rgequip.com\/?product=rechaud-bas-1-feu","title":{"rendered":"R\u00e9chaud Bas 1 feu"},"content":{"rendered":"<p>Appareil professionnel avec une grille sup\u00e9rieure et un br\u00fbleur double couronne \u00e0 flamme pilote r\u00e9glable.<br \/>\nTout d&#8217;abord, avec ces 4 <a href=\"https:\/\/www.rgequip.com\/product-category\/cuisson\/rechauds\/\">pieds<\/a>, il est parfaitement solide et stable.<br \/>\nDe plus, il est capable de supporter parfaitement n&#8217;importe quelle casserole jusqu&#8217;\u00e0 100 litres.<\/p>\n<p>Par mesure de s\u00e9curit\u00e9, nous vous conseillons un technicien certifi\u00e9 pour son installation.<br \/>\nComme autre caract\u00e9ristiques nous pouvons ajouter que ce <a href=\"https:\/\/fr.wikipedia.org\/wiki\/R%C3%A9chaud\" target=\"_blank\">r\u00e9chaud<\/a> est en acier inoxydable<br \/>\net des br\u00fbleurs \u00e0 haute teneur en calories\u00a0 sont utilis\u00e9s.<\/p>\n<p>La conception ergonomique de ce r\u00e9chaud peut \u00eatre utilis\u00e9e confortablement.<br \/>\nDe m\u00eame il poss\u00e8de des options GPL et GN. En outre, gr\u00e2ce \u00e0 son syst\u00e8me de r\u00e9gulation par vanne gaz avec veilleuse<br \/>\nde s\u00e9curit\u00e9 et thermocouple, elle vous garanti une cuisson rapide et est facilement nettoyable.<\/p>\n","protected":false},"excerpt":{"rendered":"<p>Appareil professionnel avec une grille sup\u00e9rieure et un br\u00fbleur double couronne \u00e0 flamme pilote r\u00e9glable. Tout d&#8217;abord, avec ces 4<\/p>\n","protected":false},"featured_media":7639,"comment_status":"open","ping_status":"closed","template":"","meta":[],"product_brand":[],"product_cat":[226,240,228],"product_tag":[],"class_list":{"0":"post-7636","1":"product","2":"type-product","3":"status-publish","4":"has-post-thumbnail","6":"product_cat-cuisson","7":"product_cat-r-gaz","8":"product_cat-rechauds","10":"first","11":"instock","12":"shipping-taxable","13":"product-type-simple"},"_links":{"self":[{"href":"https:\/\/www.rgequip.com\/index.php?rest_route=\/wp\/v2\/product\/7636","targetHints":{"allow":["GET"]}}],"collection":[{"href":"https:\/\/www.rgequip.com\/index.php?rest_route=\/wp\/v2\/product"}],"about":[{"href":"https:\/\/www.rgequip.com\/index.php?rest_route=\/wp\/v2\/types\/product"}],"replies":[{"embeddable":true,"href":"https:\/\/www.rgequip.com\/index.php?rest_route=%2Fwp%2Fv2%2Fcomments&post=7636"}],"version-history":[{"count":1,"href":"https:\/\/www.rgequip.com\/index.php?rest_route=\/wp\/v2\/product\/7636\/revisions"}],"predecessor-version":[{"id":7655,"href":"https:\/\/www.rgequip.com\/index.php?rest_route=\/wp\/v2\/product\/7636\/revisions\/7655"}],"wp:featuredmedia":[{"embeddable":true,"href":"https:\/\/www.rgequip.com\/index.php?rest_route=\/wp\/v2\/media\/7639"}],"wp:attachment":[{"href":"https:\/\/www.rgequip.com\/index.php?rest_route=%2Fwp%2Fv2%2Fmedia&parent=7636"}],"wp:term":[{"taxonomy":"product_brand","embeddable":true,"href":"https:\/\/www.rgequip.com\/index.php?rest_route=%2Fwp%2Fv2%2Fproduct_brand&post=7636"},{"taxonomy":"product_cat","embeddable":true,"href":"https:\/\/www.rgequip.com\/index.php?rest_route=%2Fwp%2Fv2%2Fproduct_cat&post=7636"},{"taxonomy":"product_tag","embeddable":true,"href":"https:\/\/www.rgequip.com\/index.php?rest_route=%2Fwp%2Fv2%2Fproduct_tag&post=7636"}],"curies":[{"name":"wp","href":"https:\/\/api.w.org\/{rel}","templated":true}]}}