{"id":7484,"date":"2019-08-27T17:19:27","date_gmt":"2019-08-27T15:19:27","guid":{"rendered":"https:\/\/www.rgequip.com\/?post_type=product&#038;p=7484"},"modified":"2019-08-27T17:19:28","modified_gmt":"2019-08-27T15:19:28","slug":"mixeur-plongeant","status":"publish","type":"product","link":"https:\/\/www.rgequip.com\/?product=mixeur-plongeant","title":{"rendered":"Mixeur plongeant"},"content":{"rendered":"<p>Ce\u00a0Mixeur\u00a0sera votre meilleur alli\u00e9 pour r\u00e9duire en pur\u00e9e, mixer et hacher des aliments chauds ou froids. Avec une tige en acier inoxydable pour une meilleure long\u00e9vit\u00e9, il est con\u00e7u pour environ 50 litres avec une tige de 235 mm. En outre, avec une r\u00e9gulation de vitesse en continu, ce Mixeur atteindra une vitesse max de 15000 t.\/min afin de r\u00e9aliser votre pur\u00e9e, de mixer ou encore hacher vos aliments. Le couteau fait un diam\u00e8tre de 46 mm et poss\u00e8de 2 lames. De plus, avec le fouet et l&#8217;\u00e9mulsionneur vendus s\u00e9par\u00e9ment , il vous sera \u00e9galement possible de m\u00e9langer, faire monter et d&#8217;\u00e9mulsifier.<\/p>\n","protected":false},"excerpt":{"rendered":"<p>Ce\u00a0Mixeur\u00a0sera votre meilleur alli\u00e9 pour r\u00e9duire en pur\u00e9e, mixer et hacher des aliments chauds ou froids. Avec une tige en<\/p>\n","protected":false},"featured_media":7488,"comment_status":"open","ping_status":"closed","template":"","meta":[],"product_brand":[],"product_cat":[337,351,339],"product_tag":[],"class_list":{"0":"post-7484","1":"product","2":"type-product","3":"status-publish","4":"has-post-thumbnail","6":"product_cat-preparation","7":"product_cat-mixer-plongeant","8":"product_cat-robots-coupe","10":"first","11":"instock","12":"shipping-taxable","13":"product-type-simple"},"_links":{"self":[{"href":"https:\/\/www.rgequip.com\/index.php?rest_route=\/wp\/v2\/product\/7484","targetHints":{"allow":["GET"]}}],"collection":[{"href":"https:\/\/www.rgequip.com\/index.php?rest_route=\/wp\/v2\/product"}],"about":[{"href":"https:\/\/www.rgequip.com\/index.php?rest_route=\/wp\/v2\/types\/product"}],"replies":[{"embeddable":true,"href":"https:\/\/www.rgequip.com\/index.php?rest_route=%2Fwp%2Fv2%2Fcomments&post=7484"}],"version-history":[{"count":0,"href":"https:\/\/www.rgequip.com\/index.php?rest_route=\/wp\/v2\/product\/7484\/revisions"}],"wp:featuredmedia":[{"embeddable":true,"href":"https:\/\/www.rgequip.com\/index.php?rest_route=\/wp\/v2\/media\/7488"}],"wp:attachment":[{"href":"https:\/\/www.rgequip.com\/index.php?rest_route=%2Fwp%2Fv2%2Fmedia&parent=7484"}],"wp:term":[{"taxonomy":"product_brand","embeddable":true,"href":"https:\/\/www.rgequip.com\/index.php?rest_route=%2Fwp%2Fv2%2Fproduct_brand&post=7484"},{"taxonomy":"product_cat","embeddable":true,"href":"https:\/\/www.rgequip.com\/index.php?rest_route=%2Fwp%2Fv2%2Fproduct_cat&post=7484"},{"taxonomy":"product_tag","embeddable":true,"href":"https:\/\/www.rgequip.com\/index.php?rest_route=%2Fwp%2Fv2%2Fproduct_tag&post=7484"}],"curies":[{"name":"wp","href":"https:\/\/api.w.org\/{rel}","templated":true}]}}