{"id":7476,"date":"2019-08-27T14:44:05","date_gmt":"2019-08-27T12:44:05","guid":{"rendered":"https:\/\/www.rgequip.com\/?post_type=product&#038;p=7476"},"modified":"2019-08-27T15:14:40","modified_gmt":"2019-08-27T13:14:40","slug":"friteuse-electrique-grande-capacite-2-cuves-2-x-10-l","status":"publish","type":"product","link":"https:\/\/www.rgequip.com\/?product=friteuse-electrique-grande-capacite-2-cuves-2-x-10-l","title":{"rendered":"Friteuse \u00e9lectrique grande capacit\u00e9 \u2013 2 cuves 2 x 10 L"},"content":{"rendered":"<p>Cette friteuse \u00e9lectrique professionnelle est \u00e9quip\u00e9e de 2 paniers de 10 L et d&#8217;un commutateur<br \/>\npour un contr\u00f4le ind\u00e9pendant des zones de friture.<br \/>\nCette flexibilit\u00e9 d\u2019utilisation permet de ma\u00eetriser la consommation d\u2019huile et d\u2019alterner les fritures.<br \/>\nLa zone froide de la friteuse \u00e9lectrique professionnelle assure des cuissons sans transmission de go\u00fbt ni d\u2019odeur.<br \/>\nLa\u00a0zone froide\u00a0permet ainsi de\u00a0frire successivement dans le m\u00eame bain d\u2019huile\u00a0des\u00a0frites, poissons, beignets.<br \/>\nCette zone froide au fond de la friteuse consiste en\u00a0un filtrage automatique de l\u2019huile par d\u00e9cantation.<\/p>\n<p>Pendant la cuisson, des r\u00e9sidus de fritures tombent au fond de la friteuse inox.<br \/>\nEn cas de surchauffe ou d\u2019insuffisance d\u2019huile, le thermostat de s\u00e9curit\u00e9 se d\u00e9clenche et stoppe le fonctionnement de la friteuse inox. L\u2019entretien s\u2019effectue en toute s\u00e9curit\u00e9. Cette friteuse \u00e9lectrique est \u00e9quip\u00e9e de deux robinets de vidange gros d\u00e9bit \u00e0 l\u2019int\u00e9rieur du coffre.<\/p>\n","protected":false},"excerpt":{"rendered":"<p>Cette friteuse \u00e9lectrique professionnelle est \u00e9quip\u00e9e de 2 paniers de 10 L et d&#8217;un commutateur pour un contr\u00f4le ind\u00e9pendant des<\/p>\n","protected":false},"featured_media":7485,"comment_status":"open","ping_status":"closed","template":"","meta":[],"product_brand":[],"product_cat":[226,256,233],"product_tag":[],"class_list":{"0":"post-7476","1":"product","2":"type-product","3":"status-publish","4":"has-post-thumbnail","6":"product_cat-cuisson","7":"product_cat-f-electrique","8":"product_cat-friteuses","10":"first","11":"instock","12":"shipping-taxable","13":"product-type-simple"},"_links":{"self":[{"href":"https:\/\/www.rgequip.com\/index.php?rest_route=\/wp\/v2\/product\/7476","targetHints":{"allow":["GET"]}}],"collection":[{"href":"https:\/\/www.rgequip.com\/index.php?rest_route=\/wp\/v2\/product"}],"about":[{"href":"https:\/\/www.rgequip.com\/index.php?rest_route=\/wp\/v2\/types\/product"}],"replies":[{"embeddable":true,"href":"https:\/\/www.rgequip.com\/index.php?rest_route=%2Fwp%2Fv2%2Fcomments&post=7476"}],"version-history":[{"count":1,"href":"https:\/\/www.rgequip.com\/index.php?rest_route=\/wp\/v2\/product\/7476\/revisions"}],"predecessor-version":[{"id":7486,"href":"https:\/\/www.rgequip.com\/index.php?rest_route=\/wp\/v2\/product\/7476\/revisions\/7486"}],"wp:featuredmedia":[{"embeddable":true,"href":"https:\/\/www.rgequip.com\/index.php?rest_route=\/wp\/v2\/media\/7485"}],"wp:attachment":[{"href":"https:\/\/www.rgequip.com\/index.php?rest_route=%2Fwp%2Fv2%2Fmedia&parent=7476"}],"wp:term":[{"taxonomy":"product_brand","embeddable":true,"href":"https:\/\/www.rgequip.com\/index.php?rest_route=%2Fwp%2Fv2%2Fproduct_brand&post=7476"},{"taxonomy":"product_cat","embeddable":true,"href":"https:\/\/www.rgequip.com\/index.php?rest_route=%2Fwp%2Fv2%2Fproduct_cat&post=7476"},{"taxonomy":"product_tag","embeddable":true,"href":"https:\/\/www.rgequip.com\/index.php?rest_route=%2Fwp%2Fv2%2Fproduct_tag&post=7476"}],"curies":[{"name":"wp","href":"https:\/\/api.w.org\/{rel}","templated":true}]}}