{"id":7469,"date":"2019-08-27T13:33:10","date_gmt":"2019-08-27T11:33:10","guid":{"rendered":"https:\/\/www.rgequip.com\/?post_type=product&#038;p=7469"},"modified":"2019-08-27T13:33:10","modified_gmt":"2019-08-27T11:33:10","slug":"rechaud-a-gaz-avec-deux-bruleurs-en-fonte","status":"publish","type":"product","link":"https:\/\/www.rgequip.com\/?product=rechaud-a-gaz-avec-deux-bruleurs-en-fonte","title":{"rendered":"R\u00e9chaud \u00e0 Gaz Avec Deux Br\u00fbleurs en Fonte"},"content":{"rendered":"<p>Elle poss\u00e8de:<\/p>\n<ul>\n<li><span> Corps en acier inoxydable <\/span><\/li>\n<li><span>Fonte de type industriel <\/span><\/li>\n<li><span>Cuisini\u00e8res avec plateau ramasse-miettes en acier inoxydable <\/span><\/li>\n<li><span>Chacun des br\u00fbleurs de br\u00fbleur 4 kW au total, 2 pi\u00e8ces <\/span><\/li>\n<li><span>Soupape de s\u00e9curit\u00e9 <\/span><\/li>\n<li><span>Allumage pi\u00e9zo\u00e9lectrique <\/span><\/li>\n<li><span>Pieds r\u00e9glables en hauteur <\/span><\/li>\n<li><span>Compatible GPL ou gaz naturel<\/span><\/li>\n<\/ul>\n","protected":false},"excerpt":{"rendered":"<p>Elle poss\u00e8de: Corps en acier inoxydable Fonte de type industriel Cuisini\u00e8res avec plateau ramasse-miettes en acier inoxydable Chacun des br\u00fbleurs<\/p>\n","protected":false},"featured_media":7470,"comment_status":"open","ping_status":"closed","template":"","meta":[],"product_brand":[],"product_cat":[226,240,228],"product_tag":[],"class_list":{"0":"post-7469","1":"product","2":"type-product","3":"status-publish","4":"has-post-thumbnail","6":"product_cat-cuisson","7":"product_cat-r-gaz","8":"product_cat-rechauds","10":"first","11":"instock","12":"shipping-taxable","13":"product-type-simple"},"_links":{"self":[{"href":"https:\/\/www.rgequip.com\/index.php?rest_route=\/wp\/v2\/product\/7469","targetHints":{"allow":["GET"]}}],"collection":[{"href":"https:\/\/www.rgequip.com\/index.php?rest_route=\/wp\/v2\/product"}],"about":[{"href":"https:\/\/www.rgequip.com\/index.php?rest_route=\/wp\/v2\/types\/product"}],"replies":[{"embeddable":true,"href":"https:\/\/www.rgequip.com\/index.php?rest_route=%2Fwp%2Fv2%2Fcomments&post=7469"}],"version-history":[{"count":0,"href":"https:\/\/www.rgequip.com\/index.php?rest_route=\/wp\/v2\/product\/7469\/revisions"}],"wp:featuredmedia":[{"embeddable":true,"href":"https:\/\/www.rgequip.com\/index.php?rest_route=\/wp\/v2\/media\/7470"}],"wp:attachment":[{"href":"https:\/\/www.rgequip.com\/index.php?rest_route=%2Fwp%2Fv2%2Fmedia&parent=7469"}],"wp:term":[{"taxonomy":"product_brand","embeddable":true,"href":"https:\/\/www.rgequip.com\/index.php?rest_route=%2Fwp%2Fv2%2Fproduct_brand&post=7469"},{"taxonomy":"product_cat","embeddable":true,"href":"https:\/\/www.rgequip.com\/index.php?rest_route=%2Fwp%2Fv2%2Fproduct_cat&post=7469"},{"taxonomy":"product_tag","embeddable":true,"href":"https:\/\/www.rgequip.com\/index.php?rest_route=%2Fwp%2Fv2%2Fproduct_tag&post=7469"}],"curies":[{"name":"wp","href":"https:\/\/api.w.org\/{rel}","templated":true}]}}