{"id":7462,"date":"2019-08-27T12:35:27","date_gmt":"2019-08-27T10:35:27","guid":{"rendered":"https:\/\/www.rgequip.com\/?post_type=product&#038;p=7462"},"modified":"2019-10-08T10:34:55","modified_gmt":"2019-10-08T08:34:55","slug":"friteuse-gaz-et-electrique-cuiseur-a-pates-electrique-10-l2","status":"publish","type":"product","link":"https:\/\/www.rgequip.com\/?product=friteuse-gaz-et-electrique-cuiseur-a-pates-electrique-10-l2","title":{"rendered":"Friteuse  Electrique Double 10*2"},"content":{"rendered":"<p>La chambre de la friteuse est une presse monobloc avec les coins arrondis ce qui facilitent le nettoyage et l&#8217;hygi\u00e8ne. La capacit\u00e9 de 10 litres de la tr\u00e9mie\u00a0emp\u00eache ainsi des d\u00e9bordements. La chambre de la friteuse est soud\u00e9e \u00e0 la table sup\u00e9rieure afin qu&#8217;aucune trace de soudure ne soit visible. Ainsi, le corps en acier inoxydable a une longue dur\u00e9e de vie et une structure durable. La temp\u00e9rature de l&#8217;huile dans la piscine peut \u00eatre ajust\u00e9e jusqu&#8217;\u00e0 190 \u00b0C . Et un autre thermostat de s\u00e9curit\u00e9 est disponible pour emp\u00eacher l&#8217;huile de surchauffer. La s\u00e9curit\u00e9 est accrue avec le syst\u00e8me d&#8217;allumage du briquet Piezzo. De m\u00eame la vanne de vidange permet une vidange simple et sure . Gr\u00e2ce \u00e0 des chauffages en acier inoxydable et \u00e0 faible densit\u00e9 de puissance, l&#8217;huile peut \u00eatre utilis\u00e9e pendant une longue p\u00e9riode. Ainsi, une temp\u00e9rature d&#8217;huile appropri\u00e9e et un nettoyage facile sont fournis.<\/p>\n","protected":false},"excerpt":{"rendered":"<p>La chambre de la friteuse est une presse monobloc avec les coins arrondis ce qui facilitent le nettoyage et l&#8217;hygi\u00e8ne.<\/p>\n","protected":false},"featured_media":7465,"comment_status":"open","ping_status":"closed","template":"","meta":[],"product_brand":[],"product_cat":[226,255,233],"product_tag":[],"class_list":{"0":"post-7462","1":"product","2":"type-product","3":"status-publish","4":"has-post-thumbnail","6":"product_cat-cuisson","7":"product_cat-friteuse-gaz","8":"product_cat-friteuses","10":"first","11":"instock","12":"shipping-taxable","13":"product-type-simple"},"_links":{"self":[{"href":"https:\/\/www.rgequip.com\/index.php?rest_route=\/wp\/v2\/product\/7462","targetHints":{"allow":["GET"]}}],"collection":[{"href":"https:\/\/www.rgequip.com\/index.php?rest_route=\/wp\/v2\/product"}],"about":[{"href":"https:\/\/www.rgequip.com\/index.php?rest_route=\/wp\/v2\/types\/product"}],"replies":[{"embeddable":true,"href":"https:\/\/www.rgequip.com\/index.php?rest_route=%2Fwp%2Fv2%2Fcomments&post=7462"}],"version-history":[{"count":0,"href":"https:\/\/www.rgequip.com\/index.php?rest_route=\/wp\/v2\/product\/7462\/revisions"}],"wp:featuredmedia":[{"embeddable":true,"href":"https:\/\/www.rgequip.com\/index.php?rest_route=\/wp\/v2\/media\/7465"}],"wp:attachment":[{"href":"https:\/\/www.rgequip.com\/index.php?rest_route=%2Fwp%2Fv2%2Fmedia&parent=7462"}],"wp:term":[{"taxonomy":"product_brand","embeddable":true,"href":"https:\/\/www.rgequip.com\/index.php?rest_route=%2Fwp%2Fv2%2Fproduct_brand&post=7462"},{"taxonomy":"product_cat","embeddable":true,"href":"https:\/\/www.rgequip.com\/index.php?rest_route=%2Fwp%2Fv2%2Fproduct_cat&post=7462"},{"taxonomy":"product_tag","embeddable":true,"href":"https:\/\/www.rgequip.com\/index.php?rest_route=%2Fwp%2Fv2%2Fproduct_tag&post=7462"}],"curies":[{"name":"wp","href":"https:\/\/api.w.org\/{rel}","templated":true}]}}