{"id":7459,"date":"2019-08-27T11:53:54","date_gmt":"2019-08-27T09:53:54","guid":{"rendered":"https:\/\/www.rgequip.com\/?post_type=product&#038;p=7459"},"modified":"2019-08-27T11:53:54","modified_gmt":"2019-08-27T09:53:54","slug":"rechaud-a-poser-avec-quatre-feux-et-bruleur-en-fonte-17kw","status":"publish","type":"product","link":"https:\/\/www.rgequip.com\/?product=rechaud-a-poser-avec-quatre-feux-et-bruleur-en-fonte-17kw","title":{"rendered":"R\u00e9chaud \u00e0 Poser avec Quatre Feux et Br\u00fbleur en Fonte  17KW"},"content":{"rendered":"<p><span>Les quatre br\u00fbleurs en fonte \u00e0 haut rendement de 4 kW sont disponibles pour r\u00e9pondre aux exigences des clients en mati\u00e8re de cuisson \u00e0 hautes performances . Les br\u00fbleurs ont une puissance nominale de 4 kW et une puissance allant de 1,3 \u00e0 4 max de <\/span><span>puissance. Chaque br\u00fbleur ouvert est \u00e9quip\u00e9 d\u2019un dispositif d\u2019extinction de flamme qui rend son utilisation confortable et s\u00fbre . De m\u00eame il est dot\u00e9 d\u2019un support de casserole en fonte et des <\/span><span>Br\u00fbleurs \u00e0 combustion optimis\u00e9s. Il est construit pour fonctionner au gaz naturel ou au butane et poss\u00e8de \u00e9galement des injections de rechange. La conception allie \u00e0 la fois simplicit\u00e9 d&#8217;utilisation, facilit\u00e9 d&#8217;entretien et robustesse.<\/span><\/p>\n","protected":false},"excerpt":{"rendered":"<p>Les quatre br\u00fbleurs en fonte \u00e0 haut rendement de 4 kW sont disponibles pour r\u00e9pondre aux exigences des clients en<\/p>\n","protected":false},"featured_media":7461,"comment_status":"open","ping_status":"closed","template":"","meta":[],"product_brand":[],"product_cat":[226,241,240,228],"product_tag":[],"class_list":{"0":"post-7459","1":"product","2":"type-product","3":"status-publish","4":"has-post-thumbnail","6":"product_cat-cuisson","7":"product_cat-r-electrique","8":"product_cat-r-gaz","9":"product_cat-rechauds","11":"first","12":"instock","13":"shipping-taxable","14":"product-type-simple"},"_links":{"self":[{"href":"https:\/\/www.rgequip.com\/index.php?rest_route=\/wp\/v2\/product\/7459","targetHints":{"allow":["GET"]}}],"collection":[{"href":"https:\/\/www.rgequip.com\/index.php?rest_route=\/wp\/v2\/product"}],"about":[{"href":"https:\/\/www.rgequip.com\/index.php?rest_route=\/wp\/v2\/types\/product"}],"replies":[{"embeddable":true,"href":"https:\/\/www.rgequip.com\/index.php?rest_route=%2Fwp%2Fv2%2Fcomments&post=7459"}],"version-history":[{"count":0,"href":"https:\/\/www.rgequip.com\/index.php?rest_route=\/wp\/v2\/product\/7459\/revisions"}],"wp:featuredmedia":[{"embeddable":true,"href":"https:\/\/www.rgequip.com\/index.php?rest_route=\/wp\/v2\/media\/7461"}],"wp:attachment":[{"href":"https:\/\/www.rgequip.com\/index.php?rest_route=%2Fwp%2Fv2%2Fmedia&parent=7459"}],"wp:term":[{"taxonomy":"product_brand","embeddable":true,"href":"https:\/\/www.rgequip.com\/index.php?rest_route=%2Fwp%2Fv2%2Fproduct_brand&post=7459"},{"taxonomy":"product_cat","embeddable":true,"href":"https:\/\/www.rgequip.com\/index.php?rest_route=%2Fwp%2Fv2%2Fproduct_cat&post=7459"},{"taxonomy":"product_tag","embeddable":true,"href":"https:\/\/www.rgequip.com\/index.php?rest_route=%2Fwp%2Fv2%2Fproduct_tag&post=7459"}],"curies":[{"name":"wp","href":"https:\/\/api.w.org\/{rel}","templated":true}]}}