{"id":7415,"date":"2019-08-26T16:02:59","date_gmt":"2019-08-26T14:02:59","guid":{"rendered":"https:\/\/www.rgequip.com\/?post_type=product&#038;p=7415"},"modified":"2019-08-26T16:03:00","modified_gmt":"2019-08-26T14:03:00","slug":"cellule-de-refroidissement-5-niveaux","status":"publish","type":"product","link":"https:\/\/www.rgequip.com\/?product=cellule-de-refroidissement-5-niveaux","title":{"rendered":"Cellule de refroidissement 5 niveaux"},"content":{"rendered":"<p>Int\u00e9rieur et ext\u00e9rieur en acier inox AISI304 (sauf fond ext\u00e9rieur en acier galvanis\u00e9)<\/p>\n<p>Isolation 60 mm<\/p>\n<p>\u00c9vaporateur trait\u00e9 anti-corrosion trait\u00e9 cataphor\u00e8se<\/p>\n<p>Sonde \u00e0 c\u0153ur<\/p>\n<p>Portes non r\u00e9versibles ferr\u00e9e \u00e0 gauche (ferrage \u00e0 droite sur demande usine)<\/p>\n<p>Joints de porte magn\u00e9tiques clips\u00e9s ais\u00e9ment d\u00e9montables<\/p>\n<p>Compartiment de l&#8217;\u00e9vaporateur ais\u00e9ment accessible<\/p>\n<p>Cr\u00e9maill\u00e8res inox d\u00e9montables sans outils pas 70mm<\/p>\n<p>Pieds r\u00e9glables en inox \u00a0hauteur 60 \u00e0 85 mm<\/p>\n<p>Am\u00e9nagement interne compos\u00e9 de glissi\u00e8res inox pour bacs gastronorm GN1\/1 530&#215;325 mm ou\u00a0plaques\/bacs euronorm 600&#215;400 mm (en option)<\/p>\n","protected":false},"excerpt":{"rendered":"<p>Int\u00e9rieur et ext\u00e9rieur en acier inox AISI304 (sauf fond ext\u00e9rieur en acier galvanis\u00e9) Isolation 60 mm \u00c9vaporateur trait\u00e9 anti-corrosion trait\u00e9<\/p>\n","protected":false},"featured_media":7416,"comment_status":"open","ping_status":"closed","template":"","meta":[],"product_brand":[],"product_cat":[268,294,273],"product_tag":[],"class_list":{"0":"post-7415","1":"product","2":"type-product","3":"status-publish","4":"has-post-thumbnail","6":"product_cat-froids","7":"product_cat-cellule-refroidissement","8":"product_cat-congelateurs","10":"first","11":"instock","12":"shipping-taxable","13":"product-type-simple"},"_links":{"self":[{"href":"https:\/\/www.rgequip.com\/index.php?rest_route=\/wp\/v2\/product\/7415","targetHints":{"allow":["GET"]}}],"collection":[{"href":"https:\/\/www.rgequip.com\/index.php?rest_route=\/wp\/v2\/product"}],"about":[{"href":"https:\/\/www.rgequip.com\/index.php?rest_route=\/wp\/v2\/types\/product"}],"replies":[{"embeddable":true,"href":"https:\/\/www.rgequip.com\/index.php?rest_route=%2Fwp%2Fv2%2Fcomments&post=7415"}],"version-history":[{"count":1,"href":"https:\/\/www.rgequip.com\/index.php?rest_route=\/wp\/v2\/product\/7415\/revisions"}],"predecessor-version":[{"id":7417,"href":"https:\/\/www.rgequip.com\/index.php?rest_route=\/wp\/v2\/product\/7415\/revisions\/7417"}],"wp:featuredmedia":[{"embeddable":true,"href":"https:\/\/www.rgequip.com\/index.php?rest_route=\/wp\/v2\/media\/7416"}],"wp:attachment":[{"href":"https:\/\/www.rgequip.com\/index.php?rest_route=%2Fwp%2Fv2%2Fmedia&parent=7415"}],"wp:term":[{"taxonomy":"product_brand","embeddable":true,"href":"https:\/\/www.rgequip.com\/index.php?rest_route=%2Fwp%2Fv2%2Fproduct_brand&post=7415"},{"taxonomy":"product_cat","embeddable":true,"href":"https:\/\/www.rgequip.com\/index.php?rest_route=%2Fwp%2Fv2%2Fproduct_cat&post=7415"},{"taxonomy":"product_tag","embeddable":true,"href":"https:\/\/www.rgequip.com\/index.php?rest_route=%2Fwp%2Fv2%2Fproduct_tag&post=7415"}],"curies":[{"name":"wp","href":"https:\/\/api.w.org\/{rel}","templated":true}]}}