{"id":7410,"date":"2019-08-26T15:37:22","date_gmt":"2019-08-26T13:37:22","guid":{"rendered":"https:\/\/www.rgequip.com\/?post_type=product&#038;p=7410"},"modified":"2019-11-01T09:55:17","modified_gmt":"2019-11-01T08:55:17","slug":"laminoir-a-bande-500700","status":"publish","type":"product","link":"https:\/\/www.rgequip.com\/?product=laminoir-a-bande-500700","title":{"rendered":"LAMINOIR A BANDE 500*700"},"content":{"rendered":"<p>Le laminoir pour p\u00e2tisserie permet la r\u00e9alisation sur place de toutes sorte de p\u00e2te ainsi que le travail de feuilletage. Les racleurs sup\u00e9rieurs et inf\u00e9rieurs sont facilement d\u00e9montable pour le nettoyage. De m\u00eame les cylindres peuvent \u00eatre r\u00e9gl\u00e9s pour des p\u00e2tes tr\u00e8s fines,\u00e9paisseur de 0.1 \u00e0 47 mm.<\/p>\n","protected":false},"excerpt":{"rendered":"<p>Le laminoir pour p\u00e2tisserie permet la r\u00e9alisation sur place de toutes sorte de p\u00e2te ainsi que le travail de feuilletage.<\/p>\n","protected":false},"featured_media":7412,"comment_status":"open","ping_status":"closed","template":"","meta":[],"product_brand":[],"product_cat":[369,391,375],"product_tag":[],"class_list":{"0":"post-7410","1":"product","2":"type-product","3":"status-publish","4":"has-post-thumbnail","6":"product_cat-boulangerie","7":"product_cat-laminoirs","8":"product_cat-patisserie-et-specialistes","10":"first","11":"instock","12":"shipping-taxable","13":"product-type-simple"},"_links":{"self":[{"href":"https:\/\/www.rgequip.com\/index.php?rest_route=\/wp\/v2\/product\/7410","targetHints":{"allow":["GET"]}}],"collection":[{"href":"https:\/\/www.rgequip.com\/index.php?rest_route=\/wp\/v2\/product"}],"about":[{"href":"https:\/\/www.rgequip.com\/index.php?rest_route=\/wp\/v2\/types\/product"}],"replies":[{"embeddable":true,"href":"https:\/\/www.rgequip.com\/index.php?rest_route=%2Fwp%2Fv2%2Fcomments&post=7410"}],"version-history":[{"count":0,"href":"https:\/\/www.rgequip.com\/index.php?rest_route=\/wp\/v2\/product\/7410\/revisions"}],"wp:featuredmedia":[{"embeddable":true,"href":"https:\/\/www.rgequip.com\/index.php?rest_route=\/wp\/v2\/media\/7412"}],"wp:attachment":[{"href":"https:\/\/www.rgequip.com\/index.php?rest_route=%2Fwp%2Fv2%2Fmedia&parent=7410"}],"wp:term":[{"taxonomy":"product_brand","embeddable":true,"href":"https:\/\/www.rgequip.com\/index.php?rest_route=%2Fwp%2Fv2%2Fproduct_brand&post=7410"},{"taxonomy":"product_cat","embeddable":true,"href":"https:\/\/www.rgequip.com\/index.php?rest_route=%2Fwp%2Fv2%2Fproduct_cat&post=7410"},{"taxonomy":"product_tag","embeddable":true,"href":"https:\/\/www.rgequip.com\/index.php?rest_route=%2Fwp%2Fv2%2Fproduct_tag&post=7410"}],"curies":[{"name":"wp","href":"https:\/\/api.w.org\/{rel}","templated":true}]}}