{"id":7404,"date":"2019-08-26T14:46:02","date_gmt":"2019-08-26T12:46:02","guid":{"rendered":"https:\/\/www.rgequip.com\/?post_type=product&#038;p=7404"},"modified":"2019-08-26T16:21:03","modified_gmt":"2019-08-26T14:21:03","slug":"vitrine-compacte-refrigeree","status":"publish","type":"product","link":"https:\/\/www.rgequip.com\/?product=vitrine-compacte-refrigeree","title":{"rendered":"Vitrine compacte r\u00e9frig\u00e9r\u00e9e"},"content":{"rendered":"<p>Compacte mais avec une excellente surface d&#8217;exposition. La vitrine\u00a0 permet de rentabiliser l&#8217;espace occup\u00e9. De m\u00eame, elle se r\u00e9v\u00e8le \u00eatre le bon choix pour la commercialisation des produits alimentaires dans des espaces \u00e0 petite dimension. Dot\u00e9 d&#8217;un Plan d&#8217;exposition en inox, d&#8217;une \u00e9tag\u00e8re interm\u00e9diaire en verre, d&#8217;un plan de travail et de service en marbre et de vitres droites. rabattables &#8211;<\/p>\n","protected":false},"excerpt":{"rendered":"<p>Compacte mais avec une excellente surface d&#8217;exposition. La vitrine\u00a0 permet de rentabiliser l&#8217;espace occup\u00e9. De m\u00eame, elle se r\u00e9v\u00e8le \u00eatre<\/p>\n","protected":false},"featured_media":7419,"comment_status":"open","ping_status":"closed","template":"","meta":[],"product_brand":[],"product_cat":[369,386],"product_tag":[],"class_list":{"0":"post-7404","1":"product","2":"type-product","3":"status-publish","4":"has-post-thumbnail","6":"product_cat-boulangerie","7":"product_cat-vitrines-espaces-de-vente","9":"first","10":"instock","11":"shipping-taxable","12":"product-type-simple"},"_links":{"self":[{"href":"https:\/\/www.rgequip.com\/index.php?rest_route=\/wp\/v2\/product\/7404","targetHints":{"allow":["GET"]}}],"collection":[{"href":"https:\/\/www.rgequip.com\/index.php?rest_route=\/wp\/v2\/product"}],"about":[{"href":"https:\/\/www.rgequip.com\/index.php?rest_route=\/wp\/v2\/types\/product"}],"replies":[{"embeddable":true,"href":"https:\/\/www.rgequip.com\/index.php?rest_route=%2Fwp%2Fv2%2Fcomments&post=7404"}],"version-history":[{"count":0,"href":"https:\/\/www.rgequip.com\/index.php?rest_route=\/wp\/v2\/product\/7404\/revisions"}],"wp:featuredmedia":[{"embeddable":true,"href":"https:\/\/www.rgequip.com\/index.php?rest_route=\/wp\/v2\/media\/7419"}],"wp:attachment":[{"href":"https:\/\/www.rgequip.com\/index.php?rest_route=%2Fwp%2Fv2%2Fmedia&parent=7404"}],"wp:term":[{"taxonomy":"product_brand","embeddable":true,"href":"https:\/\/www.rgequip.com\/index.php?rest_route=%2Fwp%2Fv2%2Fproduct_brand&post=7404"},{"taxonomy":"product_cat","embeddable":true,"href":"https:\/\/www.rgequip.com\/index.php?rest_route=%2Fwp%2Fv2%2Fproduct_cat&post=7404"},{"taxonomy":"product_tag","embeddable":true,"href":"https:\/\/www.rgequip.com\/index.php?rest_route=%2Fwp%2Fv2%2Fproduct_tag&post=7404"}],"curies":[{"name":"wp","href":"https:\/\/api.w.org\/{rel}","templated":true}]}}