{"id":7390,"date":"2019-08-26T12:41:49","date_gmt":"2019-08-26T10:41:49","guid":{"rendered":"https:\/\/www.rgequip.com\/?post_type=product&#038;p=7390"},"modified":"2019-08-26T12:46:11","modified_gmt":"2019-08-26T10:46:11","slug":"diviseuse-manuelle-11-kg-de-pate","status":"publish","type":"product","link":"https:\/\/www.rgequip.com\/?product=diviseuse-manuelle-11-kg-de-pate","title":{"rendered":"Diviseuse manuelle 11 kg de p\u00e2te"},"content":{"rendered":"<p>Cette diviseuse manuelle est con\u00e7ue pour la coupe de p\u00e2tes de boulangerie et p\u00e2tisserie. Sa grande facilit\u00e9 d&#8217;utilisation lui procure une efficacit\u00e9 totale. La simplicit\u00e9 du processus de coupe permet a cet \u00e9quipement d\u2019\u00eatre adaptable \u00e0 tout type d&#8217;activit\u00e9s. Elle poss\u00e8de un grand respect de la p\u00e2te avec des syst\u00e8mes de division d\u00e9licats. De m\u00eame, la simplicit\u00e9 extr\u00eame du processus de coupe garantit l\u2019efficacit\u00e9 totale de cet \u00e9quipement. Enfin, elle ne demandent qu\u2019une faible maintenance.<\/p>\n","protected":false},"excerpt":{"rendered":"<p>Cette diviseuse manuelle est con\u00e7ue pour la coupe de p\u00e2tes de boulangerie et p\u00e2tisserie. Sa grande facilit\u00e9 d&#8217;utilisation lui procure<\/p>\n","protected":false},"featured_media":7395,"comment_status":"open","ping_status":"closed","template":"","meta":[],"product_brand":[],"product_cat":[369,377,370],"product_tag":[],"class_list":{"0":"post-7390","1":"product","2":"type-product","3":"status-publish","4":"has-post-thumbnail","6":"product_cat-boulangerie","7":"product_cat-diviseuses","8":"product_cat-production-de-pain","10":"first","11":"instock","12":"shipping-taxable","13":"product-type-simple"},"_links":{"self":[{"href":"https:\/\/www.rgequip.com\/index.php?rest_route=\/wp\/v2\/product\/7390","targetHints":{"allow":["GET"]}}],"collection":[{"href":"https:\/\/www.rgequip.com\/index.php?rest_route=\/wp\/v2\/product"}],"about":[{"href":"https:\/\/www.rgequip.com\/index.php?rest_route=\/wp\/v2\/types\/product"}],"replies":[{"embeddable":true,"href":"https:\/\/www.rgequip.com\/index.php?rest_route=%2Fwp%2Fv2%2Fcomments&post=7390"}],"version-history":[{"count":0,"href":"https:\/\/www.rgequip.com\/index.php?rest_route=\/wp\/v2\/product\/7390\/revisions"}],"wp:featuredmedia":[{"embeddable":true,"href":"https:\/\/www.rgequip.com\/index.php?rest_route=\/wp\/v2\/media\/7395"}],"wp:attachment":[{"href":"https:\/\/www.rgequip.com\/index.php?rest_route=%2Fwp%2Fv2%2Fmedia&parent=7390"}],"wp:term":[{"taxonomy":"product_brand","embeddable":true,"href":"https:\/\/www.rgequip.com\/index.php?rest_route=%2Fwp%2Fv2%2Fproduct_brand&post=7390"},{"taxonomy":"product_cat","embeddable":true,"href":"https:\/\/www.rgequip.com\/index.php?rest_route=%2Fwp%2Fv2%2Fproduct_cat&post=7390"},{"taxonomy":"product_tag","embeddable":true,"href":"https:\/\/www.rgequip.com\/index.php?rest_route=%2Fwp%2Fv2%2Fproduct_tag&post=7390"}],"curies":[{"name":"wp","href":"https:\/\/api.w.org\/{rel}","templated":true}]}}