{"id":7385,"date":"2019-08-26T11:42:14","date_gmt":"2019-08-26T09:42:14","guid":{"rendered":"https:\/\/www.rgequip.com\/?post_type=product&#038;p=7385"},"modified":"2019-09-24T17:06:41","modified_gmt":"2019-09-24T15:06:41","slug":"machine-a-kebab-schawarma-avec-moteur-en-haut","status":"publish","type":"product","link":"https:\/\/www.rgequip.com\/?product=machine-a-kebab-schawarma-avec-moteur-en-haut","title":{"rendered":"Machine \u00e0 Schawarma 03 feux avec moteur en  haut"},"content":{"rendered":"<p>La machine rotative a 3 radians et poss\u00e8de des pierres radiantes en c\u00e9ramique import\u00e9es. Le corps de la machine est en acier inoxydable 304. La partie moteur de la machine est situ\u00e9e sur le c\u00f4t\u00e9 sup\u00e9rieur. Le moteur fonctionne sur une tension secteur de 220 V. De m\u00eame, les radiateurs de chauffage fonctionnent au gaz naturel. Enfin,c&#8217;est l&#8217;une des machines rotatives automatiques les plus pr\u00e9f\u00e9r\u00e9es.\u00a0Certifi\u00e9 CE.<\/p>\n<p><img decoding=\"async\" title=\"MOTEUR ROTATIF \u00c0 3 HAUT \u00c0 GAZ NATUREL ROTATIF\" src=\"http:\/\/baysan2.mgt.dia.com.tr\/media\/wysiwyg\/3_L_-_STTEN-MOTORLU-D_NER-OCA_I-DO_ALGAZLI.png\" alt=\"\" \/><\/p>\n","protected":false},"excerpt":{"rendered":"<p>La machine rotative a 3 radians et poss\u00e8de des pierres radiantes en c\u00e9ramique import\u00e9es. Le corps de la machine est<\/p>\n","protected":false},"featured_media":7387,"comment_status":"open","ping_status":"closed","template":"","meta":[],"product_brand":[],"product_cat":[226,263,235],"product_tag":[],"class_list":{"0":"post-7385","1":"product","2":"type-product","3":"status-publish","4":"has-post-thumbnail","6":"product_cat-cuisson","7":"product_cat-kebab","8":"product_cat-snacking","10":"first","11":"instock","12":"shipping-taxable","13":"product-type-simple"},"_links":{"self":[{"href":"https:\/\/www.rgequip.com\/index.php?rest_route=\/wp\/v2\/product\/7385","targetHints":{"allow":["GET"]}}],"collection":[{"href":"https:\/\/www.rgequip.com\/index.php?rest_route=\/wp\/v2\/product"}],"about":[{"href":"https:\/\/www.rgequip.com\/index.php?rest_route=\/wp\/v2\/types\/product"}],"replies":[{"embeddable":true,"href":"https:\/\/www.rgequip.com\/index.php?rest_route=%2Fwp%2Fv2%2Fcomments&post=7385"}],"version-history":[{"count":0,"href":"https:\/\/www.rgequip.com\/index.php?rest_route=\/wp\/v2\/product\/7385\/revisions"}],"wp:featuredmedia":[{"embeddable":true,"href":"https:\/\/www.rgequip.com\/index.php?rest_route=\/wp\/v2\/media\/7387"}],"wp:attachment":[{"href":"https:\/\/www.rgequip.com\/index.php?rest_route=%2Fwp%2Fv2%2Fmedia&parent=7385"}],"wp:term":[{"taxonomy":"product_brand","embeddable":true,"href":"https:\/\/www.rgequip.com\/index.php?rest_route=%2Fwp%2Fv2%2Fproduct_brand&post=7385"},{"taxonomy":"product_cat","embeddable":true,"href":"https:\/\/www.rgequip.com\/index.php?rest_route=%2Fwp%2Fv2%2Fproduct_cat&post=7385"},{"taxonomy":"product_tag","embeddable":true,"href":"https:\/\/www.rgequip.com\/index.php?rest_route=%2Fwp%2Fv2%2Fproduct_tag&post=7385"}],"curies":[{"name":"wp","href":"https:\/\/api.w.org\/{rel}","templated":true}]}}