{"id":7125,"date":"2019-08-21T02:12:45","date_gmt":"2019-08-21T00:12:45","guid":{"rendered":"https:\/\/www.rgequip.com\/?post_type=product&#038;p=7125"},"modified":"2019-08-21T10:41:54","modified_gmt":"2019-08-21T08:41:54","slug":"trancheuse-a-pain","status":"publish","type":"product","link":"https:\/\/www.rgequip.com\/?product=trancheuse-a-pain","title":{"rendered":"Trancheuse \u00e0 pain"},"content":{"rendered":"<p>* Tranches de pain de 16 mm d&#8217;\u00e9paisseur sym\u00e9triquement.<br \/>\n* Les roues et les bras porteurs se transportent facilement \u00e0 l&#8217;endroit d\u00e9sir\u00e9.\u00a0Syst\u00e8me de tranchage facile pour trancher le pain.<br \/>\n* Il dispose d&#8217;un syst\u00e8me d&#8217;impression ajust\u00e9 en fonction de la hauteur du pain.<br \/>\n* Aussi, Toutes les surfaces en contact avec le pain sont en acier inoxydable.<br \/>\n* De m\u00eame, gr\u00e2ce au bras de r\u00e9glage, il coupe le pain sans \u00e9craser ni d\u00e9chiqueter. et la machine s&#8217;\u00e9teint automatiquement apr\u00e8s le processus de coupe.<br \/>\n* Enfin, le corps est peint au four \u00e9lectrostatique.<\/p>\n","protected":false},"excerpt":{"rendered":"<p>* Tranches de pain de 16 mm d&#8217;\u00e9paisseur sym\u00e9triquement. * Les roues et les bras porteurs se transportent facilement \u00e0<\/p>\n","protected":false},"featured_media":7126,"comment_status":"open","ping_status":"closed","template":"","meta":[],"product_brand":[],"product_cat":[369,373,387],"product_tag":[],"class_list":{"0":"post-7125","1":"product","2":"type-product","3":"status-publish","4":"has-post-thumbnail","6":"product_cat-boulangerie","7":"product_cat-espaces-de-vente","8":"product_cat-trancheuses-a-pain","10":"first","11":"instock","12":"shipping-taxable","13":"product-type-simple"},"_links":{"self":[{"href":"https:\/\/www.rgequip.com\/index.php?rest_route=\/wp\/v2\/product\/7125","targetHints":{"allow":["GET"]}}],"collection":[{"href":"https:\/\/www.rgequip.com\/index.php?rest_route=\/wp\/v2\/product"}],"about":[{"href":"https:\/\/www.rgequip.com\/index.php?rest_route=\/wp\/v2\/types\/product"}],"replies":[{"embeddable":true,"href":"https:\/\/www.rgequip.com\/index.php?rest_route=%2Fwp%2Fv2%2Fcomments&post=7125"}],"version-history":[{"count":0,"href":"https:\/\/www.rgequip.com\/index.php?rest_route=\/wp\/v2\/product\/7125\/revisions"}],"wp:featuredmedia":[{"embeddable":true,"href":"https:\/\/www.rgequip.com\/index.php?rest_route=\/wp\/v2\/media\/7126"}],"wp:attachment":[{"href":"https:\/\/www.rgequip.com\/index.php?rest_route=%2Fwp%2Fv2%2Fmedia&parent=7125"}],"wp:term":[{"taxonomy":"product_brand","embeddable":true,"href":"https:\/\/www.rgequip.com\/index.php?rest_route=%2Fwp%2Fv2%2Fproduct_brand&post=7125"},{"taxonomy":"product_cat","embeddable":true,"href":"https:\/\/www.rgequip.com\/index.php?rest_route=%2Fwp%2Fv2%2Fproduct_cat&post=7125"},{"taxonomy":"product_tag","embeddable":true,"href":"https:\/\/www.rgequip.com\/index.php?rest_route=%2Fwp%2Fv2%2Fproduct_tag&post=7125"}],"curies":[{"name":"wp","href":"https:\/\/api.w.org\/{rel}","templated":true}]}}