{"id":7123,"date":"2019-08-21T02:03:57","date_gmt":"2019-08-21T00:03:57","guid":{"rendered":"https:\/\/www.rgequip.com\/?post_type=product&#038;p=7123"},"modified":"2019-08-21T10:40:55","modified_gmt":"2019-08-21T08:40:55","slug":"petrin-a-pate-45-kg","status":"publish","type":"product","link":"https:\/\/www.rgequip.com\/?product=petrin-a-pate-45-kg","title":{"rendered":"P\u00e9trin \u00e0 p\u00e2te 45 Kg 2 vitesses avec bouton minuterie"},"content":{"rendered":"<ul>\n<li>25kg de farine + 20lt d&#8217;eau, 45kg de p\u00e2te<\/li>\n<li>Taille de la chaudi\u00e8re: \u00f8600mm h: 290mm, 66lt<\/li>\n<li>Chaudi\u00e8re, fourche, arbre de fourche et circonf\u00e9rence en acier inoxydable<\/li>\n<li>Rouleau s\u00e9parateur de p\u00e2te au milieu de la chaudi\u00e8re<\/li>\n<li>Longue dur\u00e9e de vie avec r\u00e9ducteur en fonte<\/li>\n<li>Moteur et syst\u00e8me d&#8217;entra\u00eenement compl\u00e8tement \u00e0 l&#8217;int\u00e9rieur du bo\u00eetier<\/li>\n<li>1.0-1.3kw, 380V<\/li>\n<li>Dimensions de l&#8217;emballage: 69x100x105cm, 114kg<\/li>\n<\/ul>\n","protected":false},"excerpt":{"rendered":"<p>25kg de farine + 20lt d&#8217;eau, 45kg de p\u00e2te Taille de la chaudi\u00e8re: \u00f8600mm h: 290mm, 66lt Chaudi\u00e8re, fourche, arbre<\/p>\n","protected":false},"featured_media":7124,"comment_status":"open","ping_status":"closed","template":"","meta":[],"product_brand":[],"product_cat":[369,376,370],"product_tag":[],"class_list":{"0":"post-7123","1":"product","2":"type-product","3":"status-publish","4":"has-post-thumbnail","6":"product_cat-boulangerie","7":"product_cat-petrins","8":"product_cat-production-de-pain","10":"first","11":"instock","12":"shipping-taxable","13":"product-type-simple"},"_links":{"self":[{"href":"https:\/\/www.rgequip.com\/index.php?rest_route=\/wp\/v2\/product\/7123","targetHints":{"allow":["GET"]}}],"collection":[{"href":"https:\/\/www.rgequip.com\/index.php?rest_route=\/wp\/v2\/product"}],"about":[{"href":"https:\/\/www.rgequip.com\/index.php?rest_route=\/wp\/v2\/types\/product"}],"replies":[{"embeddable":true,"href":"https:\/\/www.rgequip.com\/index.php?rest_route=%2Fwp%2Fv2%2Fcomments&post=7123"}],"version-history":[{"count":0,"href":"https:\/\/www.rgequip.com\/index.php?rest_route=\/wp\/v2\/product\/7123\/revisions"}],"wp:featuredmedia":[{"embeddable":true,"href":"https:\/\/www.rgequip.com\/index.php?rest_route=\/wp\/v2\/media\/7124"}],"wp:attachment":[{"href":"https:\/\/www.rgequip.com\/index.php?rest_route=%2Fwp%2Fv2%2Fmedia&parent=7123"}],"wp:term":[{"taxonomy":"product_brand","embeddable":true,"href":"https:\/\/www.rgequip.com\/index.php?rest_route=%2Fwp%2Fv2%2Fproduct_brand&post=7123"},{"taxonomy":"product_cat","embeddable":true,"href":"https:\/\/www.rgequip.com\/index.php?rest_route=%2Fwp%2Fv2%2Fproduct_cat&post=7123"},{"taxonomy":"product_tag","embeddable":true,"href":"https:\/\/www.rgequip.com\/index.php?rest_route=%2Fwp%2Fv2%2Fproduct_tag&post=7123"}],"curies":[{"name":"wp","href":"https:\/\/api.w.org\/{rel}","templated":true}]}}