{"id":7120,"date":"2019-08-21T01:51:27","date_gmt":"2019-08-20T23:51:27","guid":{"rendered":"https:\/\/www.rgequip.com\/?post_type=product&#038;p=7120"},"modified":"2019-08-21T01:51:28","modified_gmt":"2019-08-20T23:51:28","slug":"vitrine-panoramique-4-faces-vitrees","status":"publish","type":"product","link":"https:\/\/www.rgequip.com\/?product=vitrine-panoramique-4-faces-vitrees","title":{"rendered":"Vitrine panoramique 4 faces vitr\u00e9es"},"content":{"rendered":"<ul>\n<li>Fabriqu\u00e9e en France<\/li>\n<li>Id\u00e9ale pour les patisseries, salons de th\u00e9, caf\u00e9t\u00e9rias, self-services<\/li>\n<li>Vitrine avec 5 grilles fixes (535 x 495 mm)<\/li>\n<li>Couleur gold<\/li>\n<li>Capacit\u00e9 360 litres, 4 faces vitr\u00e9es<\/li>\n<li>Froid homog\u00e8ne ventil\u00e9 +2 \u00e0 +10\u00b0, \u00e9vaporateur plac\u00e9 en partie haute<\/li>\n<li>D\u00e9givrage automatique avec thermostat \u00e9lectronique<\/li>\n<li>Parois \u00e0 double vitrage pour une parfaite isolation<\/li>\n<li>Porte \u00e0 fermeture magn\u00e9tique<\/li>\n<li>Existe en version pour chocolats, temp\u00e9rature +14\u00b0 \u00e0 +17\u00b0, hygrom\u00e9trie 40\/60%<\/li>\n<\/ul>\n","protected":false},"excerpt":{"rendered":"<p>Fabriqu\u00e9e en France Id\u00e9ale pour les patisseries, salons de th\u00e9, caf\u00e9t\u00e9rias, self-services Vitrine avec 5 grilles fixes (535 x 495<\/p>\n","protected":false},"featured_media":7122,"comment_status":"open","ping_status":"closed","template":"","meta":[],"product_brand":[],"product_cat":[369,373,268,290,272,386],"product_tag":[],"class_list":{"0":"post-7120","1":"product","2":"type-product","3":"status-publish","4":"has-post-thumbnail","6":"product_cat-boulangerie","7":"product_cat-espaces-de-vente","8":"product_cat-froids","9":"product_cat-v-murale","10":"product_cat-vitrines","11":"product_cat-vitrines-espaces-de-vente","13":"first","14":"instock","15":"shipping-taxable","16":"product-type-simple"},"_links":{"self":[{"href":"https:\/\/www.rgequip.com\/index.php?rest_route=\/wp\/v2\/product\/7120","targetHints":{"allow":["GET"]}}],"collection":[{"href":"https:\/\/www.rgequip.com\/index.php?rest_route=\/wp\/v2\/product"}],"about":[{"href":"https:\/\/www.rgequip.com\/index.php?rest_route=\/wp\/v2\/types\/product"}],"replies":[{"embeddable":true,"href":"https:\/\/www.rgequip.com\/index.php?rest_route=%2Fwp%2Fv2%2Fcomments&post=7120"}],"version-history":[{"count":0,"href":"https:\/\/www.rgequip.com\/index.php?rest_route=\/wp\/v2\/product\/7120\/revisions"}],"wp:featuredmedia":[{"embeddable":true,"href":"https:\/\/www.rgequip.com\/index.php?rest_route=\/wp\/v2\/media\/7122"}],"wp:attachment":[{"href":"https:\/\/www.rgequip.com\/index.php?rest_route=%2Fwp%2Fv2%2Fmedia&parent=7120"}],"wp:term":[{"taxonomy":"product_brand","embeddable":true,"href":"https:\/\/www.rgequip.com\/index.php?rest_route=%2Fwp%2Fv2%2Fproduct_brand&post=7120"},{"taxonomy":"product_cat","embeddable":true,"href":"https:\/\/www.rgequip.com\/index.php?rest_route=%2Fwp%2Fv2%2Fproduct_cat&post=7120"},{"taxonomy":"product_tag","embeddable":true,"href":"https:\/\/www.rgequip.com\/index.php?rest_route=%2Fwp%2Fv2%2Fproduct_tag&post=7120"}],"curies":[{"name":"wp","href":"https:\/\/api.w.org\/{rel}","templated":true}]}}