{"id":7115,"date":"2019-08-21T01:39:49","date_gmt":"2019-08-20T23:39:49","guid":{"rendered":"https:\/\/www.rgequip.com\/?post_type=product&#038;p=7115"},"modified":"2019-08-21T01:39:50","modified_gmt":"2019-08-20T23:39:50","slug":"four-modulaire-electrique","status":"publish","type":"product","link":"https:\/\/www.rgequip.com\/?product=four-modulaire-electrique","title":{"rendered":"Four modulaire \u00e9lectrique"},"content":{"rendered":"<h4><strong>CHAMBRE DE CUISSON<\/strong><\/h4>\n<p>Chambres totalement ind\u00e9pendantes avec possibilit\u00e9 de superposition jusqu\u2019\u00e0 5 niveaux.<br \/>\nContr\u00f4le ind\u00e9pendant de la temp\u00e9rature de la vo\u00fbte, de la dalle et de la porte.<br \/>\nCapacit\u00e9 par chambre:<br \/>\n&#8211; 1|2|3 plaques 75x45cm<br \/>\n&#8211; 4 plaques 60x40cm<br \/>\n&#8211; Chambres avec possibilit\u00e9 de quatre hauteurs utiles: 16|21|26|31 cm<br \/>\nIsolement thermique innovateur.\u00a0Syst\u00e8me d\u00e9velopp\u00e9 pour minimiser les pertes de chaleur, en maintenant l\u2018ext\u00e9rieur du four \u00e0 la temp\u00e9rature ambiante.<br \/>\nConstruction des chambres de cuisson est sp\u00e9cialement renforc\u00e9e pour supporter des temp\u00e9ratures constantes de 350\u00ba C ou sup\u00e9rieures, sur demande.<br \/>\nChambres de cuisson en acier inoxydable ((int\u00e9rieur et ext\u00e9rieur).<\/p>\n<h4 class=\"hei\">VAPORISATEUR<\/h4>\n<div>\n<p>Syst\u00e8me de vapeur ind\u00e9pendant pour chaque chambre.<br \/>\nRaccordements d\u2019eau et de vapeur en cuivre et en acier inox.<\/p>\n<\/div>\n<h4 class=\"hei\">CHAUFFE<\/h4>\n<div>\n<p>Syst\u00e8me de r\u00e9sistances tubulaires de derni\u00e8re g\u00e9n\u00e9ration qui permet une rapide mont\u00e9e de la temp\u00e9rature.<br \/>\nSyst\u00e8me \u00e0 maintenance facile.<\/p>\n<\/div>\n<h4 class=\"hei\">SOLES<\/h4>\n<div>\n<p>Soles construites en mat\u00e9riel r\u00e9fractaire, ayant 25mm d\u2019\u00e9paisseur, et d\u00e9velopp\u00e9es \u00e0 partir d\u2019une formule propre qui permet une plus grande dur\u00e9e de vie.<\/p>\n<\/div>\n<h4 class=\"hei\">PORTES<\/h4>\n<p>Portes en verre tremp\u00e9 \u00e0 construction tr\u00e8s robuste ayant 30mm d\u2019\u00e9paisseur et double vitrage.<\/p>\n<h4 class=\"hei\">PANNEAUX DE CONTR\u00d4LE<\/h4>\n<p>Fonctions de contr\u00f4le de la temp\u00e9rature pour voute et sole, le seul de son segment avec un pourcentage de puissance pour ia porte, adaptable selon l\u2019utilisation du four.<br \/>\nEclairage des chambres avec option de temporisation pour \u00e9conomie d\u2019\u00e9nergie.\u00a0Possibilit\u00e9 de d\u00e9brancher les vaporisateurs individuellement, en appuyant tout simplement sur le bouton, lorsque son utilisation n\u2019est pas n\u00e9cessaire pour une plus grande \u00e9conomie d\u2019\u00e9nergie.<br \/>\nDiagnostic de pannes. Avertissements de maintenance pr\u00e9ventive.<\/p>\n<p>&nbsp;<\/p>\n<p><strong>LCD<\/strong><\/p>\n<p>Panneaux de commande \u00e9lectronique avec LCD graphique.<br \/>\nEnregistrement de programmes de cuisson avec identification de chaque recette.<br \/>\nSyst\u00e8me de mise en route \u00e0 retardement programmable individuellement dans chaque chambre et pour chaque jour de la semaine.<\/p>\n<p><strong>NUM\u00c9RIQUE<\/strong><\/p>\n<p>S\u00e9lections directes sur les trois \u00e9crans num\u00e9riques.<br \/>\nLes \u00e9crans num\u00e9riques indiquent la temp\u00e9rature de la voute, la temp\u00e9rature de la sole et le temps de cuisson.<br \/>\nSyst\u00e8me de mise en route \u00e0 retardement par compte \u00e0 rebours du temps dans chaque chambre.<\/p>\n<h4 class=\"hei\">OPTIONS<\/h4>\n<p>\u00c9tuve avec contr\u00f4le automatique de la chaleur et de l\u2018humidit\u00e9 et portes en verre tremp\u00e9.<br \/>\nStructure d\u2019appui \u00e0 roulettes<br \/>\nHotte avec ou sans extracteur.<br \/>\nSoles r\u00e9fractaires ou en plaque d\u2019acier.<br \/>\nVaporisateurs incorpor\u00e9s dans chaque chambre de cuisson ou sans syst\u00e8me de vapeur.<\/p>\n<p><strong>Commandes:<\/strong><br \/>\n&#8211; Analogiques;<br \/>\n&#8211; Num\u00e9riques;<br \/>\n&#8211; LCD.<\/p>\n","protected":false},"excerpt":{"rendered":"<div>\n<p>Four \u00e9lectrique, compact et compl\u00e8tement modulaire.<br \/>\nId\u00e9al pour un travail \u00e0 vue du public.<br \/>\nAd\u00e9quat pour l\u2019h\u00f4tellerie et la petite boulangerie et p\u00e2tisserie.<br \/>\nComposition du four en fonction des besoins sp\u00e9cifiques du client.<\/p>\n<\/div>\n<h4 class=\"hei\"><\/h4>\n","protected":false},"featured_media":7118,"comment_status":"open","ping_status":"closed","template":"","meta":[],"product_brand":[],"product_cat":[369,226,243,229,384,245],"product_tag":[],"class_list":{"0":"post-7115","1":"product","2":"type-product","3":"status-publish","4":"has-post-thumbnail","6":"product_cat-boulangerie","7":"product_cat-cuisson","8":"product_cat-f-professionnels","9":"product_cat-fours","10":"product_cat-fours-combines-etuves","11":"product_cat-fours-mixtes","13":"first","14":"instock","15":"shipping-taxable","16":"product-type-simple"},"_links":{"self":[{"href":"https:\/\/www.rgequip.com\/index.php?rest_route=\/wp\/v2\/product\/7115","targetHints":{"allow":["GET"]}}],"collection":[{"href":"https:\/\/www.rgequip.com\/index.php?rest_route=\/wp\/v2\/product"}],"about":[{"href":"https:\/\/www.rgequip.com\/index.php?rest_route=\/wp\/v2\/types\/product"}],"replies":[{"embeddable":true,"href":"https:\/\/www.rgequip.com\/index.php?rest_route=%2Fwp%2Fv2%2Fcomments&post=7115"}],"version-history":[{"count":1,"href":"https:\/\/www.rgequip.com\/index.php?rest_route=\/wp\/v2\/product\/7115\/revisions"}],"predecessor-version":[{"id":7121,"href":"https:\/\/www.rgequip.com\/index.php?rest_route=\/wp\/v2\/product\/7115\/revisions\/7121"}],"wp:featuredmedia":[{"embeddable":true,"href":"https:\/\/www.rgequip.com\/index.php?rest_route=\/wp\/v2\/media\/7118"}],"wp:attachment":[{"href":"https:\/\/www.rgequip.com\/index.php?rest_route=%2Fwp%2Fv2%2Fmedia&parent=7115"}],"wp:term":[{"taxonomy":"product_brand","embeddable":true,"href":"https:\/\/www.rgequip.com\/index.php?rest_route=%2Fwp%2Fv2%2Fproduct_brand&post=7115"},{"taxonomy":"product_cat","embeddable":true,"href":"https:\/\/www.rgequip.com\/index.php?rest_route=%2Fwp%2Fv2%2Fproduct_cat&post=7115"},{"taxonomy":"product_tag","embeddable":true,"href":"https:\/\/www.rgequip.com\/index.php?rest_route=%2Fwp%2Fv2%2Fproduct_tag&post=7115"}],"curies":[{"name":"wp","href":"https:\/\/api.w.org\/{rel}","templated":true}]}}