{"id":7113,"date":"2019-08-21T01:16:21","date_gmt":"2019-08-20T23:16:21","guid":{"rendered":"https:\/\/www.rgequip.com\/?post_type=product&#038;p=7113"},"modified":"2019-08-21T01:16:22","modified_gmt":"2019-08-20T23:16:22","slug":"batteur-melangeur-40l-cuve-de-reduction-20l","status":"publish","type":"product","link":"https:\/\/www.rgequip.com\/?product=batteur-melangeur-40l-cuve-de-reduction-20l","title":{"rendered":"Batteur m\u00e9langeur 40L + cuve de reduction 20L"},"content":{"rendered":"<ul>\n<li><span>aucune d\u00e9formation, m\u00eame \u00e0 <\/span><span>pleine\u00a0charge ou utilisation<\/span><\/li>\n<li><span>bo\u00eetier en acier de 4 mm d&#8217;\u00e9paisseur et r\u00e9cipient en acier inoxydable <\/span><\/li>\n<li><span>grande spirale emp\u00eachant la p\u00e2te de chauffer pendant le p\u00e9trissage<\/span><\/li>\n<li><span>positions de coul\u00e9e stables pour la chaudi\u00e8re et la spirale <\/span><\/li>\n<li><span>r\u00e9ducteur et moteur con\u00e7us pour supporter une charge continue extr\u00eame <\/span><\/li>\n<li><span>r\u00e9sistant aux rayures rev\u00eatement sp\u00e9cial <\/span><\/li>\n<li><span>protection de la chaudi\u00e8re amovible <\/span><\/li>\n<li><span>changement de l&#8217;outil sans d\u00e9montage de la chaudi\u00e8re possible <\/span><\/li>\n<li><span>pieds r\u00e9glables\u00a0<\/span><\/li>\n<\/ul>\n","protected":false},"excerpt":{"rendered":"<p>aucune d\u00e9formation, m\u00eame \u00e0 pleine\u00a0charge ou utilisation bo\u00eetier en acier de 4 mm d&#8217;\u00e9paisseur et r\u00e9cipient en acier inoxydable grande<\/p>\n","protected":false},"featured_media":7114,"comment_status":"open","ping_status":"closed","template":"","meta":[],"product_brand":[],"product_cat":[369,390,375],"product_tag":[],"class_list":{"0":"post-7113","1":"product","2":"type-product","3":"status-publish","4":"has-post-thumbnail","6":"product_cat-boulangerie","7":"product_cat-batteurs-melangeurs","8":"product_cat-patisserie-et-specialistes","10":"first","11":"instock","12":"shipping-taxable","13":"product-type-simple"},"_links":{"self":[{"href":"https:\/\/www.rgequip.com\/index.php?rest_route=\/wp\/v2\/product\/7113","targetHints":{"allow":["GET"]}}],"collection":[{"href":"https:\/\/www.rgequip.com\/index.php?rest_route=\/wp\/v2\/product"}],"about":[{"href":"https:\/\/www.rgequip.com\/index.php?rest_route=\/wp\/v2\/types\/product"}],"replies":[{"embeddable":true,"href":"https:\/\/www.rgequip.com\/index.php?rest_route=%2Fwp%2Fv2%2Fcomments&post=7113"}],"version-history":[{"count":0,"href":"https:\/\/www.rgequip.com\/index.php?rest_route=\/wp\/v2\/product\/7113\/revisions"}],"wp:featuredmedia":[{"embeddable":true,"href":"https:\/\/www.rgequip.com\/index.php?rest_route=\/wp\/v2\/media\/7114"}],"wp:attachment":[{"href":"https:\/\/www.rgequip.com\/index.php?rest_route=%2Fwp%2Fv2%2Fmedia&parent=7113"}],"wp:term":[{"taxonomy":"product_brand","embeddable":true,"href":"https:\/\/www.rgequip.com\/index.php?rest_route=%2Fwp%2Fv2%2Fproduct_brand&post=7113"},{"taxonomy":"product_cat","embeddable":true,"href":"https:\/\/www.rgequip.com\/index.php?rest_route=%2Fwp%2Fv2%2Fproduct_cat&post=7113"},{"taxonomy":"product_tag","embeddable":true,"href":"https:\/\/www.rgequip.com\/index.php?rest_route=%2Fwp%2Fv2%2Fproduct_tag&post=7113"}],"curies":[{"name":"wp","href":"https:\/\/api.w.org\/{rel}","templated":true}]}}