{"id":7108,"date":"2019-08-21T00:42:13","date_gmt":"2019-08-20T22:42:13","guid":{"rendered":"https:\/\/www.rgequip.com\/?post_type=product&#038;p=7108"},"modified":"2019-08-21T00:42:14","modified_gmt":"2019-08-20T22:42:14","slug":"petrin-a-spirale-40-kg","status":"publish","type":"product","link":"https:\/\/www.rgequip.com\/?product=petrin-a-spirale-40-kg","title":{"rendered":"P\u00e9trin \u00e0 spirale 40 Kg"},"content":{"rendered":"<h2 id=\"DescriptionHeadliner\"><strong><span>Description<\/span><\/strong><\/h2>\n<p id=\"DescriptionParagraph\"><span>Le p\u00e9trin \u00e0 spirale RGE SPZ 500 t est con\u00e7u pour le p\u00e9trissage de la p\u00e2te dans les entreprises de restauration et de commerce, dans les boulangeries et les p\u00e2tisseries. L&#8217;op\u00e9rateur du m\u00e9langeur est \u00e9quip\u00e9 d&#8217;une minuterie et d&#8217;une fonction d&#8217;arr\u00eat d&#8217;urgence.\u00a0Deja tourne de mani\u00e8re synchrone avec la spirale.<\/span><\/p>\n<h2 id=\"DescriptionHeadliner\"><strong><span>Caract\u00e9ristiques principales<\/span><\/strong><\/h2>\n<p id=\"DescriptionParagraph\"><span>Le volume du bol est de 50 L.\u00a0<\/span><br \/>\n<span>La charge de la p\u00e2te est de 40 kg.\u00a0<\/span><br \/>\n<span>Nombre de vitesses: 2 vitesses.\u00a0<\/span><br \/>\n<span>Le m\u00e9canisme de levage de la t\u00eate est un faisceau\u00a0puissant\u00a0.\u00a0<\/span><br \/>\n<span>Tension 380 V\u00a0<\/span><br \/>\n<span>Puissance de 1,3 \u00e0 1,8 kW\u00a0<\/span><br \/>\n<span>Poids (avec emballage) 220 kg\u00a0<\/span><br \/>\n<span>Pays d&#8217;origine Turkey<\/span><\/p>\n<h2 id=\"DescriptionHeadliner\"><strong><span>Caract\u00e9ristiques suppl\u00e9mentaires<\/span><\/strong><\/h2>\n<p id=\"DescriptionParagraph\"><span>La taille du bol: \u00d8 500&#215;300 mm\u00a0<\/span><br \/>\n<span>40 kg de p\u00e2te: 20 kg de farine + 20 l d&#8217;eau\u00a0<\/span><br \/>\n<span>Dimensions dans l&#8217;emballage: 580x950x1030 mm\u00a0<\/span><\/p>\n","protected":false},"excerpt":{"rendered":"<p>Description Le p\u00e9trin \u00e0 spirale RGE SPZ 500 t est con\u00e7u pour le p\u00e9trissage de la p\u00e2te dans les entreprises<\/p>\n","protected":false},"featured_media":7109,"comment_status":"open","ping_status":"closed","template":"","meta":[],"product_brand":[],"product_cat":[369,376,370],"product_tag":[],"class_list":{"0":"post-7108","1":"product","2":"type-product","3":"status-publish","4":"has-post-thumbnail","6":"product_cat-boulangerie","7":"product_cat-petrins","8":"product_cat-production-de-pain","10":"first","11":"instock","12":"shipping-taxable","13":"product-type-simple"},"_links":{"self":[{"href":"https:\/\/www.rgequip.com\/index.php?rest_route=\/wp\/v2\/product\/7108","targetHints":{"allow":["GET"]}}],"collection":[{"href":"https:\/\/www.rgequip.com\/index.php?rest_route=\/wp\/v2\/product"}],"about":[{"href":"https:\/\/www.rgequip.com\/index.php?rest_route=\/wp\/v2\/types\/product"}],"replies":[{"embeddable":true,"href":"https:\/\/www.rgequip.com\/index.php?rest_route=%2Fwp%2Fv2%2Fcomments&post=7108"}],"version-history":[{"count":0,"href":"https:\/\/www.rgequip.com\/index.php?rest_route=\/wp\/v2\/product\/7108\/revisions"}],"wp:featuredmedia":[{"embeddable":true,"href":"https:\/\/www.rgequip.com\/index.php?rest_route=\/wp\/v2\/media\/7109"}],"wp:attachment":[{"href":"https:\/\/www.rgequip.com\/index.php?rest_route=%2Fwp%2Fv2%2Fmedia&parent=7108"}],"wp:term":[{"taxonomy":"product_brand","embeddable":true,"href":"https:\/\/www.rgequip.com\/index.php?rest_route=%2Fwp%2Fv2%2Fproduct_brand&post=7108"},{"taxonomy":"product_cat","embeddable":true,"href":"https:\/\/www.rgequip.com\/index.php?rest_route=%2Fwp%2Fv2%2Fproduct_cat&post=7108"},{"taxonomy":"product_tag","embeddable":true,"href":"https:\/\/www.rgequip.com\/index.php?rest_route=%2Fwp%2Fv2%2Fproduct_tag&post=7108"}],"curies":[{"name":"wp","href":"https:\/\/api.w.org\/{rel}","templated":true}]}}