{"id":7105,"date":"2019-08-21T00:32:20","date_gmt":"2019-08-20T22:32:20","guid":{"rendered":"https:\/\/www.rgequip.com\/?post_type=product&#038;p=7105"},"modified":"2019-08-21T00:35:38","modified_gmt":"2019-08-20T22:35:38","slug":"petrin-a-pate-10kg","status":"publish","type":"product","link":"https:\/\/www.rgequip.com\/?product=petrin-a-pate-10kg","title":{"rendered":"P\u00e9trin \u00e0 p\u00e2te 10kg"},"content":{"rendered":"<ul>\n<li><span><span>6 kg de farine + 4 litres d&#8217;eau, 10 kg de p\u00e2te<\/span><\/span><\/li>\n<li><span><span>Taille de la chaudi\u00e8re: \u00f8360mm h: 215mm, 17lt<\/span><\/span><\/li>\n<li><span><span>Chaudi\u00e8re, fourche, arbre de fourche et circonf\u00e9rence en acier inoxydable<\/span><\/span><\/li>\n<li><span><span>Longue dur\u00e9e de vie avec r\u00e9ducteur en fonte<\/span><\/span><\/li>\n<li><span><span>Moteur et syst\u00e8me d&#8217;entra\u00eenement compl\u00e8tement \u00e0 l&#8217;int\u00e9rieur du bo\u00eetier<\/span><\/span><\/li>\n<li><span><span>0.37kw, 220V<\/span><\/span><\/li>\n<li><span><span>Dimensions de l&#8217;emballage: 45x65x63cm, 46kg<\/span><\/span><\/li>\n<\/ul>\n","protected":false},"excerpt":{"rendered":"<p>6 kg de farine + 4 litres d&#8217;eau, 10 kg de p\u00e2te Taille de la chaudi\u00e8re: \u00f8360mm h: 215mm, 17lt<\/p>\n","protected":false},"featured_media":7106,"comment_status":"open","ping_status":"closed","template":"","meta":[],"product_brand":[],"product_cat":[369,376,370],"product_tag":[],"class_list":{"0":"post-7105","1":"product","2":"type-product","3":"status-publish","4":"has-post-thumbnail","6":"product_cat-boulangerie","7":"product_cat-petrins","8":"product_cat-production-de-pain","10":"first","11":"instock","12":"shipping-taxable","13":"product-type-simple"},"_links":{"self":[{"href":"https:\/\/www.rgequip.com\/index.php?rest_route=\/wp\/v2\/product\/7105","targetHints":{"allow":["GET"]}}],"collection":[{"href":"https:\/\/www.rgequip.com\/index.php?rest_route=\/wp\/v2\/product"}],"about":[{"href":"https:\/\/www.rgequip.com\/index.php?rest_route=\/wp\/v2\/types\/product"}],"replies":[{"embeddable":true,"href":"https:\/\/www.rgequip.com\/index.php?rest_route=%2Fwp%2Fv2%2Fcomments&post=7105"}],"version-history":[{"count":1,"href":"https:\/\/www.rgequip.com\/index.php?rest_route=\/wp\/v2\/product\/7105\/revisions"}],"predecessor-version":[{"id":7107,"href":"https:\/\/www.rgequip.com\/index.php?rest_route=\/wp\/v2\/product\/7105\/revisions\/7107"}],"wp:featuredmedia":[{"embeddable":true,"href":"https:\/\/www.rgequip.com\/index.php?rest_route=\/wp\/v2\/media\/7106"}],"wp:attachment":[{"href":"https:\/\/www.rgequip.com\/index.php?rest_route=%2Fwp%2Fv2%2Fmedia&parent=7105"}],"wp:term":[{"taxonomy":"product_brand","embeddable":true,"href":"https:\/\/www.rgequip.com\/index.php?rest_route=%2Fwp%2Fv2%2Fproduct_brand&post=7105"},{"taxonomy":"product_cat","embeddable":true,"href":"https:\/\/www.rgequip.com\/index.php?rest_route=%2Fwp%2Fv2%2Fproduct_cat&post=7105"},{"taxonomy":"product_tag","embeddable":true,"href":"https:\/\/www.rgequip.com\/index.php?rest_route=%2Fwp%2Fv2%2Fproduct_tag&post=7105"}],"curies":[{"name":"wp","href":"https:\/\/api.w.org\/{rel}","templated":true}]}}