{"id":7098,"date":"2019-08-21T00:24:06","date_gmt":"2019-08-20T22:24:06","guid":{"rendered":"https:\/\/www.rgequip.com\/?post_type=product&#038;p=7098"},"modified":"2019-08-21T00:24:07","modified_gmt":"2019-08-20T22:24:07","slug":"four-rotatif-flex-10-niveaux","status":"publish","type":"product","link":"https:\/\/www.rgequip.com\/?product=four-rotatif-flex-10-niveaux","title":{"rendered":"Four rotatif FLEX 10 niveaux"},"content":{"rendered":"<ul>\n<li>Fa\u00e7ade et panneaux int\u00e9rieures et ext\u00e9rieures en acier inox.<\/li>\n<li>Hotte aspirante en acier inox.<\/li>\n<li>Mod\u00e8les \u00e0 gaz ou \u00e0 diesel avec \u00e9changeur de chaleur en acier inox r\u00e9fractaire; version \u00e9lectrique avec r\u00e9sistances blind\u00e9es en acier inox.<\/li>\n<li>Appareil \u00e0 vapeur avec barres tiges pour une haute capacit\u00e9 de production de vapeur.<\/li>\n<li>\u00c9lectrovanne temporis\u00e9e pour pour alimenter en eau les g\u00e9n\u00e9rateurs de vapeur.<\/li>\n<li>\u00c9changeur de chaleur et panneau de commande \u00e0 gauche et ouverture de la porte de gauche \u00e0 droite ( standard ).<\/li>\n<li>Porte avec double vitrage avec joint en caoutchouc.<\/li>\n<li>Rotation du chariot \u00e0 l\u2019aide d\u2019un motor\u00e9ducteur.<\/li>\n<li>Chariot porte plaques tournante et amovible ( pas inclus ).<\/li>\n<li>Four avec crochet.<\/li>\n<li>Panneau de commande \u00e9lectrom\u00e9canique \u00e9quip\u00e9 de: thermostat digital, minuterie de cuisson avec sonnerie et minuterie de vapeur.<\/li>\n<li>Double thermostat de s\u00e9curit\u00e9, dans la chambre de cuisson et dans la chemin\u00e9e d\u2019\u00e9vacuation des fum\u00e9es.<\/li>\n<li>Canal de d\u00e9compression.<\/li>\n<\/ul>\n","protected":false},"excerpt":{"rendered":"<p>Fa\u00e7ade et panneaux int\u00e9rieures et ext\u00e9rieures en acier inox. Hotte aspirante en acier inox. Mod\u00e8les \u00e0 gaz ou \u00e0 diesel<\/p>\n","protected":false},"featured_media":7099,"comment_status":"open","ping_status":"closed","template":"","meta":[],"product_brand":[],"product_cat":[369,226,372,229,383,245],"product_tag":[],"class_list":{"0":"post-7098","1":"product","2":"type-product","3":"status-publish","4":"has-post-thumbnail","6":"product_cat-boulangerie","7":"product_cat-cuisson","8":"product_cat-cuisson-boulangerie","9":"product_cat-fours","10":"product_cat-fours-a-chariot","11":"product_cat-fours-mixtes","13":"first","14":"instock","15":"shipping-taxable","16":"product-type-simple"},"_links":{"self":[{"href":"https:\/\/www.rgequip.com\/index.php?rest_route=\/wp\/v2\/product\/7098","targetHints":{"allow":["GET"]}}],"collection":[{"href":"https:\/\/www.rgequip.com\/index.php?rest_route=\/wp\/v2\/product"}],"about":[{"href":"https:\/\/www.rgequip.com\/index.php?rest_route=\/wp\/v2\/types\/product"}],"replies":[{"embeddable":true,"href":"https:\/\/www.rgequip.com\/index.php?rest_route=%2Fwp%2Fv2%2Fcomments&post=7098"}],"version-history":[{"count":0,"href":"https:\/\/www.rgequip.com\/index.php?rest_route=\/wp\/v2\/product\/7098\/revisions"}],"wp:featuredmedia":[{"embeddable":true,"href":"https:\/\/www.rgequip.com\/index.php?rest_route=\/wp\/v2\/media\/7099"}],"wp:attachment":[{"href":"https:\/\/www.rgequip.com\/index.php?rest_route=%2Fwp%2Fv2%2Fmedia&parent=7098"}],"wp:term":[{"taxonomy":"product_brand","embeddable":true,"href":"https:\/\/www.rgequip.com\/index.php?rest_route=%2Fwp%2Fv2%2Fproduct_brand&post=7098"},{"taxonomy":"product_cat","embeddable":true,"href":"https:\/\/www.rgequip.com\/index.php?rest_route=%2Fwp%2Fv2%2Fproduct_cat&post=7098"},{"taxonomy":"product_tag","embeddable":true,"href":"https:\/\/www.rgequip.com\/index.php?rest_route=%2Fwp%2Fv2%2Fproduct_tag&post=7098"}],"curies":[{"name":"wp","href":"https:\/\/api.w.org\/{rel}","templated":true}]}}