{"id":7094,"date":"2019-08-21T00:03:05","date_gmt":"2019-08-20T22:03:05","guid":{"rendered":"https:\/\/www.rgequip.com\/?post_type=product&#038;p=7094"},"modified":"2019-08-21T10:34:20","modified_gmt":"2019-08-21T08:34:20","slug":"petrin-a-spirale-60-kg","status":"publish","type":"product","link":"https:\/\/www.rgequip.com\/?product=petrin-a-spirale-60-kg","title":{"rendered":"P\u00e9trin \u00e0 spirale 60 Kg"},"content":{"rendered":"<div><strong>P\u00e9trin \u00e0 spirale pour la pr\u00e9paration de la p\u00e2te SPZ 600, 60 kg<\/strong><\/div>\n<ul>\n<li>Le p\u00e9trin \u00e0 spirale , s&#8217;utilise pour la pr\u00e9paration de la p\u00e2te dans les cuisines de taille moyenne, les pizzerias, les fours de boulangerie et les p\u00e2tisseries.<\/li>\n<li>Le m\u00e9langeur \u00e0 spirale r\u00e9duit le temps de malaxage, ce qui permet de gagner du temps et de l&#8217;\u00e9nergie.<\/li>\n<li>La fourche en forme de spirale et le bol, mis en rotation par la force du moteur, permettent un m\u00e9lange rapide ; et plus homog\u00e8ne de la p\u00e2te.<\/li>\n<li>De m\u00eame, le bol, la spirale et la tige de m\u00e9lange \u00e9tant en contact avec les aliments; ils sont en acier inoxydable.<\/li>\n<li>Enfin, le p\u00e9trin \u00e0 spirale est durable en raison de son corps fort.<\/li>\n<\/ul>\n","protected":false},"excerpt":{"rendered":"<p>P\u00e9trin \u00e0 spirale pour la pr\u00e9paration de la p\u00e2te SPZ 600, 60 kg Le p\u00e9trin \u00e0 spirale , s&#8217;utilise pour<\/p>\n","protected":false},"featured_media":7095,"comment_status":"open","ping_status":"closed","template":"","meta":[],"product_brand":[],"product_cat":[369,376,370],"product_tag":[],"class_list":{"0":"post-7094","1":"product","2":"type-product","3":"status-publish","4":"has-post-thumbnail","6":"product_cat-boulangerie","7":"product_cat-petrins","8":"product_cat-production-de-pain","10":"first","11":"instock","12":"shipping-taxable","13":"product-type-simple"},"_links":{"self":[{"href":"https:\/\/www.rgequip.com\/index.php?rest_route=\/wp\/v2\/product\/7094","targetHints":{"allow":["GET"]}}],"collection":[{"href":"https:\/\/www.rgequip.com\/index.php?rest_route=\/wp\/v2\/product"}],"about":[{"href":"https:\/\/www.rgequip.com\/index.php?rest_route=\/wp\/v2\/types\/product"}],"replies":[{"embeddable":true,"href":"https:\/\/www.rgequip.com\/index.php?rest_route=%2Fwp%2Fv2%2Fcomments&post=7094"}],"version-history":[{"count":0,"href":"https:\/\/www.rgequip.com\/index.php?rest_route=\/wp\/v2\/product\/7094\/revisions"}],"wp:featuredmedia":[{"embeddable":true,"href":"https:\/\/www.rgequip.com\/index.php?rest_route=\/wp\/v2\/media\/7095"}],"wp:attachment":[{"href":"https:\/\/www.rgequip.com\/index.php?rest_route=%2Fwp%2Fv2%2Fmedia&parent=7094"}],"wp:term":[{"taxonomy":"product_brand","embeddable":true,"href":"https:\/\/www.rgequip.com\/index.php?rest_route=%2Fwp%2Fv2%2Fproduct_brand&post=7094"},{"taxonomy":"product_cat","embeddable":true,"href":"https:\/\/www.rgequip.com\/index.php?rest_route=%2Fwp%2Fv2%2Fproduct_cat&post=7094"},{"taxonomy":"product_tag","embeddable":true,"href":"https:\/\/www.rgequip.com\/index.php?rest_route=%2Fwp%2Fv2%2Fproduct_tag&post=7094"}],"curies":[{"name":"wp","href":"https:\/\/api.w.org\/{rel}","templated":true}]}}