{"id":7092,"date":"2019-08-20T23:55:26","date_gmt":"2019-08-20T21:55:26","guid":{"rendered":"https:\/\/www.rgequip.com\/?post_type=product&#038;p=7092"},"modified":"2019-08-20T23:55:27","modified_gmt":"2019-08-20T21:55:27","slug":"petrin-a-pate-30kg-2-vitesses","status":"publish","type":"product","link":"https:\/\/www.rgequip.com\/?product=petrin-a-pate-30kg-2-vitesses","title":{"rendered":"P\u00e9trin \u00e0 p\u00e2te 30kg 2 vitesses"},"content":{"rendered":"<ul>\n<li><span>18 kg de farine + 12 litres d&#8217;eau, 30 kg de p\u00e2te<\/span><\/li>\n<li><span>Taille de la chaudi\u00e8re: \u00f8500mm h: 270mm, 42lt<\/span><\/li>\n<li><span>Chaudi\u00e8re, fourche, arbre de fourche et circonf\u00e9rence en acier inoxydable<\/span><\/li>\n<li><span>Longue dur\u00e9e de vie avec r\u00e9ducteur en fonte<\/span><\/li>\n<li><span>Moteur et syst\u00e8me d&#8217;entra\u00eenement compl\u00e8tement \u00e0 l&#8217;int\u00e9rieur du bo\u00eetier<\/span><\/li>\n<li><span>1,1kw, 220V<\/span><\/li>\n<li><span>Dimensions de la machine: 57x88x94cm<\/span><\/li>\n<li><span>Dimensions de l&#8217;emballage: 61x87x97cm, 98kg<\/span><\/li>\n<\/ul>\n","protected":false},"excerpt":{"rendered":"<p>18 kg de farine + 12 litres d&#8217;eau, 30 kg de p\u00e2te Taille de la chaudi\u00e8re: \u00f8500mm h: 270mm, 42lt<\/p>\n","protected":false},"featured_media":7093,"comment_status":"open","ping_status":"closed","template":"","meta":[],"product_brand":[],"product_cat":[369,376,370],"product_tag":[],"class_list":{"0":"post-7092","1":"product","2":"type-product","3":"status-publish","4":"has-post-thumbnail","6":"product_cat-boulangerie","7":"product_cat-petrins","8":"product_cat-production-de-pain","10":"first","11":"instock","12":"shipping-taxable","13":"product-type-simple"},"_links":{"self":[{"href":"https:\/\/www.rgequip.com\/index.php?rest_route=\/wp\/v2\/product\/7092","targetHints":{"allow":["GET"]}}],"collection":[{"href":"https:\/\/www.rgequip.com\/index.php?rest_route=\/wp\/v2\/product"}],"about":[{"href":"https:\/\/www.rgequip.com\/index.php?rest_route=\/wp\/v2\/types\/product"}],"replies":[{"embeddable":true,"href":"https:\/\/www.rgequip.com\/index.php?rest_route=%2Fwp%2Fv2%2Fcomments&post=7092"}],"version-history":[{"count":0,"href":"https:\/\/www.rgequip.com\/index.php?rest_route=\/wp\/v2\/product\/7092\/revisions"}],"wp:featuredmedia":[{"embeddable":true,"href":"https:\/\/www.rgequip.com\/index.php?rest_route=\/wp\/v2\/media\/7093"}],"wp:attachment":[{"href":"https:\/\/www.rgequip.com\/index.php?rest_route=%2Fwp%2Fv2%2Fmedia&parent=7092"}],"wp:term":[{"taxonomy":"product_brand","embeddable":true,"href":"https:\/\/www.rgequip.com\/index.php?rest_route=%2Fwp%2Fv2%2Fproduct_brand&post=7092"},{"taxonomy":"product_cat","embeddable":true,"href":"https:\/\/www.rgequip.com\/index.php?rest_route=%2Fwp%2Fv2%2Fproduct_cat&post=7092"},{"taxonomy":"product_tag","embeddable":true,"href":"https:\/\/www.rgequip.com\/index.php?rest_route=%2Fwp%2Fv2%2Fproduct_tag&post=7092"}],"curies":[{"name":"wp","href":"https:\/\/api.w.org\/{rel}","templated":true}]}}