{"id":7087,"date":"2019-08-20T23:41:17","date_gmt":"2019-08-20T21:41:17","guid":{"rendered":"https:\/\/www.rgequip.com\/?post_type=product&#038;p=7087"},"modified":"2019-08-20T23:47:35","modified_gmt":"2019-08-20T21:47:35","slug":"petrin-a-fourche","status":"publish","type":"product","link":"https:\/\/www.rgequip.com\/?product=petrin-a-fourche","title":{"rendered":"P\u00e9trin \u00e0 fourche 200 Kg"},"content":{"rendered":"<div class=\"section-product-info-header\">\n<h1 class=\"section-product-info-header-title color-dark\">P\u00e9trin \u00e0 fourche<\/h1>\n<p class=\"section-product-info-header-subtitle color-dark\">Le p\u00e9trin \u00e0 fourche de RGE est l\u2019option choisie par les professionnels artisans qui sont conscients de l\u2019importance du p\u00e9trissage dans le processus global de panification, lorsque l\u2019objectif est la qualit\u00e9 maximale du produit. Il s\u2019agit d\u2019un syst\u00e8me de p\u00e9trissage bas\u00e9 sur le mouvement de rotation et de pression exerc\u00e9 sur la p\u00e2te par une fourche en position oblique. Il incorpore un frein manuel qui agit sur la vitesse de rotation de la cuve, qui tourne librement en raison du frottement de la p\u00e2te avec la cuve.<\/p>\n<\/div>\n<div class=\"section-product-info-details\">\n<p class=\"subtitle\"><strong>ROBUSTESSE<\/strong><\/p>\n<p>Un \u00e9quipement infatigable \u00e0 usage continu.<\/p>\n<p class=\"subtitle\"><strong>S\u00c9CURIT\u00c9<\/strong><\/p>\n<p>Des mesures de s\u00e9curit\u00e9 incorpor\u00e9es pour obtenir une machine avec une grande production et totalement sure.<\/p>\n<p class=\"subtitle\"><strong>CONFORT D\u2019UTILISATION<\/strong><\/p>\n<p>Enfin, facilit\u00e9 d\u2019utilisation et simplicit\u00e9 des panneaux de commande.<\/p>\n<p>&nbsp;<\/p>\n<\/div>\n","protected":false},"excerpt":{"rendered":"<p>P\u00e9trin \u00e0 fourche Le p\u00e9trin \u00e0 fourche de RGE est l\u2019option choisie par les professionnels artisans qui sont conscients de<\/p>\n","protected":false},"featured_media":7089,"comment_status":"open","ping_status":"closed","template":"","meta":[],"product_brand":[],"product_cat":[369,376,370],"product_tag":[],"class_list":{"0":"post-7087","1":"product","2":"type-product","3":"status-publish","4":"has-post-thumbnail","6":"product_cat-boulangerie","7":"product_cat-petrins","8":"product_cat-production-de-pain","10":"first","11":"instock","12":"shipping-taxable","13":"product-type-simple"},"_links":{"self":[{"href":"https:\/\/www.rgequip.com\/index.php?rest_route=\/wp\/v2\/product\/7087","targetHints":{"allow":["GET"]}}],"collection":[{"href":"https:\/\/www.rgequip.com\/index.php?rest_route=\/wp\/v2\/product"}],"about":[{"href":"https:\/\/www.rgequip.com\/index.php?rest_route=\/wp\/v2\/types\/product"}],"replies":[{"embeddable":true,"href":"https:\/\/www.rgequip.com\/index.php?rest_route=%2Fwp%2Fv2%2Fcomments&post=7087"}],"version-history":[{"count":1,"href":"https:\/\/www.rgequip.com\/index.php?rest_route=\/wp\/v2\/product\/7087\/revisions"}],"predecessor-version":[{"id":7091,"href":"https:\/\/www.rgequip.com\/index.php?rest_route=\/wp\/v2\/product\/7087\/revisions\/7091"}],"wp:featuredmedia":[{"embeddable":true,"href":"https:\/\/www.rgequip.com\/index.php?rest_route=\/wp\/v2\/media\/7089"}],"wp:attachment":[{"href":"https:\/\/www.rgequip.com\/index.php?rest_route=%2Fwp%2Fv2%2Fmedia&parent=7087"}],"wp:term":[{"taxonomy":"product_brand","embeddable":true,"href":"https:\/\/www.rgequip.com\/index.php?rest_route=%2Fwp%2Fv2%2Fproduct_brand&post=7087"},{"taxonomy":"product_cat","embeddable":true,"href":"https:\/\/www.rgequip.com\/index.php?rest_route=%2Fwp%2Fv2%2Fproduct_cat&post=7087"},{"taxonomy":"product_tag","embeddable":true,"href":"https:\/\/www.rgequip.com\/index.php?rest_route=%2Fwp%2Fv2%2Fproduct_tag&post=7087"}],"curies":[{"name":"wp","href":"https:\/\/api.w.org\/{rel}","templated":true}]}}