{"id":7073,"date":"2019-08-20T16:50:52","date_gmt":"2019-08-20T14:50:52","guid":{"rendered":"https:\/\/www.rgequip.com\/?post_type=product&#038;p=7073"},"modified":"2019-08-20T16:50:53","modified_gmt":"2019-08-20T14:50:53","slug":"vitrine-refrigeree-4-faces-vitrees-negative","status":"publish","type":"product","link":"https:\/\/www.rgequip.com\/?product=vitrine-refrigeree-4-faces-vitrees-negative","title":{"rendered":"Vitrine r\u00e9frig\u00e9r\u00e9e 4 faces vitr\u00e9es n\u00e9gative"},"content":{"rendered":"<div>Cette vitrine poss\u00e8de une structure en acier inoxydable et 4 faces vitr\u00e9es avec vitrage renforc\u00e9 pour une parfaite isolation ;et une consommation d\u2019\u00e9nergie r\u00e9duite.<\/div>\n<div>Il poss\u00e8de un \u00e9clairage LED, de grilles et de roulettes pivotantes.<\/div>\n<div>Cette vitrine supporte une temp\u00e9rature ambiante de +33\u00b0C et son gaz r\u00e9frig\u00e9rant est du R452a.<\/div>\n","protected":false},"excerpt":{"rendered":"<p>Cette vitrine poss\u00e8de une structure en acier inoxydable et 4 faces vitr\u00e9es avec vitrage renforc\u00e9 pour une parfaite isolation ;et<\/p>\n","protected":false},"featured_media":7074,"comment_status":"open","ping_status":"closed","template":"","meta":[],"product_brand":[],"product_cat":[369,373,268,290,272,386],"product_tag":[],"class_list":{"0":"post-7073","1":"product","2":"type-product","3":"status-publish","4":"has-post-thumbnail","6":"product_cat-boulangerie","7":"product_cat-espaces-de-vente","8":"product_cat-froids","9":"product_cat-v-murale","10":"product_cat-vitrines","11":"product_cat-vitrines-espaces-de-vente","13":"first","14":"instock","15":"shipping-taxable","16":"product-type-simple"},"_links":{"self":[{"href":"https:\/\/www.rgequip.com\/index.php?rest_route=\/wp\/v2\/product\/7073","targetHints":{"allow":["GET"]}}],"collection":[{"href":"https:\/\/www.rgequip.com\/index.php?rest_route=\/wp\/v2\/product"}],"about":[{"href":"https:\/\/www.rgequip.com\/index.php?rest_route=\/wp\/v2\/types\/product"}],"replies":[{"embeddable":true,"href":"https:\/\/www.rgequip.com\/index.php?rest_route=%2Fwp%2Fv2%2Fcomments&post=7073"}],"version-history":[{"count":0,"href":"https:\/\/www.rgequip.com\/index.php?rest_route=\/wp\/v2\/product\/7073\/revisions"}],"wp:featuredmedia":[{"embeddable":true,"href":"https:\/\/www.rgequip.com\/index.php?rest_route=\/wp\/v2\/media\/7074"}],"wp:attachment":[{"href":"https:\/\/www.rgequip.com\/index.php?rest_route=%2Fwp%2Fv2%2Fmedia&parent=7073"}],"wp:term":[{"taxonomy":"product_brand","embeddable":true,"href":"https:\/\/www.rgequip.com\/index.php?rest_route=%2Fwp%2Fv2%2Fproduct_brand&post=7073"},{"taxonomy":"product_cat","embeddable":true,"href":"https:\/\/www.rgequip.com\/index.php?rest_route=%2Fwp%2Fv2%2Fproduct_cat&post=7073"},{"taxonomy":"product_tag","embeddable":true,"href":"https:\/\/www.rgequip.com\/index.php?rest_route=%2Fwp%2Fv2%2Fproduct_tag&post=7073"}],"curies":[{"name":"wp","href":"https:\/\/api.w.org\/{rel}","templated":true}]}}