{"id":7064,"date":"2019-08-20T16:34:25","date_gmt":"2019-08-20T14:34:25","guid":{"rendered":"https:\/\/www.rgequip.com\/?post_type=product&#038;p=7064"},"modified":"2019-08-20T16:34:26","modified_gmt":"2019-08-20T14:34:26","slug":"diviseuse-hydraulique-20-divisions","status":"publish","type":"product","link":"https:\/\/www.rgequip.com\/?product=diviseuse-hydraulique-20-divisions","title":{"rendered":"Diviseuse hydraulique 20 divisions"},"content":{"rendered":"<h2>Diviseuse hydraulique<\/h2>\n<div class=\"info\">Silencieuse (-65db)<\/div>\n<div class=\"info\">Productivit\u00e9 accrue<\/div>\n<div class=\"info\">Nettoyage simplifi\u00e9<\/div>\n<p>La<strong>\u00a0Div<\/strong>\u00a0et la\u00a0<strong>Div-R<\/strong> forment notre gamme diviseuse hydraulique.Disponibles en version carr\u00e9e (cuve inox) ou ronde (cuve fonte d\u2019acier), elles permettent de diviser votre p\u00e2te en 20 portions 100 grammes jusqu\u2019\u00e0 900 grammes. La version carr\u00e9e est disponible avec l\u2019option 10\/20 qui permet de diviser 10 gros p\u00e2tons de 1800 gr maximum.<br \/>\nLe mod\u00e8le\u00a0<strong>Div-R<\/strong>\u00a0poss\u00e8de un r\u00e9glage de pression permettant de s\u2019adapter aux p\u00e2tes peu ou fortement hydrat\u00e9es en assurant le meilleur respect de votre produit. Elle b\u00e9n\u00e9ficie \u00e9galement d\u2019un syst\u00e8me de r\u00e9cup\u00e9ration des poussi\u00e8res de farine afin de vous offrir les meilleures conditions de travail.<\/p>\n","protected":false},"excerpt":{"rendered":"<p>Diviseuse hydraulique Silencieuse (-65db) Productivit\u00e9 accrue Nettoyage simplifi\u00e9 La\u00a0Div\u00a0et la\u00a0Div-R forment notre gamme diviseuse hydraulique.Disponibles en version carr\u00e9e (cuve inox)<\/p>\n","protected":false},"featured_media":7066,"comment_status":"open","ping_status":"closed","template":"","meta":[],"product_brand":[],"product_cat":[369,377,370],"product_tag":[],"class_list":{"0":"post-7064","1":"product","2":"type-product","3":"status-publish","4":"has-post-thumbnail","6":"product_cat-boulangerie","7":"product_cat-diviseuses","8":"product_cat-production-de-pain","10":"first","11":"instock","12":"shipping-taxable","13":"product-type-simple"},"_links":{"self":[{"href":"https:\/\/www.rgequip.com\/index.php?rest_route=\/wp\/v2\/product\/7064","targetHints":{"allow":["GET"]}}],"collection":[{"href":"https:\/\/www.rgequip.com\/index.php?rest_route=\/wp\/v2\/product"}],"about":[{"href":"https:\/\/www.rgequip.com\/index.php?rest_route=\/wp\/v2\/types\/product"}],"replies":[{"embeddable":true,"href":"https:\/\/www.rgequip.com\/index.php?rest_route=%2Fwp%2Fv2%2Fcomments&post=7064"}],"version-history":[{"count":1,"href":"https:\/\/www.rgequip.com\/index.php?rest_route=\/wp\/v2\/product\/7064\/revisions"}],"predecessor-version":[{"id":7146,"href":"https:\/\/www.rgequip.com\/index.php?rest_route=\/wp\/v2\/product\/7064\/revisions\/7146"}],"wp:featuredmedia":[{"embeddable":true,"href":"https:\/\/www.rgequip.com\/index.php?rest_route=\/wp\/v2\/media\/7066"}],"wp:attachment":[{"href":"https:\/\/www.rgequip.com\/index.php?rest_route=%2Fwp%2Fv2%2Fmedia&parent=7064"}],"wp:term":[{"taxonomy":"product_brand","embeddable":true,"href":"https:\/\/www.rgequip.com\/index.php?rest_route=%2Fwp%2Fv2%2Fproduct_brand&post=7064"},{"taxonomy":"product_cat","embeddable":true,"href":"https:\/\/www.rgequip.com\/index.php?rest_route=%2Fwp%2Fv2%2Fproduct_cat&post=7064"},{"taxonomy":"product_tag","embeddable":true,"href":"https:\/\/www.rgequip.com\/index.php?rest_route=%2Fwp%2Fv2%2Fproduct_tag&post=7064"}],"curies":[{"name":"wp","href":"https:\/\/api.w.org\/{rel}","templated":true}]}}