{"id":7061,"date":"2019-08-20T16:07:37","date_gmt":"2019-08-20T14:07:37","guid":{"rendered":"https:\/\/www.rgequip.com\/?post_type=product&#038;p=7061"},"modified":"2019-08-20T16:07:38","modified_gmt":"2019-08-20T14:07:38","slug":"petrin-a-spirale-160-kg-de-pates","status":"publish","type":"product","link":"https:\/\/www.rgequip.com\/?product=petrin-a-spirale-160-kg-de-pates","title":{"rendered":"P\u00e9trin \u00e0 spirale 160 kg de p\u00e2tes"},"content":{"rendered":"<h3><strong>P\u00e9trin \u00e0 spirale automatique<\/strong><\/h3>\n<p>Adapt\u00e9 pour p\u00e2te avec hydratation au dessus du 55%.<br \/>\nAussi, le p\u00e9trin \u00e0 spirale automatique mod\u00e8le SP601 est la machine id\u00e9ale pour les boulangeries et pour les patisseries .<br \/>\nDe m\u00eame, la capacit\u00e9 de p\u00e2te est de 160 kg<br \/>\nEnfin, il est fabriqu\u00e9 en acier d&#8217;une \u00e9paisseur importante et avec des composants m\u00e9caniques fortement fiables et robustes pour un usage continu.<\/p>\n<h3><strong>Caract\u00e9ristiques techniques<\/strong><\/h3>\n<ul>\n<li><span>Colonne en acier inoxydable \u00e0 haute r\u00e9sistance pour cuve et spirale.<\/span><\/li>\n<li><span>Grille de protection en acier inoxydable.<\/span><\/li>\n<li><span>Deux vitesses de p\u00e2te r\u00e9glables automatiquement.<\/span><\/li>\n<li><span>Deux minuteries \u00e9lectroniques pour la gestion automatique de la vitesse de m\u00e9lange.<\/span><\/li>\n<li><span>Transmission par courroies trap\u00e9zo\u00efdales pour un maximum de silence.<\/span><\/li>\n<li><span>Pieds d&#8217;appui avant r\u00e9glables en acier inoxydable.<\/span><\/li>\n<li><span>Roues arri\u00e8re pour une manipulation facile.<\/span><\/li>\n<\/ul>\n","protected":false},"excerpt":{"rendered":"<p>P\u00e9trin \u00e0 spirale automatique Adapt\u00e9 pour p\u00e2te avec hydratation au dessus du 55%. Aussi, le p\u00e9trin \u00e0 spirale automatique mod\u00e8le<\/p>\n","protected":false},"featured_media":7062,"comment_status":"open","ping_status":"closed","template":"","meta":[],"product_brand":[],"product_cat":[369,376,370],"product_tag":[],"class_list":{"0":"post-7061","1":"product","2":"type-product","3":"status-publish","4":"has-post-thumbnail","6":"product_cat-boulangerie","7":"product_cat-petrins","8":"product_cat-production-de-pain","10":"first","11":"instock","12":"shipping-taxable","13":"product-type-simple"},"_links":{"self":[{"href":"https:\/\/www.rgequip.com\/index.php?rest_route=\/wp\/v2\/product\/7061","targetHints":{"allow":["GET"]}}],"collection":[{"href":"https:\/\/www.rgequip.com\/index.php?rest_route=\/wp\/v2\/product"}],"about":[{"href":"https:\/\/www.rgequip.com\/index.php?rest_route=\/wp\/v2\/types\/product"}],"replies":[{"embeddable":true,"href":"https:\/\/www.rgequip.com\/index.php?rest_route=%2Fwp%2Fv2%2Fcomments&post=7061"}],"version-history":[{"count":0,"href":"https:\/\/www.rgequip.com\/index.php?rest_route=\/wp\/v2\/product\/7061\/revisions"}],"wp:featuredmedia":[{"embeddable":true,"href":"https:\/\/www.rgequip.com\/index.php?rest_route=\/wp\/v2\/media\/7062"}],"wp:attachment":[{"href":"https:\/\/www.rgequip.com\/index.php?rest_route=%2Fwp%2Fv2%2Fmedia&parent=7061"}],"wp:term":[{"taxonomy":"product_brand","embeddable":true,"href":"https:\/\/www.rgequip.com\/index.php?rest_route=%2Fwp%2Fv2%2Fproduct_brand&post=7061"},{"taxonomy":"product_cat","embeddable":true,"href":"https:\/\/www.rgequip.com\/index.php?rest_route=%2Fwp%2Fv2%2Fproduct_cat&post=7061"},{"taxonomy":"product_tag","embeddable":true,"href":"https:\/\/www.rgequip.com\/index.php?rest_route=%2Fwp%2Fv2%2Fproduct_tag&post=7061"}],"curies":[{"name":"wp","href":"https:\/\/api.w.org\/{rel}","templated":true}]}}