{"id":7015,"date":"2021-04-13T15:48:41","date_gmt":"2021-04-13T13:48:41","guid":{"rendered":"https:\/\/www.rgequip.com\/?post_type=product&#038;p=7015"},"modified":"2021-05-28T12:49:15","modified_gmt":"2021-05-28T10:49:15","slug":"char-grill-double-electrique-lise","status":"publish","type":"product","link":"https:\/\/www.rgequip.com\/?product=char-grill-double-electrique-lise","title":{"rendered":"GRILL \u00c9LECTRIQUE LISSE"},"content":{"rendered":"<div>&#8211; La capacit\u00e9 de cuisson maximale de tous les grils est con\u00e7ue pour cr\u00e9er une temp\u00e9rature de surface de cuisson uniforme et d&#8217;excellentes performances de cuisson.<\/div>\n<div><\/div>\n<div>&#8211; Les grils sont \u00e9quip\u00e9s en standard d&#8217;une surface de cuisson en acier satin\u00e9 de 8 mm d&#8217;\u00e9paisseur.\u00a0En option, chrome dur plaqu\u00e9 sur la surface de cuisson.\u00a0Les surfaces chrom\u00e9es dures assurent une hygi\u00e8ne maximale et facilitent le nettoyage.<\/div>\n<div><\/div>\n<div>&#8211; Gr\u00e2ce au grand trou de vidange d&#8217;huile, les huiles us\u00e9es g\u00e9n\u00e9r\u00e9es pendant la cuisson sont facilement transf\u00e9r\u00e9es dans le compartiment d&#8217;huile de 1 litre.\u00a0Le compartiment d&#8217;huile peut \u00eatre facilement retir\u00e9 de l&#8217;avant de l&#8217;appareil.<\/div>\n<div><\/div>\n<div>&#8211; Il y a des appareils de chauffage sp\u00e9ciaux en acier inoxydable sous la surface de cuisson.\u00a0Les appareils de chauffage sp\u00e9cialement con\u00e7us assurent une surface de cuisson homog\u00e8ne.\u00a0Les appareils de chauffage atteignent rapidement la temp\u00e9rature de surface souhait\u00e9e.<\/div>\n<div><\/div>\n<div>&#8211; La temp\u00e9rature de la zone de cuisson peut \u00eatre r\u00e9gl\u00e9e entre 50 et 300 degr\u00e9s avec le contr\u00f4le du thermostat.<\/div>\n<div><\/div>\n<div>&#8211; Dans les mod\u00e8les doubles, la temp\u00e9rature de la surface de cuisson est contr\u00f4l\u00e9e par 2 thermostats distincts.\u00a0Ainsi, la temp\u00e9rature de la surface de cuisson est fournie \u00e0 deux temp\u00e9ratures diff\u00e9rentes.<\/div>\n<div><\/div>\n<div>&#8211; Offre de nombreuses possibilit\u00e9s de cuisson gr\u00e2ce aux surfaces de cuisson plates et ondul\u00e9es.<\/div>\n<div><\/div>\n<div>&#8211; Les surfaces de cuisson polies, chrom\u00e9es et dures, qui dissipent moins de chaleur dans l&#8217;environnement d&#8217;utilisation et offrent une r\u00e9sistance \u00e9lev\u00e9e aux rayures, peuvent \u00eatre pr\u00e9f\u00e9r\u00e9es sur tous les mod\u00e8les de gril.<\/div>\n","protected":false},"excerpt":{"rendered":"<ul>\n<li>Plaque sup\u00e9rieure en chrome dur de 10 mm d&#8217;\u00e9paisseur<\/li>\n<li>Bords relev\u00e9s sur 3 c\u00f4t\u00e9s de la plaque<\/li>\n<li>Ch\u00e2ssis en inox<\/li>\n<li>R\u00e9glage de la temp\u00e9rature de 50 \u00e0 300\u00b0C<\/li>\n<li>Thermostat de r\u00e9gulation du niveau de chauffe<\/li>\n<li>Tiroir de r\u00e9cup\u00e9ration des jus<\/li>\n<li>Bouton d&#8217;allumage Marche \/ Arr\u00eat<\/li>\n<li>Alimentation : Gaz<\/li>\n<\/ul>\n","protected":false},"featured_media":18883,"comment_status":"open","ping_status":"closed","template":"","meta":[],"product_brand":[],"product_cat":[226,227,238],"product_tag":[],"class_list":{"0":"post-7015","1":"product","2":"type-product","3":"status-publish","4":"has-post-thumbnail","6":"product_cat-cuisson","7":"product_cat-fourneaux","8":"product_cat-series-600-650","10":"first","11":"instock","12":"shipping-taxable","13":"product-type-simple"},"_links":{"self":[{"href":"https:\/\/www.rgequip.com\/index.php?rest_route=\/wp\/v2\/product\/7015","targetHints":{"allow":["GET"]}}],"collection":[{"href":"https:\/\/www.rgequip.com\/index.php?rest_route=\/wp\/v2\/product"}],"about":[{"href":"https:\/\/www.rgequip.com\/index.php?rest_route=\/wp\/v2\/types\/product"}],"replies":[{"embeddable":true,"href":"https:\/\/www.rgequip.com\/index.php?rest_route=%2Fwp%2Fv2%2Fcomments&post=7015"}],"version-history":[{"count":0,"href":"https:\/\/www.rgequip.com\/index.php?rest_route=\/wp\/v2\/product\/7015\/revisions"}],"wp:featuredmedia":[{"embeddable":true,"href":"https:\/\/www.rgequip.com\/index.php?rest_route=\/wp\/v2\/media\/18883"}],"wp:attachment":[{"href":"https:\/\/www.rgequip.com\/index.php?rest_route=%2Fwp%2Fv2%2Fmedia&parent=7015"}],"wp:term":[{"taxonomy":"product_brand","embeddable":true,"href":"https:\/\/www.rgequip.com\/index.php?rest_route=%2Fwp%2Fv2%2Fproduct_brand&post=7015"},{"taxonomy":"product_cat","embeddable":true,"href":"https:\/\/www.rgequip.com\/index.php?rest_route=%2Fwp%2Fv2%2Fproduct_cat&post=7015"},{"taxonomy":"product_tag","embeddable":true,"href":"https:\/\/www.rgequip.com\/index.php?rest_route=%2Fwp%2Fv2%2Fproduct_tag&post=7015"}],"curies":[{"name":"wp","href":"https:\/\/api.w.org\/{rel}","templated":true}]}}