{"id":7006,"date":"2019-08-19T15:43:35","date_gmt":"2019-08-19T13:43:35","guid":{"rendered":"https:\/\/www.rgequip.com\/?post_type=product&#038;p=7006"},"modified":"2019-08-19T16:24:38","modified_gmt":"2019-08-19T14:24:38","slug":"chargrill-gaz","status":"publish","type":"product","link":"https:\/\/www.rgequip.com\/?product=chargrill-gaz","title":{"rendered":"Chargrill, gaz"},"content":{"rendered":"<div>&#8211; La temp\u00e9rature de surface peut \u00eatre contr\u00f4l\u00e9e au niveau souhait\u00e9 au moyen de vannes \u00e0 gaz situ\u00e9es sous la surface de cuisson du moulage.<\/div>\n<div><\/div>\n<div>&#8211; Les grilles en fonte sur la surface de cuisson sont facilement amovibles.\u00a0Cette fonctionnalit\u00e9 facilite le nettoyage et la maintenance.<\/div>\n<div><\/div>\n<div>&#8211; Les grilles en fonte de conception sp\u00e9ciale, d&#8217;une largeur de 130 mm, conviennent \u00e0 une utilisation sur les deux faces.\u00a0Avec le r\u00e9glage de niveau, la cuisson peut \u00eatre faite au niveau souhait\u00e9.<\/div>\n<div><\/div>\n<div>&#8211; La plaque de protection en acier inoxydable est facile \u00e0 retirer et convient au lavage en lave-vaisselle.\u00a0Cette fonctionnalit\u00e9 r\u00e9duit le temps de nettoyage.<\/div>\n<div><\/div>\n<div>&#8211; Le r\u00e9servoir d&#8217;huile us\u00e9e est situ\u00e9 sous la surface de cuisson de l&#8217;appareil.\u00a0Les huiles usag\u00e9es et les particules qui en r\u00e9sultent sont collect\u00e9es dans le r\u00e9servoir.\u00a0Ainsi, la facilit\u00e9 de nettoyage et d&#8217;entretien est fournie.\u00a0L&#8217;huile us\u00e9e peut \u00eatre facilement retir\u00e9e de l&#8217;avant.<\/div>\n<div><\/div>\n<div>&#8211; Des coupe-flammes en fonte tr\u00e8s r\u00e9sistante sont disponibles sur le br\u00fbleur.<\/div>\n<div><\/div>\n<div>&#8211; L&#8217;huile en exc\u00e8s s&#8217;\u00e9coule de la grille de cuisson vers la chambre \u00e0 huile.\u00a0Cela emp\u00eache l&#8217;huile de prendre feu.<\/div>\n<div><\/div>\n","protected":false},"excerpt":{"rendered":"<p>&#8211; La temp\u00e9rature de surface peut \u00eatre contr\u00f4l\u00e9e au niveau souhait\u00e9 au moyen de vannes \u00e0 gaz situ\u00e9es sous la<\/p>\n","protected":false},"featured_media":7007,"comment_status":"open","ping_status":"closed","template":"","meta":[],"product_brand":[],"product_cat":[226,227,238],"product_tag":[],"class_list":{"0":"post-7006","1":"product","2":"type-product","3":"status-publish","4":"has-post-thumbnail","6":"product_cat-cuisson","7":"product_cat-fourneaux","8":"product_cat-series-600-650","10":"first","11":"instock","12":"shipping-taxable","13":"product-type-simple"},"_links":{"self":[{"href":"https:\/\/www.rgequip.com\/index.php?rest_route=\/wp\/v2\/product\/7006","targetHints":{"allow":["GET"]}}],"collection":[{"href":"https:\/\/www.rgequip.com\/index.php?rest_route=\/wp\/v2\/product"}],"about":[{"href":"https:\/\/www.rgequip.com\/index.php?rest_route=\/wp\/v2\/types\/product"}],"replies":[{"embeddable":true,"href":"https:\/\/www.rgequip.com\/index.php?rest_route=%2Fwp%2Fv2%2Fcomments&post=7006"}],"version-history":[{"count":0,"href":"https:\/\/www.rgequip.com\/index.php?rest_route=\/wp\/v2\/product\/7006\/revisions"}],"wp:featuredmedia":[{"embeddable":true,"href":"https:\/\/www.rgequip.com\/index.php?rest_route=\/wp\/v2\/media\/7007"}],"wp:attachment":[{"href":"https:\/\/www.rgequip.com\/index.php?rest_route=%2Fwp%2Fv2%2Fmedia&parent=7006"}],"wp:term":[{"taxonomy":"product_brand","embeddable":true,"href":"https:\/\/www.rgequip.com\/index.php?rest_route=%2Fwp%2Fv2%2Fproduct_brand&post=7006"},{"taxonomy":"product_cat","embeddable":true,"href":"https:\/\/www.rgequip.com\/index.php?rest_route=%2Fwp%2Fv2%2Fproduct_cat&post=7006"},{"taxonomy":"product_tag","embeddable":true,"href":"https:\/\/www.rgequip.com\/index.php?rest_route=%2Fwp%2Fv2%2Fproduct_tag&post=7006"}],"curies":[{"name":"wp","href":"https:\/\/api.w.org\/{rel}","templated":true}]}}